{"id":1078,"date":"2017-05-07T18:30:10","date_gmt":"2017-05-07T16:30:10","guid":{"rendered":"http:\/\/www.ntnm-bib.de\/renseignements-services\/faq-frequently-asked-questions\/?lang=fr"},"modified":"2026-03-01T11:07:11","modified_gmt":"2026-03-01T10:07:11","slug":"foire-aux-questions","status":"publish","type":"page","link":"https:\/\/www.ntnm-bib.de\/fr\/renseignements-services\/foire-aux-questions\/","title":{"rendered":"Foire aux questions"},"content":{"rendered":"<ul class=\"accordion\" data-accordion data-allow-all-closed=\"true\">\t\t\t\t\t<div class=\"accordion-item\" data-accordion-item>\n\t\t\t\t\t\t<a href=\"#\" class=\"accordion-title\">Questions g\u00e9n\u00e9rales<\/a>\n\t\t\t\t\t\t<div class=\"accordion-content\" data-tab-content>\n\t\t\t\t\t\t\t<p><strong>Que signifie NTNM ?<\/strong><br \/>\nC\u2019est l\u2019abr\u00e9viation allemande pour N=Naturwissenschaft (Sciences naturelles), T=Technik (Technique) et N M = Neue Materialien (nouveaux mat\u00e9riaux).<br \/>\nLa biblioth\u00e8que NTNM r\u00e9unit sous un m\u00eame toit la biblioth\u00e8que des Sciences et Techniques de l\u2019Universit\u00e9 de la Sarre et celle de l\u2019Institut Leibniz de recherche sur les nouveaux mat\u00e9riaux (INM \/ Institut f\u00fcr Neue Materialien).<\/p>\n<p><strong>Comment contacter la biblioth\u00e8que NTNM?<\/strong><\/p>\n<ul>\n<li>par courriel: <a href=\"mailto:info@ntnm-bib.de\">info@ntnm-bib.de<\/a><\/li>\n<li>par t\u00e9l\u00e9phone: +49(0)681\/302-2467<\/li>\n<li>visites : durant nos heures d\u2019ouverture, du lundi au vendredi 08h00 \u2013 20h00, samedi 08h00 &#8211; 14h00<\/li>\n<\/ul>\n<p><strong>Qui peut acc\u00e9der \u00e0 la biblioth\u00e8que NTNM?<\/strong><br \/>\nLa biblioth\u00e8que NTNM est la biblioth\u00e8que des Sciences et Techniques commune \u00e0 la Facult\u00e9 des Sciences et Techniques de l\u2019Universit\u00e9 de la Sarre (Fakult\u00e4t NT der Universit\u00e4t des Saarlandes) et \u00e0 l\u2019Institut Leibniz de recherche sur les nouveaux mat\u00e9riaux (INM \/ Institut f\u00fcr Neue Materialien). Elle est ouverte en libre acc\u00e8s aux \u00e9tudiants, aux membres de l\u2019Universit\u00e9 et de l\u2019INM ainsi qu\u2019\u00e0 tout public int\u00e9ress\u00e9.<\/p>\n<p><strong>Quels fonds puis-je trouver dans la biblioth\u00e8que NTNM?<\/strong><br \/>\nLa biblioth\u00e8que NTNM rassemble les fonds de deux biblioth\u00e8ques ant\u00e9rieures (NT-Bibliothek et INM-Bibliothek) ainsi que la totalit\u00e9 des manuels scientifiques et techniques de la Biblioth\u00e8que Centrale de l\u2019Universit\u00e9 de la Sarre (Lehrbuchsammlung\/SULB). Vous trouverez sur place un grand choix de ressources imprim\u00e9es et \u00e9lectroniques de disciplines scientifiques et techniques.<\/p>\n\t\t\t\t\t\t\t\t\t\t\t\t\t\t<div class=\"clearfix\"><\/div>\n\t\t\t\t\t\t<\/div>\n\t\t\t\t\t<\/div>\n\t\t\t\t\t\t\t\t\t\t<div class=\"accordion-item\" data-accordion-item>\n\t\t\t\t\t\t<a href=\"#\" class=\"accordion-title\">Inscription et compte utilisateur<\/a>\n\t\t\t\t\t\t<div class=\"accordion-content\" data-tab-content>\n\t\t\t\t\t\t\t<p><strong>Le Pass-Campus (UdS-Karte) sert de carte de lecteur aux \u00e9tudiants et aux membres de l\u2019Universit\u00e9 et de l\u2019INM.<\/strong><br \/>\nPri\u00e8re de remplir le formulaire d\u2019inscription <<a href=\"https:\/\/www.ntnm-bib.de\/wp-content\/uploads\/2020\/10\/Anmeldeformular_interaktiv_Stand20201023.pdf\">https:\/\/www.ntnm-bib.de\/wp-content\/uploads\/2020\/10\/Anmeldeformular_interaktiv_Stand20201023.pdf<\/a>>) et de vous pr\u00e9senter \u00e0 l\u2019accueil muni de votre Pass-Campus et\/ou de votre carte d\u2019identit\u00e9. Une carte de visiteur sera remise aux usagers externes sur pr\u00e9sentation de leur carte d\u2019identit\u00e9.<\/p>\n<p><strong>Compte lecteur?<\/strong><br \/>\nD\u00e8s votre inscription vous recevrez par courriel un code d\u2019acc\u00e8s \u00e0 votre compte lecteur. Pri\u00e8re de modifier le mot de passe pr\u00e9d\u00e9fini. Ce compte vous permet de visualiser les documents emprunt\u00e9s, de prolonger leur dur\u00e9e de pr\u00eat et de r\u00e9server des documents non disponibles actuellement.<\/p>\n<p><strong>Acc\u00e8s au compte lecteur<\/strong><br \/>\nSur la page d\u2019entr\u00e9e de notre site Web allez sur \u201eCompte lecteur\u201c et enregistrez les coordonn\u00e9es (mot de passe et nom d\u2019utilisateur) re\u00e7ues par courriel.<\/p>\n<p><strong>Que faire si je ne connais pas mon code d\u2019acc\u00e8s?<\/strong><br \/>\nUn nouveau code vous sera d\u00e9livr\u00e9 \u00e0 l\u2019accueil ou par courriel.<\/p>\n\t\t\t\t\t\t\t\t\t\t\t\t\t\t<div class=\"clearfix\"><\/div>\n\t\t\t\t\t\t<\/div>\n\t\t\t\t\t<\/div>\n\t\t\t\t\t\t\t\t\t\t<div class=\"accordion-item\" data-accordion-item>\n\t\t\t\t\t\t<a href=\"#\" class=\"accordion-title\">Conditions de pr\u00eat<\/a>\n\t\t\t\t\t\t<div class=\"accordion-content\" data-tab-content>\n\t\t\t\t\t\t\t<p><strong>Que puis-je emprunter?<\/strong><br \/>\nA l\u2019exception des revues et des ouvrages de r\u00e9f\u00e9rence \u00e9tiquet\u00e9s en jaune comme \u00e9tant consultables sur place uniquement (Pr\u00e4senzbestand), les fonds peuvent \u00eatre emprunt\u00e9s selon les conditions de pr\u00eat de la Biblioth\u00e8que Centrale de l\u2019Universit\u00e9 (SULB).<\/p>\n<p><strong>Dur\u00e9e de pr\u00eat<\/strong><br \/>\nLa dur\u00e9e de pr\u00eat est de 28 jours renouvelable en ligne par l\u2019usager au maximum 10 fois pour quatre semaines \u00e0 condition que le livre ne soit pas r\u00e9serv\u00e9 par un autre lecteur. Dans ce cas, le livre doit \u00eatre rendu d\u00e8s l\u2019expiration du d\u00e9lai de pr\u00eat initial.<\/p>\n\t\t\t\t\t\t\t\t\t\t\t\t\t\t<div class=\"clearfix\"><\/div>\n\t\t\t\t\t\t<\/div>\n\t\t\t\t\t<\/div>\n\t\t\t\t\t\t\t\t\t\t<div class=\"accordion-item\" data-accordion-item>\n\t\t\t\t\t\t<a href=\"#\" class=\"accordion-title\">Espaces de travail<\/a>\n\t\t\t\t\t\t<div class=\"accordion-content\" data-tab-content>\n\t\t\t\t\t\t\t<p><strong>O\u00f9 travailler dans la biblioth\u00e8que ?<\/strong><br \/>\nLa Biblioth\u00e8que des Sciences et Techniques dispose de cinq espaces de travail en groupe dont trois avec une capacit\u00e9 de huit personnes et deux pour douze personnes au maximum. La salle 0.14 ((Gottfried Wilhelm Leibniz) est \u00e9quip\u00e9e de mat\u00e9riel technique de pr\u00e9sentation mis \u00e0 disposition sur demande.<\/p>\n<ul>\n<li>Rez-de-chauss\u00e9e \u2013 Salle 0.14 (Gottfried Wilhelm Leibniz) \u2013 12 personnes<\/li>\n<li>Rez-de-chauss\u00e9e \u2013 Salle 0.16 (Richard Feynman) 12 personnes<\/li>\n<li>Premier \u00e9tage &#8211; Salle 1.02 (Richard A. Zsigmondy) \u2013 (Family Room)<\/li>\n<li>Deuxi\u00e8me \u00e9tage &#8211; Salle Marie Curie \u2013 8 personnes<\/li>\n<li>Deuxi\u00e8me \u00e9tage &#8211; Salle Leonardo da Vinci \u2013 8 personnes<\/li>\n<\/ul>\n<p>Les espaces de travail en groupe (\u00e0 l\u2019exception de la salle 0.14 &#8211; Gottfried Wilhelm Leibniz) sont accessibles sans r\u00e9servation par deux personnes au minimum pendant les heures d\u2019ouverture de la biblioth\u00e8que (pas de personnes seules, priorit\u00e9 aux groupes).<\/p>\n<p>La salle 0.14 (Gottfried Wilhelm Leibniz) est accessible uniquement sur r\u00e9servation aux groupes \u00e0 partir de quatre personnes, inscrites \u00e0 la biblioth\u00e8que. Toute demande de r\u00e9servation doit \u00eatre adress\u00e9e au plus t\u00f4t quatre semaines \u00e0 l\u2019avance et au plus tard la veille avant 16h (par courriel\u00a0 <a href=\"mailto:info@ntnm-bib.de\">info@ntnm-bib.de<\/a>, par t\u00e9l\u00e9phone ou sur place). Pri\u00e8re de pr\u00e9ciser lors de la demande si vous souhaitez utiliser le mat\u00e9riel technique. La salle vous sera ouverte par le personnel au moment de votre venue. La r\u00e9servation s\u2019effectue du lundi au vendredi par tranche horaire. Pri\u00e8re de nous informer le plus rapidement possible en cas d\u2018emp\u00eachement.<\/p>\n<h4>Personnel en charge de ce domaine<\/h4>\n<p>Margarethe Hauck<br \/>\nPhone: 0681\/302-4920<br \/>\n<a href=\"mailto:hauck@ntnm-bib.de\">hauck@ntnm-bib.de<\/a><\/p>\n\t\t\t\t\t\t\t\t\t\t\t\t\t\t<div class=\"clearfix\"><\/div>\n\t\t\t\t\t\t<\/div>\n\t\t\t\t\t<\/div>\n\t\t\t\t\t\t\t\t\t\t<div class=\"accordion-item\" data-accordion-item>\n\t\t\t\t\t\t<a href=\"#\" class=\"accordion-title\">Acc\u00e8s \u00e0 l\u2019Internet et ressources \u00e9lectroniques<\/a>\n\t\t\t\t\t\t<div class=\"accordion-content\" data-tab-content>\n\t\t\t\t\t\t\t<p><strong>Comment me connecter avec mon propre ordinateur?<\/strong><br \/>\nLe r\u00e9seau WiFi de la biblioth\u00e8que vous permet l\u2018acc\u00e8s \u00e0 l\u2019Internet par EDUROAM. Les places de travail individuelles sont \u00e9quip\u00e9es de prises pour recharger vos appareils.<\/p>\n<p><strong>Y a-t-il des places de travail \u00e9quip\u00e9es d\u2019ordinateur?<\/strong><br \/>\nVous disposez au rez-de-chauss\u00e9e ainsi qu\u2019au 1er et 2\u00e8me \u00e9tage de 12 places de travail \u00e9quip\u00e9es d\u2019un ordinateur pour toute recherche des ressources de la biblioth\u00e8que et sur Internet. L\u2019acc\u00e8s se fait au moyen de votre code d\u2019utilisateur de l\u2019Universit\u00e9 ou de l\u2019INM.<\/p>\n\t\t\t\t\t\t\t\t\t\t\t\t\t\t<div class=\"clearfix\"><\/div>\n\t\t\t\t\t\t<\/div>\n\t\t\t\t\t<\/div>\n\t\t\t\t\t\t\t\t\t\t<div class=\"accordion-item\" data-accordion-item>\n\t\t\t\t\t\t<a href=\"#\" class=\"accordion-title\">Horaires habituels d\u2019ouverture <\/a>\n\t\t\t\t\t\t<div class=\"accordion-content\" data-tab-content>\n\t\t\t\t\t\t\t<p>Lundi \u00e0 vendredi 08h-20h<br \/>\nSamedi 08h-14h<\/p>\n\t\t\t\t\t\t\t\t\t\t\t\t\t\t<div class=\"clearfix\"><\/div>\n\t\t\t\t\t\t<\/div>\n\t\t\t\t\t<\/div>\n\t\t\t\t\t\t\t\t\t\t<div class=\"accordion-item\" data-accordion-item>\n\t\t\t\t\t\t<a href=\"#\" class=\"accordion-title\">Syst\u00e8me de consigne<\/a>\n\t\t\t\t\t\t<div class=\"accordion-content\" data-tab-content>\n\t\t\t\t\t\t\t<p>Des casiers verrouillables sont \u00e0 la disposition des usagers dans le foyer de la biblioth\u00e8que et entretenus par le personnel. Les casiers num\u00e9rot\u00e9s de 1 \u00e0 50 fonctionnent \u00e0 l\u2019aide du Pass-Campus (UdS-Karte). Les casiers num\u00e9rot\u00e9s de 51 \u00e0 56 sont r\u00e9serv\u00e9s aux usagers externes \u00e0 la biblioth\u00e8que et s\u2019ouvrent \u00e0 l\u2019aide d\u2019une clef d\u00e9livr\u00e9e \u00e0 l\u2019accueil.<\/p>\n<p><strong>R\u00e9glementation de l&rsquo;utilisation des casiers:<\/strong><\/p>\n<ul>\n<li>Les casiers sont strictement r\u00e9serv\u00e9s aux usagers de la biblioth\u00e8que NTNM durant leur visite (utilisation diurne). Ils sont mis \u00e0 disposition tous les jours de 8h \u00e0 20h.<\/li>\n<li>L&rsquo;occupation \u00e0 long terme n&rsquo;est pas autoris\u00e9e.<\/li>\n<li>Les casiers sont ouverts tous les jours entre 7h30 et 8h00 par les employ\u00e9s de la biblioth\u00e8que NTNM.<\/li>\n<li>Pour des raisons d&rsquo;hygi\u00e8ne, tout aliment sera \u00e9limin\u00e9 imm\u00e9diatement et non rembours\u00e9.<\/li>\n<li>Tout autre contenu sera conserv\u00e9 dans des sacs personnalis\u00e9s jusqu&rsquo;\u00e0 la fin de la semaine \u00e0 la biblioth\u00e8que.<\/li>\n<li>Chaque lundi les sacs non r\u00e9cup\u00e9r\u00e9s seront d\u00e9pos\u00e9s au Bureau des objets trouv\u00e9s de l\u2019Universit\u00e9.<\/li>\n<\/ul>\n<p>La biblioth\u00e8que NTNM n&rsquo;assume aucune responsabilit\u00e9 en cas de perte li\u00e9e \u00e0 l&rsquo;utilisation des casiers.<\/p>\n<h4>Personnel en charge de ce domaine<\/h4>\n<p>Margarethe Hauck<br \/>\nPhone: 0681\/302-4920<br \/>\n<a href=\"mailto:hauck@ntnm-bib.de\">hauck@ntnm-bib.de<\/a><\/p>\n\t\t\t\t\t\t\t\t\t\t\t\t\t\t<div class=\"clearfix\"><\/div>\n\t\t\t\t\t\t<\/div>\n\t\t\t\t\t<\/div>\n\t\t\t\t\t<\/ul>\n","protected":false},"excerpt":{"rendered":"\n<div class=\"accordion-item\" data-accordion-item>\n\t\t\t\t\t\t<a href=\"#\" class=\"accordion-title\">Questions g\u00e9n\u00e9rales<\/a><\/p>\n<div class=\"accordion-content\" data-tab-content>\n<p>Que signifie NTNM ?<br \/>\nC\u2019est l\u2019abr\u00e9viation allemande pour N=Naturwissenschaft (Sciences naturelles), T=Technik (Technique) et N M = Neue Materialien (nouveaux mat\u00e9riaux).<br \/>\nLa biblioth\u00e8que NTNM r\u00e9unit sous un m\u00eame toit la biblioth\u00e8que des Sciences et Techniques de l\u2019Universit\u00e9 de la Sarre et celle de l\u2019Institut Leibniz de recherche sur les nouveaux<\/p>\n","protected":false},"author":3,"featured_media":0,"parent":829,"menu_order":8,"comment_status":"closed","ping_status":"closed","template":"","meta":{"_acf_changed":false,"footnotes":""},"class_list":["post-1078","page","type-page","status-publish","hentry"],"acf":[],"yoast_head":"<!-- This site is optimized with the Yoast SEO plugin v27.3 - https:\/\/yoast.com\/product\/yoast-seo-wordpress\/ -->\n<title>Foire aux questions - ntnm-bib<\/title>\n<meta name=\"robots\" content=\"index, follow, max-snippet:-1, max-image-preview:large, max-video-preview:-1\" \/>\n<link rel=\"canonical\" href=\"https:\/\/www.ntnm-bib.de\/fr\/renseignements-services\/foire-aux-questions\/\" \/>\n<meta property=\"og:locale\" content=\"fr_FR\" \/>\n<meta property=\"og:type\" content=\"article\" \/>\n<meta property=\"og:title\" content=\"Foire aux questions - ntnm-bib\" \/>\n<meta property=\"og:description\" content=\"Questions g\u00e9n\u00e9rales        Que signifie NTNM ? C\u2019est l\u2019abr\u00e9viation allemande pour N=Naturwissenschaft (Sciences naturelles), T=Technik (Technique) et N M = Neue Materialien (nouveaux mat\u00e9riaux). La biblioth\u00e8que NTNM r\u00e9unit sous un m\u00eame toit la biblioth\u00e8que des Sciences et Techniques de l\u2019Universit\u00e9 de la Sarre et celle de l\u2019Institut Leibniz de recherche sur les nouveaux\" \/>\n<meta property=\"og:url\" content=\"https:\/\/www.ntnm-bib.de\/fr\/renseignements-services\/foire-aux-questions\/\" \/>\n<meta property=\"og:site_name\" content=\"ntnm-bib\" \/>\n<meta property=\"article:modified_time\" content=\"2026-03-01T10:07:11+00:00\" \/>\n<meta name=\"twitter:card\" content=\"summary_large_image\" \/>\n<meta name=\"twitter:label1\" content=\"Dur\u00e9e de lecture estim\u00e9e\" \/>\n\t<meta name=\"twitter:data1\" content=\"1 minute\" \/>\n<script type=\"application\/ld+json\" class=\"yoast-schema-graph\">{\"@context\":\"https:\\\/\\\/schema.org\",\"@graph\":[{\"@type\":\"WebPage\",\"@id\":\"https:\\\/\\\/www.ntnm-bib.de\\\/fr\\\/renseignements-services\\\/foire-aux-questions\\\/\",\"url\":\"https:\\\/\\\/www.ntnm-bib.de\\\/fr\\\/renseignements-services\\\/foire-aux-questions\\\/\",\"name\":\"Foire aux questions - ntnm-bib\",\"isPartOf\":{\"@id\":\"https:\\\/\\\/www.ntnm-bib.de\\\/#website\"},\"datePublished\":\"2017-05-07T16:30:10+00:00\",\"dateModified\":\"2026-03-01T10:07:11+00:00\",\"breadcrumb\":{\"@id\":\"https:\\\/\\\/www.ntnm-bib.de\\\/fr\\\/renseignements-services\\\/foire-aux-questions\\\/#breadcrumb\"},\"inLanguage\":\"fr-FR\",\"potentialAction\":[{\"@type\":\"ReadAction\",\"target\":[\"https:\\\/\\\/www.ntnm-bib.de\\\/fr\\\/renseignements-services\\\/foire-aux-questions\\\/\"]}]},{\"@type\":\"BreadcrumbList\",\"@id\":\"https:\\\/\\\/www.ntnm-bib.de\\\/fr\\\/renseignements-services\\\/foire-aux-questions\\\/#breadcrumb\",\"itemListElement\":[{\"@type\":\"ListItem\",\"position\":1,\"name\":\"Startseite\",\"item\":\"https:\\\/\\\/www.ntnm-bib.de\\\/fr\\\/\"},{\"@type\":\"ListItem\",\"position\":2,\"name\":\"Information &#038; Services\",\"item\":\"https:\\\/\\\/www.ntnm-bib.de\\\/fr\\\/renseignements-services\\\/\"},{\"@type\":\"ListItem\",\"position\":3,\"name\":\"Foire aux questions\"}]},{\"@type\":\"WebSite\",\"@id\":\"https:\\\/\\\/www.ntnm-bib.de\\\/#website\",\"url\":\"https:\\\/\\\/www.ntnm-bib.de\\\/\",\"name\":\"ntnm-bib\",\"description\":\"Eine weitere INM - Leibniz Institut for New Materials Websites Website\",\"publisher\":{\"@id\":\"https:\\\/\\\/www.ntnm-bib.de\\\/#organization\"},\"potentialAction\":[{\"@type\":\"SearchAction\",\"target\":{\"@type\":\"EntryPoint\",\"urlTemplate\":\"https:\\\/\\\/www.ntnm-bib.de\\\/?s={search_term_string}\"},\"query-input\":{\"@type\":\"PropertyValueSpecification\",\"valueRequired\":true,\"valueName\":\"search_term_string\"}}],\"inLanguage\":\"fr-FR\"},{\"@type\":\"Organization\",\"@id\":\"https:\\\/\\\/www.ntnm-bib.de\\\/#organization\",\"name\":\"ntnm-bib\",\"url\":\"https:\\\/\\\/www.ntnm-bib.de\\\/\",\"logo\":{\"@type\":\"ImageObject\",\"inLanguage\":\"fr-FR\",\"@id\":\"https:\\\/\\\/www.ntnm-bib.de\\\/#\\\/schema\\\/logo\\\/image\\\/\",\"url\":\"https:\\\/\\\/www.ntnm-bib.de\\\/wp-content\\\/uploads\\\/2025\\\/07\\\/Logo-NTNM-Bibliothek-UdS-Kombination-RGB-scaled.png\",\"contentUrl\":\"https:\\\/\\\/www.ntnm-bib.de\\\/wp-content\\\/uploads\\\/2025\\\/07\\\/Logo-NTNM-Bibliothek-UdS-Kombination-RGB-scaled.png\",\"width\":2560,\"height\":594,\"caption\":\"ntnm-bib\"},\"image\":{\"@id\":\"https:\\\/\\\/www.ntnm-bib.de\\\/#\\\/schema\\\/logo\\\/image\\\/\"}}]}<\/script>\n<!-- \/ Yoast SEO plugin. -->","yoast_head_json":{"title":"Foire aux questions - ntnm-bib","robots":{"index":"index","follow":"follow","max-snippet":"max-snippet:-1","max-image-preview":"max-image-preview:large","max-video-preview":"max-video-preview:-1"},"canonical":"https:\/\/www.ntnm-bib.de\/fr\/renseignements-services\/foire-aux-questions\/","og_locale":"fr_FR","og_type":"article","og_title":"Foire aux questions - ntnm-bib","og_description":"Questions g\u00e9n\u00e9rales        Que signifie NTNM ? C\u2019est l\u2019abr\u00e9viation allemande pour N=Naturwissenschaft (Sciences naturelles), T=Technik (Technique) et N M = Neue Materialien (nouveaux mat\u00e9riaux). La biblioth\u00e8que NTNM r\u00e9unit sous un m\u00eame toit la biblioth\u00e8que des Sciences et Techniques de l\u2019Universit\u00e9 de la Sarre et celle de l\u2019Institut Leibniz de recherche sur les nouveaux","og_url":"https:\/\/www.ntnm-bib.de\/fr\/renseignements-services\/foire-aux-questions\/","og_site_name":"ntnm-bib","article_modified_time":"2026-03-01T10:07:11+00:00","twitter_card":"summary_large_image","twitter_misc":{"Dur\u00e9e de lecture estim\u00e9e":"1 minute"},"schema":{"@context":"https:\/\/schema.org","@graph":[{"@type":"WebPage","@id":"https:\/\/www.ntnm-bib.de\/fr\/renseignements-services\/foire-aux-questions\/","url":"https:\/\/www.ntnm-bib.de\/fr\/renseignements-services\/foire-aux-questions\/","name":"Foire aux questions - ntnm-bib","isPartOf":{"@id":"https:\/\/www.ntnm-bib.de\/#website"},"datePublished":"2017-05-07T16:30:10+00:00","dateModified":"2026-03-01T10:07:11+00:00","breadcrumb":{"@id":"https:\/\/www.ntnm-bib.de\/fr\/renseignements-services\/foire-aux-questions\/#breadcrumb"},"inLanguage":"fr-FR","potentialAction":[{"@type":"ReadAction","target":["https:\/\/www.ntnm-bib.de\/fr\/renseignements-services\/foire-aux-questions\/"]}]},{"@type":"BreadcrumbList","@id":"https:\/\/www.ntnm-bib.de\/fr\/renseignements-services\/foire-aux-questions\/#breadcrumb","itemListElement":[{"@type":"ListItem","position":1,"name":"Startseite","item":"https:\/\/www.ntnm-bib.de\/fr\/"},{"@type":"ListItem","position":2,"name":"Information &#038; Services","item":"https:\/\/www.ntnm-bib.de\/fr\/renseignements-services\/"},{"@type":"ListItem","position":3,"name":"Foire aux questions"}]},{"@type":"WebSite","@id":"https:\/\/www.ntnm-bib.de\/#website","url":"https:\/\/www.ntnm-bib.de\/","name":"ntnm-bib","description":"Eine weitere INM - Leibniz Institut for New Materials Websites Website","publisher":{"@id":"https:\/\/www.ntnm-bib.de\/#organization"},"potentialAction":[{"@type":"SearchAction","target":{"@type":"EntryPoint","urlTemplate":"https:\/\/www.ntnm-bib.de\/?s={search_term_string}"},"query-input":{"@type":"PropertyValueSpecification","valueRequired":true,"valueName":"search_term_string"}}],"inLanguage":"fr-FR"},{"@type":"Organization","@id":"https:\/\/www.ntnm-bib.de\/#organization","name":"ntnm-bib","url":"https:\/\/www.ntnm-bib.de\/","logo":{"@type":"ImageObject","inLanguage":"fr-FR","@id":"https:\/\/www.ntnm-bib.de\/#\/schema\/logo\/image\/","url":"https:\/\/www.ntnm-bib.de\/wp-content\/uploads\/2025\/07\/Logo-NTNM-Bibliothek-UdS-Kombination-RGB-scaled.png","contentUrl":"https:\/\/www.ntnm-bib.de\/wp-content\/uploads\/2025\/07\/Logo-NTNM-Bibliothek-UdS-Kombination-RGB-scaled.png","width":2560,"height":594,"caption":"ntnm-bib"},"image":{"@id":"https:\/\/www.ntnm-bib.de\/#\/schema\/logo\/image\/"}}]}},"_links":{"self":[{"href":"https:\/\/www.ntnm-bib.de\/fr\/wp-json\/wp\/v2\/pages\/1078","targetHints":{"allow":["GET"]}}],"collection":[{"href":"https:\/\/www.ntnm-bib.de\/fr\/wp-json\/wp\/v2\/pages"}],"about":[{"href":"https:\/\/www.ntnm-bib.de\/fr\/wp-json\/wp\/v2\/types\/page"}],"author":[{"embeddable":true,"href":"https:\/\/www.ntnm-bib.de\/fr\/wp-json\/wp\/v2\/users\/3"}],"replies":[{"embeddable":true,"href":"https:\/\/www.ntnm-bib.de\/fr\/wp-json\/wp\/v2\/comments?post=1078"}],"version-history":[{"count":1,"href":"https:\/\/www.ntnm-bib.de\/fr\/wp-json\/wp\/v2\/pages\/1078\/revisions"}],"predecessor-version":[{"id":1080,"href":"https:\/\/www.ntnm-bib.de\/fr\/wp-json\/wp\/v2\/pages\/1078\/revisions\/1080"}],"up":[{"embeddable":true,"href":"https:\/\/www.ntnm-bib.de\/fr\/wp-json\/wp\/v2\/pages\/829"}],"wp:attachment":[{"href":"https:\/\/www.ntnm-bib.de\/fr\/wp-json\/wp\/v2\/media?parent=1078"}],"curies":[{"name":"wp","href":"https:\/\/api.w.org\/{rel}","templated":true}]}}