{"id":4758,"date":"2021-02-08T11:33:54","date_gmt":"2021-02-08T10:33:54","guid":{"rendered":"https:\/\/www.ntnm-bib.de\/?page_id=4758"},"modified":"2025-07-04T14:07:53","modified_gmt":"2025-07-04T12:07:53","slug":"comite-consultatif-scientifique","status":"publish","type":"page","link":"https:\/\/www.ntnm-bib.de\/fr\/notre-charte\/comite-consultatif-scientifique\/","title":{"rendered":"Comit\u00e9 consultatif scientifique"},"content":{"rendered":"<p>La biblioth\u00e8que est dot\u00e9e d\u2018un comit\u00e9 scientifique consult\u00e9 dans les domaines li\u00e9s \u00e0 la recherche.<\/p>\n<h4>Membres du comit\u00e9 consultatif<\/h4>\n<ul>\n<li>Prof. Roland Bennewitz (INM)<\/li>\n<li>Tobias Betzholz (Vertreter der Studierenden der Fakult\u00e4t NT)<\/li>\n<li>Prof. Romanus Dyczij-Edlinger (Facult\u00e9 NT)<\/li>\n<li>Dr. Desir\u00e9e Griesemer (SULB)<\/li>\n<li>Prof. Johann Jauch (Fakult\u00e9 NT)<\/li>\n<li>Prof. Tobias Kraus (INM)<\/li>\n<\/ul>\n<h4>R\u00e8glement int\u00e9rieur du comit\u00e9 consultatif<\/h4>\n<p>Lors de l&rsquo;assembl\u00e9e du 27.05.2019 le comit\u00e9 a adopt\u00e9 le <a href=\"https:\/\/www.ntnm-bib.de\/wp-content\/uploads\/2020\/02\/Beirat_Gesch\u00e4ftsordnung_20190531.pdf\">Beirat_Gesch\u00e4ftsordnung_20190531<\/a>.<\/p>\n","protected":false},"excerpt":{"rendered":"<p>La biblioth\u00e8que est dot\u00e9e d\u2018un comit\u00e9 scientifique consult\u00e9 dans les domaines li\u00e9s \u00e0 la recherche.<\/p>\n<p>Membres du comit\u00e9 consultatif<\/p>\n<p>Prof. Roland Bennewitz (INM)<br \/>\nTobias Betzholz (Vertreter der Studierenden der Fakult\u00e4t NT)<br \/>\nProf. Romanus Dyczij-Edlinger (Facult\u00e9 NT)<br \/>\nDr. Desir\u00e9e Griesemer (SULB)<br \/>\nProf. Johann Jauch (Fakult\u00e9 NT)<br \/>\nProf. Tobias Kraus (INM)<\/p>\n<p>R\u00e8glement int\u00e9rieur du comit\u00e9 consultatif<\/p>\n<p>Lors de l&rsquo;assembl\u00e9e du 27.05.2019 le comit\u00e9 a adopt\u00e9 le<\/p>\n","protected":false},"author":3,"featured_media":0,"parent":4052,"menu_order":2,"comment_status":"closed","ping_status":"closed","template":"","meta":{"_acf_changed":false,"footnotes":""},"class_list":["post-4758","page","type-page","status-publish","hentry"],"acf":[],"yoast_head":"<!-- This site is optimized with the Yoast SEO plugin v27.1.1 - https:\/\/yoast.com\/product\/yoast-seo-wordpress\/ -->\n<title>Comit\u00e9 consultatif scientifique - ntnm-bib<\/title>\n<meta name=\"robots\" content=\"index, follow, max-snippet:-1, max-image-preview:large, max-video-preview:-1\" \/>\n<link rel=\"canonical\" href=\"https:\/\/www.ntnm-bib.de\/fr\/notre-charte\/comite-consultatif-scientifique\/\" \/>\n<meta property=\"og:locale\" content=\"fr_FR\" \/>\n<meta property=\"og:type\" content=\"article\" \/>\n<meta property=\"og:title\" content=\"Comit\u00e9 consultatif scientifique - ntnm-bib\" \/>\n<meta property=\"og:description\" content=\"La biblioth\u00e8que est dot\u00e9e d\u2018un comit\u00e9 scientifique consult\u00e9 dans les domaines li\u00e9s \u00e0 la recherche. Membres du comit\u00e9 consultatif Prof. Roland Bennewitz (INM) Tobias Betzholz (Vertreter der Studierenden der Fakult\u00e4t NT) Prof. Romanus Dyczij-Edlinger (Facult\u00e9 NT) Dr. Desir\u00e9e Griesemer (SULB) Prof. Johann Jauch (Fakult\u00e9 NT) Prof. Tobias Kraus (INM) R\u00e8glement int\u00e9rieur du comit\u00e9 consultatif Lors de l&rsquo;assembl\u00e9e du 27.05.2019 le comit\u00e9 a adopt\u00e9 le\" \/>\n<meta property=\"og:url\" content=\"https:\/\/www.ntnm-bib.de\/fr\/notre-charte\/comite-consultatif-scientifique\/\" \/>\n<meta property=\"og:site_name\" content=\"ntnm-bib\" \/>\n<meta property=\"article:modified_time\" content=\"2025-07-04T12:07:53+00:00\" \/>\n<meta name=\"twitter:card\" content=\"summary_large_image\" \/>\n<meta name=\"twitter:label1\" content=\"Dur\u00e9e de lecture estim\u00e9e\" \/>\n\t<meta name=\"twitter:data1\" content=\"1 minute\" \/>\n<script type=\"application\/ld+json\" class=\"yoast-schema-graph\">{\"@context\":\"https:\/\/schema.org\",\"@graph\":[{\"@type\":\"WebPage\",\"@id\":\"https:\/\/www.ntnm-bib.de\/fr\/notre-charte\/comite-consultatif-scientifique\/\",\"url\":\"https:\/\/www.ntnm-bib.de\/fr\/notre-charte\/comite-consultatif-scientifique\/\",\"name\":\"Comit\u00e9 consultatif scientifique - ntnm-bib\",\"isPartOf\":{\"@id\":\"https:\/\/www.ntnm-bib.de\/#website\"},\"datePublished\":\"2021-02-08T10:33:54+00:00\",\"dateModified\":\"2025-07-04T12:07:53+00:00\",\"breadcrumb\":{\"@id\":\"https:\/\/www.ntnm-bib.de\/fr\/notre-charte\/comite-consultatif-scientifique\/#breadcrumb\"},\"inLanguage\":\"fr-FR\",\"potentialAction\":[{\"@type\":\"ReadAction\",\"target\":[\"https:\/\/www.ntnm-bib.de\/fr\/notre-charte\/comite-consultatif-scientifique\/\"]}]},{\"@type\":\"BreadcrumbList\",\"@id\":\"https:\/\/www.ntnm-bib.de\/fr\/notre-charte\/comite-consultatif-scientifique\/#breadcrumb\",\"itemListElement\":[{\"@type\":\"ListItem\",\"position\":1,\"name\":\"Startseite\",\"item\":\"https:\/\/www.ntnm-bib.de\/fr\/\"},{\"@type\":\"ListItem\",\"position\":2,\"name\":\"Biblioth\u00e8que NTNM\",\"item\":\"https:\/\/www.ntnm-bib.de\/fr\/notre-charte\/\"},{\"@type\":\"ListItem\",\"position\":3,\"name\":\"Comit\u00e9 consultatif scientifique\"}]},{\"@type\":\"WebSite\",\"@id\":\"https:\/\/www.ntnm-bib.de\/#website\",\"url\":\"https:\/\/www.ntnm-bib.de\/\",\"name\":\"ntnm-bib\",\"description\":\"Eine weitere INM - Leibniz Institut for New Materials Websites Website\",\"publisher\":{\"@id\":\"https:\/\/www.ntnm-bib.de\/#organization\"},\"potentialAction\":[{\"@type\":\"SearchAction\",\"target\":{\"@type\":\"EntryPoint\",\"urlTemplate\":\"https:\/\/www.ntnm-bib.de\/?s={search_term_string}\"},\"query-input\":{\"@type\":\"PropertyValueSpecification\",\"valueRequired\":true,\"valueName\":\"search_term_string\"}}],\"inLanguage\":\"fr-FR\"},{\"@type\":\"Organization\",\"@id\":\"https:\/\/www.ntnm-bib.de\/#organization\",\"name\":\"ntnm-bib\",\"url\":\"https:\/\/www.ntnm-bib.de\/\",\"logo\":{\"@type\":\"ImageObject\",\"inLanguage\":\"fr-FR\",\"@id\":\"https:\/\/www.ntnm-bib.de\/#\/schema\/logo\/image\/\",\"url\":\"https:\/\/www.ntnm-bib.de\/wp-content\/uploads\/2025\/07\/Logo-NTNM-Bibliothek-UdS-Kombination-RGB-scaled.png\",\"contentUrl\":\"https:\/\/www.ntnm-bib.de\/wp-content\/uploads\/2025\/07\/Logo-NTNM-Bibliothek-UdS-Kombination-RGB-scaled.png\",\"width\":2560,\"height\":594,\"caption\":\"ntnm-bib\"},\"image\":{\"@id\":\"https:\/\/www.ntnm-bib.de\/#\/schema\/logo\/image\/\"}}]}<\/script>\n<!-- \/ Yoast SEO plugin. -->","yoast_head_json":{"title":"Comit\u00e9 consultatif scientifique - ntnm-bib","robots":{"index":"index","follow":"follow","max-snippet":"max-snippet:-1","max-image-preview":"max-image-preview:large","max-video-preview":"max-video-preview:-1"},"canonical":"https:\/\/www.ntnm-bib.de\/fr\/notre-charte\/comite-consultatif-scientifique\/","og_locale":"fr_FR","og_type":"article","og_title":"Comit\u00e9 consultatif scientifique - ntnm-bib","og_description":"La biblioth\u00e8que est dot\u00e9e d\u2018un comit\u00e9 scientifique consult\u00e9 dans les domaines li\u00e9s \u00e0 la recherche. Membres du comit\u00e9 consultatif Prof. Roland Bennewitz (INM) Tobias Betzholz (Vertreter der Studierenden der Fakult\u00e4t NT) Prof. Romanus Dyczij-Edlinger (Facult\u00e9 NT) Dr. Desir\u00e9e Griesemer (SULB) Prof. Johann Jauch (Fakult\u00e9 NT) Prof. Tobias Kraus (INM) R\u00e8glement int\u00e9rieur du comit\u00e9 consultatif Lors de l&rsquo;assembl\u00e9e du 27.05.2019 le comit\u00e9 a adopt\u00e9 le","og_url":"https:\/\/www.ntnm-bib.de\/fr\/notre-charte\/comite-consultatif-scientifique\/","og_site_name":"ntnm-bib","article_modified_time":"2025-07-04T12:07:53+00:00","twitter_card":"summary_large_image","twitter_misc":{"Dur\u00e9e de lecture estim\u00e9e":"1 minute"},"schema":{"@context":"https:\/\/schema.org","@graph":[{"@type":"WebPage","@id":"https:\/\/www.ntnm-bib.de\/fr\/notre-charte\/comite-consultatif-scientifique\/","url":"https:\/\/www.ntnm-bib.de\/fr\/notre-charte\/comite-consultatif-scientifique\/","name":"Comit\u00e9 consultatif scientifique - ntnm-bib","isPartOf":{"@id":"https:\/\/www.ntnm-bib.de\/#website"},"datePublished":"2021-02-08T10:33:54+00:00","dateModified":"2025-07-04T12:07:53+00:00","breadcrumb":{"@id":"https:\/\/www.ntnm-bib.de\/fr\/notre-charte\/comite-consultatif-scientifique\/#breadcrumb"},"inLanguage":"fr-FR","potentialAction":[{"@type":"ReadAction","target":["https:\/\/www.ntnm-bib.de\/fr\/notre-charte\/comite-consultatif-scientifique\/"]}]},{"@type":"BreadcrumbList","@id":"https:\/\/www.ntnm-bib.de\/fr\/notre-charte\/comite-consultatif-scientifique\/#breadcrumb","itemListElement":[{"@type":"ListItem","position":1,"name":"Startseite","item":"https:\/\/www.ntnm-bib.de\/fr\/"},{"@type":"ListItem","position":2,"name":"Biblioth\u00e8que NTNM","item":"https:\/\/www.ntnm-bib.de\/fr\/notre-charte\/"},{"@type":"ListItem","position":3,"name":"Comit\u00e9 consultatif scientifique"}]},{"@type":"WebSite","@id":"https:\/\/www.ntnm-bib.de\/#website","url":"https:\/\/www.ntnm-bib.de\/","name":"ntnm-bib","description":"Eine weitere INM - Leibniz Institut for New Materials Websites Website","publisher":{"@id":"https:\/\/www.ntnm-bib.de\/#organization"},"potentialAction":[{"@type":"SearchAction","target":{"@type":"EntryPoint","urlTemplate":"https:\/\/www.ntnm-bib.de\/?s={search_term_string}"},"query-input":{"@type":"PropertyValueSpecification","valueRequired":true,"valueName":"search_term_string"}}],"inLanguage":"fr-FR"},{"@type":"Organization","@id":"https:\/\/www.ntnm-bib.de\/#organization","name":"ntnm-bib","url":"https:\/\/www.ntnm-bib.de\/","logo":{"@type":"ImageObject","inLanguage":"fr-FR","@id":"https:\/\/www.ntnm-bib.de\/#\/schema\/logo\/image\/","url":"https:\/\/www.ntnm-bib.de\/wp-content\/uploads\/2025\/07\/Logo-NTNM-Bibliothek-UdS-Kombination-RGB-scaled.png","contentUrl":"https:\/\/www.ntnm-bib.de\/wp-content\/uploads\/2025\/07\/Logo-NTNM-Bibliothek-UdS-Kombination-RGB-scaled.png","width":2560,"height":594,"caption":"ntnm-bib"},"image":{"@id":"https:\/\/www.ntnm-bib.de\/#\/schema\/logo\/image\/"}}]}},"_links":{"self":[{"href":"https:\/\/www.ntnm-bib.de\/fr\/wp-json\/wp\/v2\/pages\/4758","targetHints":{"allow":["GET"]}}],"collection":[{"href":"https:\/\/www.ntnm-bib.de\/fr\/wp-json\/wp\/v2\/pages"}],"about":[{"href":"https:\/\/www.ntnm-bib.de\/fr\/wp-json\/wp\/v2\/types\/page"}],"author":[{"embeddable":true,"href":"https:\/\/www.ntnm-bib.de\/fr\/wp-json\/wp\/v2\/users\/3"}],"replies":[{"embeddable":true,"href":"https:\/\/www.ntnm-bib.de\/fr\/wp-json\/wp\/v2\/comments?post=4758"}],"version-history":[{"count":7,"href":"https:\/\/www.ntnm-bib.de\/fr\/wp-json\/wp\/v2\/pages\/4758\/revisions"}],"predecessor-version":[{"id":9741,"href":"https:\/\/www.ntnm-bib.de\/fr\/wp-json\/wp\/v2\/pages\/4758\/revisions\/9741"}],"up":[{"embeddable":true,"href":"https:\/\/www.ntnm-bib.de\/fr\/wp-json\/wp\/v2\/pages\/4052"}],"wp:attachment":[{"href":"https:\/\/www.ntnm-bib.de\/fr\/wp-json\/wp\/v2\/media?parent=4758"}],"curies":[{"name":"wp","href":"https:\/\/api.w.org\/{rel}","templated":true}]}}