{"id":4767,"date":"2021-02-08T11:37:14","date_gmt":"2021-02-08T10:37:14","guid":{"rendered":"https:\/\/www.ntnm-bib.de\/?page_id=4767"},"modified":"2025-09-04T16:33:18","modified_gmt":"2025-09-04T14:33:18","slug":"reglements-interieurs-de-la-bibliotheque","status":"publish","type":"page","link":"https:\/\/www.ntnm-bib.de\/fr\/notre-charte\/reglements-interieurs-de-la-bibliotheque\/","title":{"rendered":"R\u00e8glements int\u00e9rieurs de la biblioth\u00e8que"},"content":{"rendered":"<ul>\n<li><a href=\"https:\/\/www.ntnm-bib.de\/wp-content\/uploads\/2020\/03\/Gesch\u00e4ftsordnung_20170929_final.pdf\">R\u00e8glement int\u00e9rieur administratif de la Biblioth\u00e8que des Sciences et Techniques du 29.09.2017<\/a><\/li>\n<li><a href=\"https:\/\/www.ntnm-bib.de\/wp-content\/uploads\/2017\/03\/Benutzungsordnung_2010929_unterzeichnet.pdf\">R\u00e8glement int\u00e9rieur de la Biblioth\u00e8que des Sciences et Techniques du 29.09.2017<\/a><\/li>\n<li><a href=\"\">R\u00e8glement d&rsquo;Utilisation des locoux de la Bibliotheque NTNM<\/a><\/li>\n<li><a href=\"\">R\u00e8glement d&rsquo;Utilisation des CASIERS DE LA BIBLIOTHEQUE NTNM<\/a><\/li>\n<li><a href=\"\">R\u00e8glement d&rsquo;Utilisation des \u00ab BIBLIOTH\u00c8QUE DES OBJETS<\/a><\/li>\n<\/ul>\n","protected":false},"excerpt":{"rendered":"<p><a href=\"https:\/\/www.ntnm-bib.de\/wp-content\/uploads\/2020\/03\/Gesch\u00e4ftsordnung_20170929_final.pdf\">R\u00e8glement int\u00e9rieur administratif de la Biblioth\u00e8que des Sciences et Techniques du 29.09.2017<\/a><br \/>\n<a href=\"https:\/\/www.ntnm-bib.de\/wp-content\/uploads\/2017\/03\/Benutzungsordnung_2010929_unterzeichnet.pdf\">R\u00e8glement int\u00e9rieur de la Biblioth\u00e8que des Sciences et Techniques du 29.09.2017<\/a><br \/>\n<a href=\"\">R\u00e8glement d&rsquo;Utilisation des locoux de la Bibliotheque NTNM<\/a><br \/>\n<a href=\"\">R\u00e8glement d&rsquo;Utilisation des CASIERS DE LA BIBLIOTHEQUE NTNM<\/a><br \/>\n<a href=\"\">R\u00e8glement d&rsquo;Utilisation des \u00ab BIBLIOTH\u00c8QUE DES OBJETS<\/a><\/p>\n","protected":false},"author":3,"featured_media":0,"parent":4052,"menu_order":3,"comment_status":"closed","ping_status":"closed","template":"","meta":{"_acf_changed":false,"footnotes":""},"class_list":["post-4767","page","type-page","status-publish","hentry"],"acf":[],"yoast_head":"<!-- This site is optimized with the Yoast SEO plugin v27.3 - https:\/\/yoast.com\/product\/yoast-seo-wordpress\/ -->\n<title>R\u00e8glements int\u00e9rieurs de la biblioth\u00e8que - ntnm-bib<\/title>\n<meta name=\"robots\" content=\"index, follow, max-snippet:-1, max-image-preview:large, max-video-preview:-1\" \/>\n<link rel=\"canonical\" href=\"https:\/\/www.ntnm-bib.de\/fr\/notre-charte\/reglements-interieurs-de-la-bibliotheque\/\" \/>\n<meta property=\"og:locale\" content=\"fr_FR\" \/>\n<meta property=\"og:type\" content=\"article\" \/>\n<meta property=\"og:title\" content=\"R\u00e8glements int\u00e9rieurs de la biblioth\u00e8que - ntnm-bib\" \/>\n<meta property=\"og:description\" content=\"R\u00e8glement int\u00e9rieur administratif de la Biblioth\u00e8que des Sciences et Techniques du 29.09.2017 R\u00e8glement int\u00e9rieur de la Biblioth\u00e8que des Sciences et Techniques du 29.09.2017 R\u00e8glement d&rsquo;Utilisation des locoux de la Bibliotheque NTNM R\u00e8glement d&rsquo;Utilisation des CASIERS DE LA BIBLIOTHEQUE NTNM R\u00e8glement d&rsquo;Utilisation des \u00ab BIBLIOTH\u00c8QUE DES OBJETS\" \/>\n<meta property=\"og:url\" content=\"https:\/\/www.ntnm-bib.de\/fr\/notre-charte\/reglements-interieurs-de-la-bibliotheque\/\" \/>\n<meta property=\"og:site_name\" content=\"ntnm-bib\" \/>\n<meta property=\"article:modified_time\" content=\"2025-09-04T14:33:18+00:00\" \/>\n<meta name=\"twitter:card\" content=\"summary_large_image\" \/>\n<meta name=\"twitter:label1\" content=\"Dur\u00e9e de lecture estim\u00e9e\" \/>\n\t<meta name=\"twitter:data1\" content=\"1 minute\" \/>\n<script type=\"application\/ld+json\" class=\"yoast-schema-graph\">{\"@context\":\"https:\\\/\\\/schema.org\",\"@graph\":[{\"@type\":\"WebPage\",\"@id\":\"https:\\\/\\\/www.ntnm-bib.de\\\/fr\\\/notre-charte\\\/reglements-interieurs-de-la-bibliotheque\\\/\",\"url\":\"https:\\\/\\\/www.ntnm-bib.de\\\/fr\\\/notre-charte\\\/reglements-interieurs-de-la-bibliotheque\\\/\",\"name\":\"R\u00e8glements int\u00e9rieurs de la biblioth\u00e8que - ntnm-bib\",\"isPartOf\":{\"@id\":\"https:\\\/\\\/www.ntnm-bib.de\\\/#website\"},\"datePublished\":\"2021-02-08T10:37:14+00:00\",\"dateModified\":\"2025-09-04T14:33:18+00:00\",\"breadcrumb\":{\"@id\":\"https:\\\/\\\/www.ntnm-bib.de\\\/fr\\\/notre-charte\\\/reglements-interieurs-de-la-bibliotheque\\\/#breadcrumb\"},\"inLanguage\":\"fr-FR\",\"potentialAction\":[{\"@type\":\"ReadAction\",\"target\":[\"https:\\\/\\\/www.ntnm-bib.de\\\/fr\\\/notre-charte\\\/reglements-interieurs-de-la-bibliotheque\\\/\"]}]},{\"@type\":\"BreadcrumbList\",\"@id\":\"https:\\\/\\\/www.ntnm-bib.de\\\/fr\\\/notre-charte\\\/reglements-interieurs-de-la-bibliotheque\\\/#breadcrumb\",\"itemListElement\":[{\"@type\":\"ListItem\",\"position\":1,\"name\":\"Startseite\",\"item\":\"https:\\\/\\\/www.ntnm-bib.de\\\/fr\\\/\"},{\"@type\":\"ListItem\",\"position\":2,\"name\":\"Biblioth\u00e8que NTNM\",\"item\":\"https:\\\/\\\/www.ntnm-bib.de\\\/fr\\\/notre-charte\\\/\"},{\"@type\":\"ListItem\",\"position\":3,\"name\":\"R\u00e8glements int\u00e9rieurs de la biblioth\u00e8que\"}]},{\"@type\":\"WebSite\",\"@id\":\"https:\\\/\\\/www.ntnm-bib.de\\\/#website\",\"url\":\"https:\\\/\\\/www.ntnm-bib.de\\\/\",\"name\":\"ntnm-bib\",\"description\":\"Eine weitere INM - Leibniz Institut for New Materials Websites Website\",\"publisher\":{\"@id\":\"https:\\\/\\\/www.ntnm-bib.de\\\/#organization\"},\"potentialAction\":[{\"@type\":\"SearchAction\",\"target\":{\"@type\":\"EntryPoint\",\"urlTemplate\":\"https:\\\/\\\/www.ntnm-bib.de\\\/?s={search_term_string}\"},\"query-input\":{\"@type\":\"PropertyValueSpecification\",\"valueRequired\":true,\"valueName\":\"search_term_string\"}}],\"inLanguage\":\"fr-FR\"},{\"@type\":\"Organization\",\"@id\":\"https:\\\/\\\/www.ntnm-bib.de\\\/#organization\",\"name\":\"ntnm-bib\",\"url\":\"https:\\\/\\\/www.ntnm-bib.de\\\/\",\"logo\":{\"@type\":\"ImageObject\",\"inLanguage\":\"fr-FR\",\"@id\":\"https:\\\/\\\/www.ntnm-bib.de\\\/#\\\/schema\\\/logo\\\/image\\\/\",\"url\":\"https:\\\/\\\/www.ntnm-bib.de\\\/wp-content\\\/uploads\\\/2025\\\/07\\\/Logo-NTNM-Bibliothek-UdS-Kombination-RGB-scaled.png\",\"contentUrl\":\"https:\\\/\\\/www.ntnm-bib.de\\\/wp-content\\\/uploads\\\/2025\\\/07\\\/Logo-NTNM-Bibliothek-UdS-Kombination-RGB-scaled.png\",\"width\":2560,\"height\":594,\"caption\":\"ntnm-bib\"},\"image\":{\"@id\":\"https:\\\/\\\/www.ntnm-bib.de\\\/#\\\/schema\\\/logo\\\/image\\\/\"}}]}<\/script>\n<!-- \/ Yoast SEO plugin. -->","yoast_head_json":{"title":"R\u00e8glements int\u00e9rieurs de la biblioth\u00e8que - ntnm-bib","robots":{"index":"index","follow":"follow","max-snippet":"max-snippet:-1","max-image-preview":"max-image-preview:large","max-video-preview":"max-video-preview:-1"},"canonical":"https:\/\/www.ntnm-bib.de\/fr\/notre-charte\/reglements-interieurs-de-la-bibliotheque\/","og_locale":"fr_FR","og_type":"article","og_title":"R\u00e8glements int\u00e9rieurs de la biblioth\u00e8que - ntnm-bib","og_description":"R\u00e8glement int\u00e9rieur administratif de la Biblioth\u00e8que des Sciences et Techniques du 29.09.2017 R\u00e8glement int\u00e9rieur de la Biblioth\u00e8que des Sciences et Techniques du 29.09.2017 R\u00e8glement d&rsquo;Utilisation des locoux de la Bibliotheque NTNM R\u00e8glement d&rsquo;Utilisation des CASIERS DE LA BIBLIOTHEQUE NTNM R\u00e8glement d&rsquo;Utilisation des \u00ab BIBLIOTH\u00c8QUE DES OBJETS","og_url":"https:\/\/www.ntnm-bib.de\/fr\/notre-charte\/reglements-interieurs-de-la-bibliotheque\/","og_site_name":"ntnm-bib","article_modified_time":"2025-09-04T14:33:18+00:00","twitter_card":"summary_large_image","twitter_misc":{"Dur\u00e9e de lecture estim\u00e9e":"1 minute"},"schema":{"@context":"https:\/\/schema.org","@graph":[{"@type":"WebPage","@id":"https:\/\/www.ntnm-bib.de\/fr\/notre-charte\/reglements-interieurs-de-la-bibliotheque\/","url":"https:\/\/www.ntnm-bib.de\/fr\/notre-charte\/reglements-interieurs-de-la-bibliotheque\/","name":"R\u00e8glements int\u00e9rieurs de la biblioth\u00e8que - ntnm-bib","isPartOf":{"@id":"https:\/\/www.ntnm-bib.de\/#website"},"datePublished":"2021-02-08T10:37:14+00:00","dateModified":"2025-09-04T14:33:18+00:00","breadcrumb":{"@id":"https:\/\/www.ntnm-bib.de\/fr\/notre-charte\/reglements-interieurs-de-la-bibliotheque\/#breadcrumb"},"inLanguage":"fr-FR","potentialAction":[{"@type":"ReadAction","target":["https:\/\/www.ntnm-bib.de\/fr\/notre-charte\/reglements-interieurs-de-la-bibliotheque\/"]}]},{"@type":"BreadcrumbList","@id":"https:\/\/www.ntnm-bib.de\/fr\/notre-charte\/reglements-interieurs-de-la-bibliotheque\/#breadcrumb","itemListElement":[{"@type":"ListItem","position":1,"name":"Startseite","item":"https:\/\/www.ntnm-bib.de\/fr\/"},{"@type":"ListItem","position":2,"name":"Biblioth\u00e8que NTNM","item":"https:\/\/www.ntnm-bib.de\/fr\/notre-charte\/"},{"@type":"ListItem","position":3,"name":"R\u00e8glements int\u00e9rieurs de la biblioth\u00e8que"}]},{"@type":"WebSite","@id":"https:\/\/www.ntnm-bib.de\/#website","url":"https:\/\/www.ntnm-bib.de\/","name":"ntnm-bib","description":"Eine weitere INM - Leibniz Institut for New Materials Websites Website","publisher":{"@id":"https:\/\/www.ntnm-bib.de\/#organization"},"potentialAction":[{"@type":"SearchAction","target":{"@type":"EntryPoint","urlTemplate":"https:\/\/www.ntnm-bib.de\/?s={search_term_string}"},"query-input":{"@type":"PropertyValueSpecification","valueRequired":true,"valueName":"search_term_string"}}],"inLanguage":"fr-FR"},{"@type":"Organization","@id":"https:\/\/www.ntnm-bib.de\/#organization","name":"ntnm-bib","url":"https:\/\/www.ntnm-bib.de\/","logo":{"@type":"ImageObject","inLanguage":"fr-FR","@id":"https:\/\/www.ntnm-bib.de\/#\/schema\/logo\/image\/","url":"https:\/\/www.ntnm-bib.de\/wp-content\/uploads\/2025\/07\/Logo-NTNM-Bibliothek-UdS-Kombination-RGB-scaled.png","contentUrl":"https:\/\/www.ntnm-bib.de\/wp-content\/uploads\/2025\/07\/Logo-NTNM-Bibliothek-UdS-Kombination-RGB-scaled.png","width":2560,"height":594,"caption":"ntnm-bib"},"image":{"@id":"https:\/\/www.ntnm-bib.de\/#\/schema\/logo\/image\/"}}]}},"_links":{"self":[{"href":"https:\/\/www.ntnm-bib.de\/fr\/wp-json\/wp\/v2\/pages\/4767","targetHints":{"allow":["GET"]}}],"collection":[{"href":"https:\/\/www.ntnm-bib.de\/fr\/wp-json\/wp\/v2\/pages"}],"about":[{"href":"https:\/\/www.ntnm-bib.de\/fr\/wp-json\/wp\/v2\/types\/page"}],"author":[{"embeddable":true,"href":"https:\/\/www.ntnm-bib.de\/fr\/wp-json\/wp\/v2\/users\/3"}],"replies":[{"embeddable":true,"href":"https:\/\/www.ntnm-bib.de\/fr\/wp-json\/wp\/v2\/comments?post=4767"}],"version-history":[{"count":15,"href":"https:\/\/www.ntnm-bib.de\/fr\/wp-json\/wp\/v2\/pages\/4767\/revisions"}],"predecessor-version":[{"id":10116,"href":"https:\/\/www.ntnm-bib.de\/fr\/wp-json\/wp\/v2\/pages\/4767\/revisions\/10116"}],"up":[{"embeddable":true,"href":"https:\/\/www.ntnm-bib.de\/fr\/wp-json\/wp\/v2\/pages\/4052"}],"wp:attachment":[{"href":"https:\/\/www.ntnm-bib.de\/fr\/wp-json\/wp\/v2\/media?parent=4767"}],"curies":[{"name":"wp","href":"https:\/\/api.w.org\/{rel}","templated":true}]}}