{"id":4784,"date":"2021-02-08T14:54:29","date_gmt":"2021-02-08T13:54:29","guid":{"rendered":"https:\/\/www.ntnm-bib.de\/?page_id=4784"},"modified":"2026-03-01T10:52:01","modified_gmt":"2026-03-01T09:52:01","slug":"casiers","status":"publish","type":"page","link":"https:\/\/www.ntnm-bib.de\/fr\/renseignements-services\/casiers\/","title":{"rendered":"Casiers"},"content":{"rendered":"<p>Des casiers sont \u00e0 la disposition des usagers dans le foyer de la biblioth\u00e8que et entretenus par le personnel.  Les casiers num\u00e9rot\u00e9s de 1 \u00e0 50 fonctionnent \u00e0 l\u2019aide du pass-campus (UdS-Karte). Les casiers num\u00e9rot\u00e9s de 51 \u00e0 56 sont r\u00e9serv\u00e9s aux usagers externes \u00e0 la biblioth\u00e8que et s\u2019ouvrent \u00e0 l\u2019aide d\u2019une cl\u00e9 d\u00e9livr\u00e9e \u00e0 l\u2019accueil.<\/p>\n<h4>R\u00e9glementation de l&rsquo;utilisation des casiers:<\/h4>\n<ul>\n<li>Les casiers sont strictement r\u00e9serv\u00e9s aux usagers de la biblioth\u00e8que NTNM durant leur visite (utilisation strictement diurne). Ils sont mis \u00e0 disposition tous les jours de 9h \u00e0 19h.<\/li>\n<li>L&rsquo;occupation \u00e0 long terme n&rsquo;est pas autoris\u00e9e.<\/li>\n<li>Les casiers sont ouverts tous les jours entre 8h et 8h30 par les employ\u00e9s de la biblioth\u00e8que NTNM.<\/li>\n<li>Pour des raisons d&rsquo;hygi\u00e8ne, tout aliment sera \u00e9limin\u00e9 imm\u00e9diatement et non rembours\u00e9.<\/li>\n<li>Tout autre contenu sera conserv\u00e9 dans des sacs personnalis\u00e9s jusqu&rsquo;\u00e0 la fin de la semaine \u00e0 la biblioth\u00e8que.<\/li>\n<li>Chaque lundi les sacs non r\u00e9cup\u00e9r\u00e9s seront d\u00e9pos\u00e9s au Bureau des objets trouv\u00e9s de l\u2019Universit\u00e9.<\/li>\n<\/ul>\n<p>La biblioth\u00e8que NTNM n&rsquo;assume aucune responsabilit\u00e9 en cas de perte li\u00e9e \u00e0 l&rsquo;utilisation des casiers.<\/p>\n<h4>Personnel en charge de ce domaine<\/h4>\n<p>Margarethe Hauck<br \/>\nPhone: 0681\/302-4920<br \/>\n<a href=\"mailto:hauck@ntnm-bib.de\">hauck@ntnm-bib.de<\/a><\/p>\n","protected":false},"excerpt":{"rendered":"<p>Des casiers sont \u00e0 la disposition des usagers dans le foyer de la biblioth\u00e8que et entretenus par le personnel.  Les casiers num\u00e9rot\u00e9s de 1 \u00e0 50 fonctionnent \u00e0 l\u2019aide du pass-campus (UdS-Karte). Les casiers num\u00e9rot\u00e9s de 51 \u00e0 56 sont r\u00e9serv\u00e9s aux usagers externes \u00e0 la biblioth\u00e8que et s\u2019ouvrent \u00e0 l\u2019aide d\u2019une cl\u00e9 d\u00e9livr\u00e9e<\/p>\n","protected":false},"author":3,"featured_media":0,"parent":829,"menu_order":6,"comment_status":"closed","ping_status":"closed","template":"","meta":{"_acf_changed":false,"footnotes":""},"class_list":["post-4784","page","type-page","status-publish","hentry"],"acf":[],"yoast_head":"<!-- This site is optimized with the Yoast SEO plugin v27.1.1 - https:\/\/yoast.com\/product\/yoast-seo-wordpress\/ -->\n<title>Casiers - ntnm-bib<\/title>\n<meta name=\"robots\" content=\"index, follow, max-snippet:-1, max-image-preview:large, max-video-preview:-1\" \/>\n<link rel=\"canonical\" href=\"https:\/\/www.ntnm-bib.de\/fr\/renseignements-services\/casiers\/\" \/>\n<meta property=\"og:locale\" content=\"fr_FR\" \/>\n<meta property=\"og:type\" content=\"article\" \/>\n<meta property=\"og:title\" content=\"Casiers - ntnm-bib\" \/>\n<meta property=\"og:description\" content=\"Des casiers sont \u00e0 la disposition des usagers dans le foyer de la biblioth\u00e8que et entretenus par le personnel. Les casiers num\u00e9rot\u00e9s de 1 \u00e0 50 fonctionnent \u00e0 l\u2019aide du pass-campus (UdS-Karte). Les casiers num\u00e9rot\u00e9s de 51 \u00e0 56 sont r\u00e9serv\u00e9s aux usagers externes \u00e0 la biblioth\u00e8que et s\u2019ouvrent \u00e0 l\u2019aide d\u2019une cl\u00e9 d\u00e9livr\u00e9e\" \/>\n<meta property=\"og:url\" content=\"https:\/\/www.ntnm-bib.de\/fr\/renseignements-services\/casiers\/\" \/>\n<meta property=\"og:site_name\" content=\"ntnm-bib\" \/>\n<meta property=\"article:modified_time\" content=\"2026-03-01T09:52:01+00:00\" \/>\n<meta name=\"twitter:card\" content=\"summary_large_image\" \/>\n<meta name=\"twitter:label1\" content=\"Dur\u00e9e de lecture estim\u00e9e\" \/>\n\t<meta name=\"twitter:data1\" content=\"2 minutes\" \/>\n<script type=\"application\/ld+json\" class=\"yoast-schema-graph\">{\"@context\":\"https:\/\/schema.org\",\"@graph\":[{\"@type\":\"WebPage\",\"@id\":\"https:\/\/www.ntnm-bib.de\/fr\/renseignements-services\/casiers\/\",\"url\":\"https:\/\/www.ntnm-bib.de\/fr\/renseignements-services\/casiers\/\",\"name\":\"Casiers - ntnm-bib\",\"isPartOf\":{\"@id\":\"https:\/\/www.ntnm-bib.de\/#website\"},\"datePublished\":\"2021-02-08T13:54:29+00:00\",\"dateModified\":\"2026-03-01T09:52:01+00:00\",\"breadcrumb\":{\"@id\":\"https:\/\/www.ntnm-bib.de\/fr\/renseignements-services\/casiers\/#breadcrumb\"},\"inLanguage\":\"fr-FR\",\"potentialAction\":[{\"@type\":\"ReadAction\",\"target\":[\"https:\/\/www.ntnm-bib.de\/fr\/renseignements-services\/casiers\/\"]}]},{\"@type\":\"BreadcrumbList\",\"@id\":\"https:\/\/www.ntnm-bib.de\/fr\/renseignements-services\/casiers\/#breadcrumb\",\"itemListElement\":[{\"@type\":\"ListItem\",\"position\":1,\"name\":\"Startseite\",\"item\":\"https:\/\/www.ntnm-bib.de\/fr\/\"},{\"@type\":\"ListItem\",\"position\":2,\"name\":\"Information &#038; Services\",\"item\":\"https:\/\/www.ntnm-bib.de\/fr\/renseignements-services\/\"},{\"@type\":\"ListItem\",\"position\":3,\"name\":\"Casiers\"}]},{\"@type\":\"WebSite\",\"@id\":\"https:\/\/www.ntnm-bib.de\/#website\",\"url\":\"https:\/\/www.ntnm-bib.de\/\",\"name\":\"ntnm-bib\",\"description\":\"Eine weitere INM - Leibniz Institut for New Materials Websites Website\",\"publisher\":{\"@id\":\"https:\/\/www.ntnm-bib.de\/#organization\"},\"potentialAction\":[{\"@type\":\"SearchAction\",\"target\":{\"@type\":\"EntryPoint\",\"urlTemplate\":\"https:\/\/www.ntnm-bib.de\/?s={search_term_string}\"},\"query-input\":{\"@type\":\"PropertyValueSpecification\",\"valueRequired\":true,\"valueName\":\"search_term_string\"}}],\"inLanguage\":\"fr-FR\"},{\"@type\":\"Organization\",\"@id\":\"https:\/\/www.ntnm-bib.de\/#organization\",\"name\":\"ntnm-bib\",\"url\":\"https:\/\/www.ntnm-bib.de\/\",\"logo\":{\"@type\":\"ImageObject\",\"inLanguage\":\"fr-FR\",\"@id\":\"https:\/\/www.ntnm-bib.de\/#\/schema\/logo\/image\/\",\"url\":\"https:\/\/www.ntnm-bib.de\/wp-content\/uploads\/2025\/07\/Logo-NTNM-Bibliothek-UdS-Kombination-RGB-scaled.png\",\"contentUrl\":\"https:\/\/www.ntnm-bib.de\/wp-content\/uploads\/2025\/07\/Logo-NTNM-Bibliothek-UdS-Kombination-RGB-scaled.png\",\"width\":2560,\"height\":594,\"caption\":\"ntnm-bib\"},\"image\":{\"@id\":\"https:\/\/www.ntnm-bib.de\/#\/schema\/logo\/image\/\"}}]}<\/script>\n<!-- \/ Yoast SEO plugin. -->","yoast_head_json":{"title":"Casiers - ntnm-bib","robots":{"index":"index","follow":"follow","max-snippet":"max-snippet:-1","max-image-preview":"max-image-preview:large","max-video-preview":"max-video-preview:-1"},"canonical":"https:\/\/www.ntnm-bib.de\/fr\/renseignements-services\/casiers\/","og_locale":"fr_FR","og_type":"article","og_title":"Casiers - ntnm-bib","og_description":"Des casiers sont \u00e0 la disposition des usagers dans le foyer de la biblioth\u00e8que et entretenus par le personnel. Les casiers num\u00e9rot\u00e9s de 1 \u00e0 50 fonctionnent \u00e0 l\u2019aide du pass-campus (UdS-Karte). Les casiers num\u00e9rot\u00e9s de 51 \u00e0 56 sont r\u00e9serv\u00e9s aux usagers externes \u00e0 la biblioth\u00e8que et s\u2019ouvrent \u00e0 l\u2019aide d\u2019une cl\u00e9 d\u00e9livr\u00e9e","og_url":"https:\/\/www.ntnm-bib.de\/fr\/renseignements-services\/casiers\/","og_site_name":"ntnm-bib","article_modified_time":"2026-03-01T09:52:01+00:00","twitter_card":"summary_large_image","twitter_misc":{"Dur\u00e9e de lecture estim\u00e9e":"2 minutes"},"schema":{"@context":"https:\/\/schema.org","@graph":[{"@type":"WebPage","@id":"https:\/\/www.ntnm-bib.de\/fr\/renseignements-services\/casiers\/","url":"https:\/\/www.ntnm-bib.de\/fr\/renseignements-services\/casiers\/","name":"Casiers - ntnm-bib","isPartOf":{"@id":"https:\/\/www.ntnm-bib.de\/#website"},"datePublished":"2021-02-08T13:54:29+00:00","dateModified":"2026-03-01T09:52:01+00:00","breadcrumb":{"@id":"https:\/\/www.ntnm-bib.de\/fr\/renseignements-services\/casiers\/#breadcrumb"},"inLanguage":"fr-FR","potentialAction":[{"@type":"ReadAction","target":["https:\/\/www.ntnm-bib.de\/fr\/renseignements-services\/casiers\/"]}]},{"@type":"BreadcrumbList","@id":"https:\/\/www.ntnm-bib.de\/fr\/renseignements-services\/casiers\/#breadcrumb","itemListElement":[{"@type":"ListItem","position":1,"name":"Startseite","item":"https:\/\/www.ntnm-bib.de\/fr\/"},{"@type":"ListItem","position":2,"name":"Information &#038; Services","item":"https:\/\/www.ntnm-bib.de\/fr\/renseignements-services\/"},{"@type":"ListItem","position":3,"name":"Casiers"}]},{"@type":"WebSite","@id":"https:\/\/www.ntnm-bib.de\/#website","url":"https:\/\/www.ntnm-bib.de\/","name":"ntnm-bib","description":"Eine weitere INM - Leibniz Institut for New Materials Websites Website","publisher":{"@id":"https:\/\/www.ntnm-bib.de\/#organization"},"potentialAction":[{"@type":"SearchAction","target":{"@type":"EntryPoint","urlTemplate":"https:\/\/www.ntnm-bib.de\/?s={search_term_string}"},"query-input":{"@type":"PropertyValueSpecification","valueRequired":true,"valueName":"search_term_string"}}],"inLanguage":"fr-FR"},{"@type":"Organization","@id":"https:\/\/www.ntnm-bib.de\/#organization","name":"ntnm-bib","url":"https:\/\/www.ntnm-bib.de\/","logo":{"@type":"ImageObject","inLanguage":"fr-FR","@id":"https:\/\/www.ntnm-bib.de\/#\/schema\/logo\/image\/","url":"https:\/\/www.ntnm-bib.de\/wp-content\/uploads\/2025\/07\/Logo-NTNM-Bibliothek-UdS-Kombination-RGB-scaled.png","contentUrl":"https:\/\/www.ntnm-bib.de\/wp-content\/uploads\/2025\/07\/Logo-NTNM-Bibliothek-UdS-Kombination-RGB-scaled.png","width":2560,"height":594,"caption":"ntnm-bib"},"image":{"@id":"https:\/\/www.ntnm-bib.de\/#\/schema\/logo\/image\/"}}]}},"_links":{"self":[{"href":"https:\/\/www.ntnm-bib.de\/fr\/wp-json\/wp\/v2\/pages\/4784","targetHints":{"allow":["GET"]}}],"collection":[{"href":"https:\/\/www.ntnm-bib.de\/fr\/wp-json\/wp\/v2\/pages"}],"about":[{"href":"https:\/\/www.ntnm-bib.de\/fr\/wp-json\/wp\/v2\/types\/page"}],"author":[{"embeddable":true,"href":"https:\/\/www.ntnm-bib.de\/fr\/wp-json\/wp\/v2\/users\/3"}],"replies":[{"embeddable":true,"href":"https:\/\/www.ntnm-bib.de\/fr\/wp-json\/wp\/v2\/comments?post=4784"}],"version-history":[{"count":5,"href":"https:\/\/www.ntnm-bib.de\/fr\/wp-json\/wp\/v2\/pages\/4784\/revisions"}],"predecessor-version":[{"id":10530,"href":"https:\/\/www.ntnm-bib.de\/fr\/wp-json\/wp\/v2\/pages\/4784\/revisions\/10530"}],"up":[{"embeddable":true,"href":"https:\/\/www.ntnm-bib.de\/fr\/wp-json\/wp\/v2\/pages\/829"}],"wp:attachment":[{"href":"https:\/\/www.ntnm-bib.de\/fr\/wp-json\/wp\/v2\/media?parent=4784"}],"curies":[{"name":"wp","href":"https:\/\/api.w.org\/{rel}","templated":true}]}}