{"id":4786,"date":"2021-02-08T17:26:03","date_gmt":"2021-02-08T16:26:03","guid":{"rendered":"https:\/\/www.ntnm-bib.de\/?page_id=4786"},"modified":"2021-02-08T17:55:52","modified_gmt":"2021-02-08T16:55:52","slug":"ressources-imprimees","status":"publish","type":"page","link":"https:\/\/www.ntnm-bib.de\/fr\/ressources-imprimees\/","title":{"rendered":"Ressources imprim\u00e9es"},"content":{"rendered":"<h4>Catalogue de la biblioth\u00e8que NTNM<\/h4>\n<p>Vous trouverez l&rsquo;inventaire complet des ressources imprim\u00e9es de la biblioth\u00e8que dans le catalogue. <\/p>\n<form id=\"searchform\" class=\"form-inline\" action=\"https:\/\/inm.bsz-bw.de\/cgi-bin\/koha\/opac-search.pl\" method=\"get\" name=\"searchform\">\n<div class=\"input-append nolibrarypulldown\"><input id=\"translControl1\" class=\"transl1\" title=\"Suchbegriffe eingeben\" name=\"q\" type=\"text\" \/><span id=\"translControl\"><\/span><button id=\"searchsubmit\" class=\"button\" type=\"submit\">D\u00e9but de la recherche<\/button> <a class=\"button\" href=\"https:\/\/inm.bsz-bw.de\/cgi-bin\/koha\/opac-user.pl\">Vers le compte lecteur<\/a><\/div>\n<\/form>\n<h4>Collection de manuels de r\u00e9f\u00e9rence<\/h4>\n<p>La biblioth\u00e8que NTNM offre aux \u00e9tudiants de la Facult\u00e9 NT une vaste gamme de manuels     de r\u00e9f\u00e9rence disponibles au pr\u00eat en plusieurs exemplaires. Le fonds est actualis\u00e9 r\u00e9guli\u00e8rement selon les souhaits formul\u00e9s par les titulaires de chaire en fonction de leurs cours. Tout souhait d\u2019acquisition, qu\u2019il s\u2019agisse de manuels, de documents d\u2019\u00e9tude ou de recherche, est le bienvenu et pris en compte.<\/p>\n<h4>Propositions d&rsquo;achat<\/h4>\n<p>Si vous avez besoin de litt\u00e9rature ne figurant pas dans notre inventaire, envoyez-nous votre proposition d&rsquo;achat \u00e0 l\u2019aide du formulaire ou par courriel \u00e0 <a href=\"mailto:lestrade@ntnm-bib.de\">lestrade@ntnm-bib.de<\/a><\/p>\n<h4>Personnel en charge de ce domaine<\/h4>\n<p>Brigitte Lestrade-Hartig<br \/>\n0681\/302-4922<br \/>\n<a href=\"mailto:lestrade@ntnm-bib.de\">lestrade@ntnm-bib.de<\/a><\/p>\n","protected":false},"excerpt":{"rendered":"<p>Catalogue de la biblioth\u00e8que NTNM<\/p>\n<p>Vous trouverez l&rsquo;inventaire complet des ressources imprim\u00e9es de la biblioth\u00e8que dans le catalogue. <\/p>\n<div class=\"input-append nolibrarypulldown\">D\u00e9but de la recherche <a class=\"button\" href=\"https:\/\/inm.bsz-bw.de\/cgi-bin\/koha\/opac-user.pl\">Vers le compte lecteur<\/a><\/div>\n<p>Collection de manuels de r\u00e9f\u00e9rence<\/p>\n<p>La biblioth\u00e8que NTNM offre aux \u00e9tudiants de la Facult\u00e9 NT une vaste gamme de manuels     de r\u00e9f\u00e9rence disponibles au<\/p>\n","protected":false},"author":3,"featured_media":0,"parent":0,"menu_order":2,"comment_status":"closed","ping_status":"closed","template":"","meta":{"_acf_changed":false,"footnotes":""},"class_list":["post-4786","page","type-page","status-publish","hentry"],"acf":[],"yoast_head":"<!-- This site is optimized with the Yoast SEO plugin v27.3 - https:\/\/yoast.com\/product\/yoast-seo-wordpress\/ -->\n<title>Ressources imprim\u00e9es - ntnm-bib<\/title>\n<meta name=\"robots\" content=\"index, follow, max-snippet:-1, max-image-preview:large, max-video-preview:-1\" \/>\n<link rel=\"canonical\" href=\"https:\/\/www.ntnm-bib.de\/fr\/ressources-imprimees\/\" \/>\n<meta property=\"og:locale\" content=\"fr_FR\" \/>\n<meta property=\"og:type\" content=\"article\" \/>\n<meta property=\"og:title\" content=\"Ressources imprim\u00e9es - ntnm-bib\" \/>\n<meta property=\"og:description\" content=\"Catalogue de la biblioth\u00e8que NTNM Vous trouverez l&rsquo;inventaire complet des ressources imprim\u00e9es de la biblioth\u00e8que dans le catalogue.  D\u00e9but de la recherche Vers le compte lecteur Collection de manuels de r\u00e9f\u00e9rence La biblioth\u00e8que NTNM offre aux \u00e9tudiants de la Facult\u00e9 NT une vaste gamme de manuels   de r\u00e9f\u00e9rence disponibles au\" \/>\n<meta property=\"og:url\" content=\"https:\/\/www.ntnm-bib.de\/fr\/ressources-imprimees\/\" \/>\n<meta property=\"og:site_name\" content=\"ntnm-bib\" \/>\n<meta property=\"article:modified_time\" content=\"2021-02-08T16:55:52+00:00\" \/>\n<meta name=\"twitter:card\" content=\"summary_large_image\" \/>\n<meta name=\"twitter:label1\" content=\"Dur\u00e9e de lecture estim\u00e9e\" \/>\n\t<meta name=\"twitter:data1\" content=\"1 minute\" \/>\n<script type=\"application\/ld+json\" class=\"yoast-schema-graph\">{\"@context\":\"https:\\\/\\\/schema.org\",\"@graph\":[{\"@type\":\"WebPage\",\"@id\":\"https:\\\/\\\/www.ntnm-bib.de\\\/fr\\\/ressources-imprimees\\\/\",\"url\":\"https:\\\/\\\/www.ntnm-bib.de\\\/fr\\\/ressources-imprimees\\\/\",\"name\":\"Ressources imprim\u00e9es - ntnm-bib\",\"isPartOf\":{\"@id\":\"https:\\\/\\\/www.ntnm-bib.de\\\/#website\"},\"datePublished\":\"2021-02-08T16:26:03+00:00\",\"dateModified\":\"2021-02-08T16:55:52+00:00\",\"breadcrumb\":{\"@id\":\"https:\\\/\\\/www.ntnm-bib.de\\\/fr\\\/ressources-imprimees\\\/#breadcrumb\"},\"inLanguage\":\"fr-FR\",\"potentialAction\":[{\"@type\":\"ReadAction\",\"target\":[\"https:\\\/\\\/www.ntnm-bib.de\\\/fr\\\/ressources-imprimees\\\/\"]}]},{\"@type\":\"BreadcrumbList\",\"@id\":\"https:\\\/\\\/www.ntnm-bib.de\\\/fr\\\/ressources-imprimees\\\/#breadcrumb\",\"itemListElement\":[{\"@type\":\"ListItem\",\"position\":1,\"name\":\"Startseite\",\"item\":\"https:\\\/\\\/www.ntnm-bib.de\\\/fr\\\/\"},{\"@type\":\"ListItem\",\"position\":2,\"name\":\"Ressources imprim\u00e9es\"}]},{\"@type\":\"WebSite\",\"@id\":\"https:\\\/\\\/www.ntnm-bib.de\\\/#website\",\"url\":\"https:\\\/\\\/www.ntnm-bib.de\\\/\",\"name\":\"ntnm-bib\",\"description\":\"Eine weitere INM - Leibniz Institut for New Materials Websites Website\",\"publisher\":{\"@id\":\"https:\\\/\\\/www.ntnm-bib.de\\\/#organization\"},\"potentialAction\":[{\"@type\":\"SearchAction\",\"target\":{\"@type\":\"EntryPoint\",\"urlTemplate\":\"https:\\\/\\\/www.ntnm-bib.de\\\/?s={search_term_string}\"},\"query-input\":{\"@type\":\"PropertyValueSpecification\",\"valueRequired\":true,\"valueName\":\"search_term_string\"}}],\"inLanguage\":\"fr-FR\"},{\"@type\":\"Organization\",\"@id\":\"https:\\\/\\\/www.ntnm-bib.de\\\/#organization\",\"name\":\"ntnm-bib\",\"url\":\"https:\\\/\\\/www.ntnm-bib.de\\\/\",\"logo\":{\"@type\":\"ImageObject\",\"inLanguage\":\"fr-FR\",\"@id\":\"https:\\\/\\\/www.ntnm-bib.de\\\/#\\\/schema\\\/logo\\\/image\\\/\",\"url\":\"https:\\\/\\\/www.ntnm-bib.de\\\/wp-content\\\/uploads\\\/2025\\\/07\\\/Logo-NTNM-Bibliothek-UdS-Kombination-RGB-scaled.png\",\"contentUrl\":\"https:\\\/\\\/www.ntnm-bib.de\\\/wp-content\\\/uploads\\\/2025\\\/07\\\/Logo-NTNM-Bibliothek-UdS-Kombination-RGB-scaled.png\",\"width\":2560,\"height\":594,\"caption\":\"ntnm-bib\"},\"image\":{\"@id\":\"https:\\\/\\\/www.ntnm-bib.de\\\/#\\\/schema\\\/logo\\\/image\\\/\"}}]}<\/script>\n<!-- \/ Yoast SEO plugin. -->","yoast_head_json":{"title":"Ressources imprim\u00e9es - ntnm-bib","robots":{"index":"index","follow":"follow","max-snippet":"max-snippet:-1","max-image-preview":"max-image-preview:large","max-video-preview":"max-video-preview:-1"},"canonical":"https:\/\/www.ntnm-bib.de\/fr\/ressources-imprimees\/","og_locale":"fr_FR","og_type":"article","og_title":"Ressources imprim\u00e9es - ntnm-bib","og_description":"Catalogue de la biblioth\u00e8que NTNM Vous trouverez l&rsquo;inventaire complet des ressources imprim\u00e9es de la biblioth\u00e8que dans le catalogue.  D\u00e9but de la recherche Vers le compte lecteur Collection de manuels de r\u00e9f\u00e9rence La biblioth\u00e8que NTNM offre aux \u00e9tudiants de la Facult\u00e9 NT une vaste gamme de manuels   de r\u00e9f\u00e9rence disponibles au","og_url":"https:\/\/www.ntnm-bib.de\/fr\/ressources-imprimees\/","og_site_name":"ntnm-bib","article_modified_time":"2021-02-08T16:55:52+00:00","twitter_card":"summary_large_image","twitter_misc":{"Dur\u00e9e de lecture estim\u00e9e":"1 minute"},"schema":{"@context":"https:\/\/schema.org","@graph":[{"@type":"WebPage","@id":"https:\/\/www.ntnm-bib.de\/fr\/ressources-imprimees\/","url":"https:\/\/www.ntnm-bib.de\/fr\/ressources-imprimees\/","name":"Ressources imprim\u00e9es - ntnm-bib","isPartOf":{"@id":"https:\/\/www.ntnm-bib.de\/#website"},"datePublished":"2021-02-08T16:26:03+00:00","dateModified":"2021-02-08T16:55:52+00:00","breadcrumb":{"@id":"https:\/\/www.ntnm-bib.de\/fr\/ressources-imprimees\/#breadcrumb"},"inLanguage":"fr-FR","potentialAction":[{"@type":"ReadAction","target":["https:\/\/www.ntnm-bib.de\/fr\/ressources-imprimees\/"]}]},{"@type":"BreadcrumbList","@id":"https:\/\/www.ntnm-bib.de\/fr\/ressources-imprimees\/#breadcrumb","itemListElement":[{"@type":"ListItem","position":1,"name":"Startseite","item":"https:\/\/www.ntnm-bib.de\/fr\/"},{"@type":"ListItem","position":2,"name":"Ressources imprim\u00e9es"}]},{"@type":"WebSite","@id":"https:\/\/www.ntnm-bib.de\/#website","url":"https:\/\/www.ntnm-bib.de\/","name":"ntnm-bib","description":"Eine weitere INM - Leibniz Institut for New Materials Websites Website","publisher":{"@id":"https:\/\/www.ntnm-bib.de\/#organization"},"potentialAction":[{"@type":"SearchAction","target":{"@type":"EntryPoint","urlTemplate":"https:\/\/www.ntnm-bib.de\/?s={search_term_string}"},"query-input":{"@type":"PropertyValueSpecification","valueRequired":true,"valueName":"search_term_string"}}],"inLanguage":"fr-FR"},{"@type":"Organization","@id":"https:\/\/www.ntnm-bib.de\/#organization","name":"ntnm-bib","url":"https:\/\/www.ntnm-bib.de\/","logo":{"@type":"ImageObject","inLanguage":"fr-FR","@id":"https:\/\/www.ntnm-bib.de\/#\/schema\/logo\/image\/","url":"https:\/\/www.ntnm-bib.de\/wp-content\/uploads\/2025\/07\/Logo-NTNM-Bibliothek-UdS-Kombination-RGB-scaled.png","contentUrl":"https:\/\/www.ntnm-bib.de\/wp-content\/uploads\/2025\/07\/Logo-NTNM-Bibliothek-UdS-Kombination-RGB-scaled.png","width":2560,"height":594,"caption":"ntnm-bib"},"image":{"@id":"https:\/\/www.ntnm-bib.de\/#\/schema\/logo\/image\/"}}]}},"_links":{"self":[{"href":"https:\/\/www.ntnm-bib.de\/fr\/wp-json\/wp\/v2\/pages\/4786","targetHints":{"allow":["GET"]}}],"collection":[{"href":"https:\/\/www.ntnm-bib.de\/fr\/wp-json\/wp\/v2\/pages"}],"about":[{"href":"https:\/\/www.ntnm-bib.de\/fr\/wp-json\/wp\/v2\/types\/page"}],"author":[{"embeddable":true,"href":"https:\/\/www.ntnm-bib.de\/fr\/wp-json\/wp\/v2\/users\/3"}],"replies":[{"embeddable":true,"href":"https:\/\/www.ntnm-bib.de\/fr\/wp-json\/wp\/v2\/comments?post=4786"}],"version-history":[{"count":5,"href":"https:\/\/www.ntnm-bib.de\/fr\/wp-json\/wp\/v2\/pages\/4786\/revisions"}],"predecessor-version":[{"id":4791,"href":"https:\/\/www.ntnm-bib.de\/fr\/wp-json\/wp\/v2\/pages\/4786\/revisions\/4791"}],"wp:attachment":[{"href":"https:\/\/www.ntnm-bib.de\/fr\/wp-json\/wp\/v2\/media?parent=4786"}],"curies":[{"name":"wp","href":"https:\/\/api.w.org\/{rel}","templated":true}]}}