{"id":4813,"date":"2021-02-08T17:47:32","date_gmt":"2021-02-08T16:47:32","guid":{"rendered":"https:\/\/www.ntnm-bib.de\/?page_id=4813"},"modified":"2021-08-04T12:24:53","modified_gmt":"2021-08-04T10:24:53","slug":"ressources-electroniques","status":"publish","type":"page","link":"https:\/\/www.ntnm-bib.de\/fr\/ressources-electroniques\/","title":{"rendered":"Ressources \u00e9lectroniques"},"content":{"rendered":"<h4>Portail de savoir<\/h4>\n<div id=\"edssb \">\n<div id=\"edssbcode\">\n<form id=\"searchform\" class=\"form-inline\" accept-charset=\"UTF-8\" action=\"https:\/\/search.ebscohost.com\/login.aspx\" method=\"get\" target=\"_blank\"><input name=\"direct\" type=\"hidden\" value=\"true\" \/><input name=\"scope\" type=\"hidden\" value=\"site\" \/><input name=\"site\" type=\"hidden\" value=\"eds-live\" \/><input name=\"custid\" type=\"hidden\" value=\"ns004360\" \/><input name=\"groupid\" type=\"hidden\" value=\"main\" \/><input name=\"profile\" type=\"hidden\" value=\"eds\" \/><input name=\"authtype\" type=\"hidden\" value=\"ip,guest\" \/><input name=\"type\" type=\"hidden\" value=\"1\" \/><input name=\"bquery\" type=\"text\" value=\"\" \/><button id=\"searchsubmit\" class=\"button\" type=\"submit\">D\u00e9but de la recherche<\/button><br \/>\n            <\/form>\n<\/p><\/div>\n<\/div>\n<p>La biblioth\u00e8que NTNM acquiert des licences de progiciels de m\u00e9dias \u00e9lectroniques (e-media) tant pour l&rsquo;INM &#8211; Institut Leibniz de recherche sur les nouveaux mat\u00e9riaux que pour la Facult\u00e9 des Sciences et Techniques de l\u2019Universit\u00e9 de la Sarre en coop\u00e9ration avec la Biblioth\u00e8que centrale de l\u2019Universit\u00e9 (SULB). L&rsquo;offre e-media de la biblioth\u00e8que NTNM comprend des livres \u00e9lectroniques et des revues scientifiques, des banques de donn\u00e9es et des ouvrages de r\u00e9f\u00e9rence ainsi qu&rsquo;un large \u00e9ventail de publications universitaires \u00e9lectroniques.<\/p>\n<h4>Propositions d\u2019achat de nouvelles licences<\/h4>\n<p>Souhaitez-vous un acc\u00e8s \u00e9lectronique \u00e0 un produit d&rsquo;information? Adressez un courriel informel \u00e0 <a href=\"mailto:bubel@ntnm-bib.de\">bubel@ntnm-bib.de<\/a>. La biblioth\u00e8que se charge de la recherche des conditions de licence.<\/p>\n<h4>Personnel en charge de ce domaine<\/h4>\n<p>Elke Bubel<br \/>\n0681\/302-4651<br \/>\n<a href=\"mailto:bubel@ntnm-bib.de\">bubel@ntnm-bib.de<\/a><\/p>\n","protected":false},"excerpt":{"rendered":"<p>Portail de savoir<\/p>\n<div id=\"edssb \">\n<div id=\"edssbcode\">\nD\u00e9but de la recherche<\/p>\n<\/div>\n<\/div>\n<p>La biblioth\u00e8que NTNM acquiert des licences de progiciels de m\u00e9dias \u00e9lectroniques (e-media) tant pour l&rsquo;INM &#8211; Institut Leibniz de recherche sur les nouveaux mat\u00e9riaux que pour la Facult\u00e9 des Sciences et Techniques de l\u2019Universit\u00e9 de<\/p>\n","protected":false},"author":3,"featured_media":0,"parent":0,"menu_order":3,"comment_status":"closed","ping_status":"closed","template":"","meta":{"_acf_changed":false,"footnotes":""},"class_list":["post-4813","page","type-page","status-publish","hentry"],"acf":[],"yoast_head":"<!-- This site is optimized with the Yoast SEO plugin v27.3 - https:\/\/yoast.com\/product\/yoast-seo-wordpress\/ -->\n<title>Ressources \u00e9lectroniques - ntnm-bib<\/title>\n<meta name=\"robots\" content=\"index, follow, max-snippet:-1, max-image-preview:large, max-video-preview:-1\" \/>\n<link rel=\"canonical\" href=\"https:\/\/www.ntnm-bib.de\/fr\/ressources-electroniques\/\" \/>\n<meta property=\"og:locale\" content=\"fr_FR\" \/>\n<meta property=\"og:type\" content=\"article\" \/>\n<meta property=\"og:title\" content=\"Ressources \u00e9lectroniques - ntnm-bib\" \/>\n<meta property=\"og:description\" content=\"Portail de savoir  D\u00e9but de la recherche        La biblioth\u00e8que NTNM acquiert des licences de progiciels de m\u00e9dias \u00e9lectroniques (e-media) tant pour l&rsquo;INM &#8211; Institut Leibniz de recherche sur les nouveaux mat\u00e9riaux que pour la Facult\u00e9 des Sciences et Techniques de l\u2019Universit\u00e9 de\" \/>\n<meta property=\"og:url\" content=\"https:\/\/www.ntnm-bib.de\/fr\/ressources-electroniques\/\" \/>\n<meta property=\"og:site_name\" content=\"ntnm-bib\" \/>\n<meta property=\"article:modified_time\" content=\"2021-08-04T10:24:53+00:00\" \/>\n<meta name=\"twitter:card\" content=\"summary_large_image\" \/>\n<meta name=\"twitter:label1\" content=\"Dur\u00e9e de lecture estim\u00e9e\" \/>\n\t<meta name=\"twitter:data1\" content=\"1 minute\" \/>\n<script type=\"application\/ld+json\" class=\"yoast-schema-graph\">{\"@context\":\"https:\\\/\\\/schema.org\",\"@graph\":[{\"@type\":\"WebPage\",\"@id\":\"https:\\\/\\\/www.ntnm-bib.de\\\/fr\\\/ressources-electroniques\\\/\",\"url\":\"https:\\\/\\\/www.ntnm-bib.de\\\/fr\\\/ressources-electroniques\\\/\",\"name\":\"Ressources \u00e9lectroniques - ntnm-bib\",\"isPartOf\":{\"@id\":\"https:\\\/\\\/www.ntnm-bib.de\\\/#website\"},\"datePublished\":\"2021-02-08T16:47:32+00:00\",\"dateModified\":\"2021-08-04T10:24:53+00:00\",\"breadcrumb\":{\"@id\":\"https:\\\/\\\/www.ntnm-bib.de\\\/fr\\\/ressources-electroniques\\\/#breadcrumb\"},\"inLanguage\":\"fr-FR\",\"potentialAction\":[{\"@type\":\"ReadAction\",\"target\":[\"https:\\\/\\\/www.ntnm-bib.de\\\/fr\\\/ressources-electroniques\\\/\"]}]},{\"@type\":\"BreadcrumbList\",\"@id\":\"https:\\\/\\\/www.ntnm-bib.de\\\/fr\\\/ressources-electroniques\\\/#breadcrumb\",\"itemListElement\":[{\"@type\":\"ListItem\",\"position\":1,\"name\":\"Startseite\",\"item\":\"https:\\\/\\\/www.ntnm-bib.de\\\/fr\\\/\"},{\"@type\":\"ListItem\",\"position\":2,\"name\":\"Ressources \u00e9lectroniques\"}]},{\"@type\":\"WebSite\",\"@id\":\"https:\\\/\\\/www.ntnm-bib.de\\\/#website\",\"url\":\"https:\\\/\\\/www.ntnm-bib.de\\\/\",\"name\":\"ntnm-bib\",\"description\":\"Eine weitere INM - Leibniz Institut for New Materials Websites Website\",\"publisher\":{\"@id\":\"https:\\\/\\\/www.ntnm-bib.de\\\/#organization\"},\"potentialAction\":[{\"@type\":\"SearchAction\",\"target\":{\"@type\":\"EntryPoint\",\"urlTemplate\":\"https:\\\/\\\/www.ntnm-bib.de\\\/?s={search_term_string}\"},\"query-input\":{\"@type\":\"PropertyValueSpecification\",\"valueRequired\":true,\"valueName\":\"search_term_string\"}}],\"inLanguage\":\"fr-FR\"},{\"@type\":\"Organization\",\"@id\":\"https:\\\/\\\/www.ntnm-bib.de\\\/#organization\",\"name\":\"ntnm-bib\",\"url\":\"https:\\\/\\\/www.ntnm-bib.de\\\/\",\"logo\":{\"@type\":\"ImageObject\",\"inLanguage\":\"fr-FR\",\"@id\":\"https:\\\/\\\/www.ntnm-bib.de\\\/#\\\/schema\\\/logo\\\/image\\\/\",\"url\":\"https:\\\/\\\/www.ntnm-bib.de\\\/wp-content\\\/uploads\\\/2025\\\/07\\\/Logo-NTNM-Bibliothek-UdS-Kombination-RGB-scaled.png\",\"contentUrl\":\"https:\\\/\\\/www.ntnm-bib.de\\\/wp-content\\\/uploads\\\/2025\\\/07\\\/Logo-NTNM-Bibliothek-UdS-Kombination-RGB-scaled.png\",\"width\":2560,\"height\":594,\"caption\":\"ntnm-bib\"},\"image\":{\"@id\":\"https:\\\/\\\/www.ntnm-bib.de\\\/#\\\/schema\\\/logo\\\/image\\\/\"}}]}<\/script>\n<!-- \/ Yoast SEO plugin. -->","yoast_head_json":{"title":"Ressources \u00e9lectroniques - ntnm-bib","robots":{"index":"index","follow":"follow","max-snippet":"max-snippet:-1","max-image-preview":"max-image-preview:large","max-video-preview":"max-video-preview:-1"},"canonical":"https:\/\/www.ntnm-bib.de\/fr\/ressources-electroniques\/","og_locale":"fr_FR","og_type":"article","og_title":"Ressources \u00e9lectroniques - ntnm-bib","og_description":"Portail de savoir  D\u00e9but de la recherche        La biblioth\u00e8que NTNM acquiert des licences de progiciels de m\u00e9dias \u00e9lectroniques (e-media) tant pour l&rsquo;INM &#8211; Institut Leibniz de recherche sur les nouveaux mat\u00e9riaux que pour la Facult\u00e9 des Sciences et Techniques de l\u2019Universit\u00e9 de","og_url":"https:\/\/www.ntnm-bib.de\/fr\/ressources-electroniques\/","og_site_name":"ntnm-bib","article_modified_time":"2021-08-04T10:24:53+00:00","twitter_card":"summary_large_image","twitter_misc":{"Dur\u00e9e de lecture estim\u00e9e":"1 minute"},"schema":{"@context":"https:\/\/schema.org","@graph":[{"@type":"WebPage","@id":"https:\/\/www.ntnm-bib.de\/fr\/ressources-electroniques\/","url":"https:\/\/www.ntnm-bib.de\/fr\/ressources-electroniques\/","name":"Ressources \u00e9lectroniques - ntnm-bib","isPartOf":{"@id":"https:\/\/www.ntnm-bib.de\/#website"},"datePublished":"2021-02-08T16:47:32+00:00","dateModified":"2021-08-04T10:24:53+00:00","breadcrumb":{"@id":"https:\/\/www.ntnm-bib.de\/fr\/ressources-electroniques\/#breadcrumb"},"inLanguage":"fr-FR","potentialAction":[{"@type":"ReadAction","target":["https:\/\/www.ntnm-bib.de\/fr\/ressources-electroniques\/"]}]},{"@type":"BreadcrumbList","@id":"https:\/\/www.ntnm-bib.de\/fr\/ressources-electroniques\/#breadcrumb","itemListElement":[{"@type":"ListItem","position":1,"name":"Startseite","item":"https:\/\/www.ntnm-bib.de\/fr\/"},{"@type":"ListItem","position":2,"name":"Ressources \u00e9lectroniques"}]},{"@type":"WebSite","@id":"https:\/\/www.ntnm-bib.de\/#website","url":"https:\/\/www.ntnm-bib.de\/","name":"ntnm-bib","description":"Eine weitere INM - Leibniz Institut for New Materials Websites Website","publisher":{"@id":"https:\/\/www.ntnm-bib.de\/#organization"},"potentialAction":[{"@type":"SearchAction","target":{"@type":"EntryPoint","urlTemplate":"https:\/\/www.ntnm-bib.de\/?s={search_term_string}"},"query-input":{"@type":"PropertyValueSpecification","valueRequired":true,"valueName":"search_term_string"}}],"inLanguage":"fr-FR"},{"@type":"Organization","@id":"https:\/\/www.ntnm-bib.de\/#organization","name":"ntnm-bib","url":"https:\/\/www.ntnm-bib.de\/","logo":{"@type":"ImageObject","inLanguage":"fr-FR","@id":"https:\/\/www.ntnm-bib.de\/#\/schema\/logo\/image\/","url":"https:\/\/www.ntnm-bib.de\/wp-content\/uploads\/2025\/07\/Logo-NTNM-Bibliothek-UdS-Kombination-RGB-scaled.png","contentUrl":"https:\/\/www.ntnm-bib.de\/wp-content\/uploads\/2025\/07\/Logo-NTNM-Bibliothek-UdS-Kombination-RGB-scaled.png","width":2560,"height":594,"caption":"ntnm-bib"},"image":{"@id":"https:\/\/www.ntnm-bib.de\/#\/schema\/logo\/image\/"}}]}},"_links":{"self":[{"href":"https:\/\/www.ntnm-bib.de\/fr\/wp-json\/wp\/v2\/pages\/4813","targetHints":{"allow":["GET"]}}],"collection":[{"href":"https:\/\/www.ntnm-bib.de\/fr\/wp-json\/wp\/v2\/pages"}],"about":[{"href":"https:\/\/www.ntnm-bib.de\/fr\/wp-json\/wp\/v2\/types\/page"}],"author":[{"embeddable":true,"href":"https:\/\/www.ntnm-bib.de\/fr\/wp-json\/wp\/v2\/users\/3"}],"replies":[{"embeddable":true,"href":"https:\/\/www.ntnm-bib.de\/fr\/wp-json\/wp\/v2\/comments?post=4813"}],"version-history":[{"count":11,"href":"https:\/\/www.ntnm-bib.de\/fr\/wp-json\/wp\/v2\/pages\/4813\/revisions"}],"predecessor-version":[{"id":6113,"href":"https:\/\/www.ntnm-bib.de\/fr\/wp-json\/wp\/v2\/pages\/4813\/revisions\/6113"}],"wp:attachment":[{"href":"https:\/\/www.ntnm-bib.de\/fr\/wp-json\/wp\/v2\/media?parent=4813"}],"curies":[{"name":"wp","href":"https:\/\/api.w.org\/{rel}","templated":true}]}}