{"id":4911,"date":"2021-02-15T22:21:03","date_gmt":"2021-02-15T21:21:03","guid":{"rendered":"https:\/\/www.ntnm-bib.de\/?page_id=4911"},"modified":"2021-02-15T22:21:03","modified_gmt":"2021-02-15T21:21:03","slug":"politique-de-confidentialite","status":"publish","type":"page","link":"https:\/\/www.ntnm-bib.de\/fr\/politique-de-confidentialite\/","title":{"rendered":"Politique de confidentialit\u00e9"},"content":{"rendered":"<p>Das Leibniz-Institut f\u00fcr Neue Materialien gGmbH (INM) nimmt den Schutz Ihrer personenbezogenen Daten sehr ernst. Wir verarbeiten personenbezogene Daten, die beim Besuch unserer Webseiten erhoben werden, unter Beachtung der geltenden datenschutzrechtlichen Bestimmungen. Ihre Daten werden von uns weder ver\u00f6ffentlicht, noch unberechtigt an Dritte weitergegeben. Im Folgenden erl\u00e4utern wir, welche Daten wir w\u00e4hrend Ihres Besuches auf unseren Webseiten erfassen und wie genau diese verwendet werden:<\/p>\n<p><strong>A. Allgemeine Angaben<\/strong><br \/>\n1. Umfang der Datenverarbeitung<\/p>\n<p>Wir erheben und verwenden personenbezogene Nutzerdaten grunds\u00e4tzlich nur, soweit dies zur Bereitstellung einer funktionsf\u00e4higen Website sowie unserer Inhalte und Leistungen erforderlich ist. Die Erhebung und Verwendung personenbezogener Daten unserer Nutzer erfolgt regelm\u00e4\u00dfig nach Einwilligung der Nutzer. Eine Ausnahme gilt in solchen F\u00e4llen, in denen die Verarbeitung der Daten durch gesetzliche Vorschriften gestattet ist.<\/p>\n<p>2. Rechtsgrundlage der Datenverarbeitung<\/p>\n<p>Soweit wir f\u00fcr Verarbeitungsvorg\u00e4nge personenbezogener Daten eine Einwilligung der betroffenen Person einholen, dient Art. 6 Abs. 1 lit. a EU-Datenschutzgrundverordnung (DSGVO) als Rechtsgrundlage.<\/p>\n<p>Bei der Verarbeitung von personenbezogenen Daten, die zur Erf\u00fcllung eines Vertrages, dessen Vertragspartei die betroffene Person ist, erforderlich ist, dient Art. 6 Abs. 1 lit. b DSGVO als Rechtsgrundlage. Dies gilt auch f\u00fcr Verarbeitungsvorg\u00e4nge, die zur Durchf\u00fchrung vorvertraglicher Ma\u00dfnahmen erforderlich sind.<\/p>\n<p>Ist die Verarbeitung zur Wahrung eines berechtigten Interesses des INM oder eines Dritten erforderlich und \u00fcberwiegen die Interessen, Grundrechte und Grundfreiheiten des Betroffenen das erstgenannte Interesse nicht, so dient Art. 6 Abs. 1 lit. f DSGVO als Rechtsgrundlage f\u00fcr die Verarbeitung.<\/p>\n<p>3. Datenl\u00f6schung und Speicherdauer<\/p>\n<p>Die personenbezogenen Daten der betroffenen Person werden gel\u00f6scht oder gesperrt, sobald der Zweck der Speicherung entf\u00e4llt. Eine Speicherung kann dar\u00fcber hinaus erfolgen, wenn dies durch den europ\u00e4ischen oder nationalen Gesetzgeber in unionsrechtlichen Verordnungen, Gesetzen oder sonstigen Vorschriften, denen das INM unterliegt, vorgesehen wurde. Eine Sperrung oder L\u00f6schung der Daten erfolgt auch dann, wenn eine durch die genannten Normen vorgeschriebene Speicherfrist abl\u00e4uft, es sei denn, dass eine Erforderlichkeit zur weiteren Speicherung der Daten f\u00fcr einen Vertragsabschluss oder eine Vertragserf\u00fcllung besteht.<\/p>\n<p>4. Kontaktdaten der Verantwortlichen<\/p>\n<p>Verantwortlich im Sinne der Datenschutz-Grundverordnung und anderer nationaler Datenschutzgesetze sowie sonstiger datenschutzrechtlicher Bestimmungen ist die<\/p>\n<p>INM &#8211; Leibniz-Institut f\u00fcr Neue Materialien gGmbH<br \/>\nCampus D 2 2<br \/>\nD-66123 Saarbr\u00fccken<br \/>\nTelefon: +49 (681) 9300-0<\/p>\n<p>Internet: <a href=\"https:\/\/www.leibniz-inm.de\">https:\/\/www.leibniz-inm.de<\/a><\/p>\n<p>5. Kontaktdaten des Datenschutzbeauftragten<\/p>\n<p>Der Datenschutzbeauftragte des Verantwortlichen ist<\/p>\n<p>Stefan Br\u00fcck<br \/>\nINM &#8211; Leibniz-Institut f\u00fcr Neue Materialien gGmbH<br \/>\nCampus D 2 2<br \/>\nD-66123 Saarbr\u00fccken<\/p>\n<p>Telefon: +49 (681) 9300-245<br \/>\nE-Mail: <a href=\"mailto:datenschutzbeauftragter@leibniz-inm.de\">datenschutzbeauftragter@leibniz-inm.de<\/a><\/p>\n<p><strong>B. Bereitstellung der Website und Erstellung von Logfiles<\/strong><\/p>\n<p>Bei jedem Aufruf unserer Webseite erfassen unsere Server und Applikationen automatisiert Daten und Informationen vom Computersystem des aufrufenden Rechners.<\/p>\n<p>Folgende Daten werden vor\u00fcbergehend erhoben:<\/p>\n<ul>\n<li>Ihre IP-Adresse<\/li>\n<li>Datum und Uhrzeit Ihres Zugriffs auf die Seite<\/li>\n<li>Adresse der aufgerufenen Seite<\/li>\n<li>Adresse der zuvor besuchten Webseite (Referrer)<\/li>\n<li>Name und Version Ihres Browsers\/Betriebssystems (sofern \u00fcbertragen)<\/li>\n<\/ul>\n<p>Die Daten werden in den Logfiles unsere Systeme gespeichert. Eine Speicherung dieser Daten zusammen mit anderen personenbezogenen Daten des Nutzers findet nicht statt.<\/p>\n<p>Rechtsgrundlage f\u00fcr die vor\u00fcbergehende Speicherung der Daten und der Logfiles ist Art. 6 Abs. 1 lit. f DSGVO. Die Speicherung in Logfiles erfolgt, um die Funktionsf\u00e4higkeit der Website sicherzustellen. Zudem dienen uns die Daten zur Optimierung der Webseiten, zur St\u00f6rungsbeseitigung und zur Sicherstellung der Sicherheit unserer informationstechnischen Systeme. In diesen Zwecken liegt auch unser berechtigtes Interesse an der Datenverarbeitung nach Art. 6 Abs. 1 lit. f DSGVO.<\/p>\n<p>Die Daten werden gel\u00f6scht, sobald sie f\u00fcr die Erreichung des Zweckes ihrer Erhebung nicht mehr erforderlich sind. Im Falle der Erfassung der Daten zur Bereitstellung der Website ist dies der Fall, wenn die jeweilige Sitzung beendet ist. Im Falle der Speicherung der Daten in Logfiles ist dies nach sp\u00e4testens sieben Tagen der Fall. Eine dar\u00fcberhinausgehende Speicherung ist m\u00f6glich. In diesem Fall werden die IP-Adressen der Nutzer gel\u00f6scht oder verfremdet, sodass eine Zuordnung des aufrufenden Clients nicht mehr m\u00f6glich ist.<\/p>\n<p>Die Erfassung der Daten zur Bereitstellung der Website und die Speicherung der Daten in Logfiles ist f\u00fcr den Betrieb der Webseite zwingend erforderlich. Es besteht folglich seitens des Nutzers keine Widerspruchsm\u00f6glichkeit.<\/p>\n<p><strong>C. Webanalyse<\/strong><\/p>\n<p>Wir setzen zur statistischen Datenerfassung des Nutzungsverhaltens das Webanalytik-Programm Matomo (ehemals Piwik) ein, das mit Cookies und JavaScript verschiedene Informationen auf Ihrem Computer sammelt und automatisiert an uns \u00fcbertr\u00e4gt. Bei jedem Aufruf unserer Webseiten erfasst unser System folgende Daten und Informationen vom Computersystem des aufrufenden Rechners:<\/p>\n<ul>\n<li>IP-Adresse, durch Verk\u00fcrzen anonymisiert<\/li>\n<li>Zwei Cookies zur Unterscheidung verschiedener Besucher (pk_id und pk_sess)<\/li>\n<li>Zuvor besuchte URL (Referrer), sofern vom Browser \u00fcbermittelt<\/li>\n<li>Name und Version des Betriebssystems<\/li>\n<li>Name, Version und Spracheinstellung des Browsers<\/li>\n<\/ul>\n<p>Zus\u00e4tzlich, sofern JavaScript aktiviert ist:<\/p>\n<ul>\n<li>Besuchte URLs auf dieser Webseite<\/li>\n<li>Zeitpunkte der Seitenaufrufe<\/li>\n<li>Art der HTML-Anfragen<\/li>\n<li>Bildschirmaufl\u00f6sung und Farbtiefe<\/li>\n<li>Vom Browser unterst\u00fctzte Techniken und Formate (z. B. Cookies, Java, Flash, PDF, WindowsMedia, QuickTime, Realplayer, Director, SilverLight, Google Gears)<\/li>\n<\/ul>\n<p>Die Speicherung und Auswertung der Daten erfolgt ausschlie\u00dflich auf einem zentralen Server, der vom INM betrieben wird. Neben der zentralen Webseite www.leibniz-inm.de wird es auch von vielen dem INM zugeordneten Projekt-Webseiten genutzt.<\/p>\n<p>Rechtsgrundlage f\u00fcr die Verarbeitung der personenbezogenen Daten der Nutzer ist Art. 6 Abs. 1 lit. f DSGVO. Die Verarbeitung der personenbezogenen Daten der Nutzer erm\u00f6glicht uns eine Analyse des Nutzungsverhaltens unserer Nutzer. Wir sind durch die Auswertung der gewonnenen Daten in der Lage, Informationen \u00fcber die Nutzung der einzelnen Komponenten unserer Webseiten zusammenzustellen. Dies hilft uns dabei unsere Webseiten und deren Nutzerfreundlichkeit stetig zu verbessern. In diesen Zwecken liegt auch unser berechtigtes Interesse in der Verarbeitung der Daten nach Art. 6 Abs. 1 lit. f DSGVO. Durch die Anonymisierung der IP-Adresse wird dem Interesse der Nutzer an deren Schutz personenbezogener Daten hinreichend Rechnung getragen.<\/p>\n<p>Die Daten werden nach der Bildung der abschlie\u00dfenden Jahressummen f\u00fcr die Zugriffsstatistik gel\u00f6scht.<\/p>\n<p>Selbstverst\u00e4ndlich haben Sie die M\u00f6glichkeit der Datenerhebung zu widersprechen. Sie haben folgende unabh\u00e4ngige M\u00f6glichkeiten einer Datenerfassung durch den zentralen Server zu widersprechen:<\/p>\n<p>1. Aktivieren Sie in Ihrem Browser die Einstellung Do-Not-Track bzw. Nicht folgen. Solange diese Einstellung aktiv ist, wird unser zentraler Server keinerlei Daten von Ihnen speichern. Wichtig: Die Do-Not-Track -Anweisung gilt in der Regel nur f\u00fcr das eine Ger\u00e4t und den einen Browser, in dem Sie die Einstellung aktivieren. Sollten Sie mehrere Ger\u00e4te \/ Browser nutzen, dann m\u00fcssen Sie Do-Not-Track \u00fcberall separat aktivieren.<\/p>\n<p>2. Wenn Sie mit der Speicherung und Auswertung Ihrer Daten aus Ihrem Besuch nicht einverstanden sind, k\u00f6nnen Sie der Speicherung und Nutzung nachfolgend per Mausklick jederzeit widersprechen. Es wird dann in Ihrem Browser ein sog. Opt-Out-Cookie angelegt, was zur Folge hat, dass Piwik keinerlei Sitzungsdaten erhebt. Achtung: Wenn Sie Ihre Cookies l\u00f6schen, hat dies zur Folge, dass auch das Opt-Out-Cookie gel\u00f6scht wird und gegebenenfalls von Ihnen erneut aktiviert werden muss.<\/p>\n<p><iframe loading=\"lazy\" src=\"https:\/\/piwik.leibniz-inm.de\/index.php?module=CoreAdminHome&amp;action=optOut&amp;language=de\" width=\"550px\" height=\"200px\" frameborder=\"no\" data-mce-fragment=\"1\"><\/iframe><\/p>\n<p>Eine Speicherung dieser Daten zusammen mit anderen personenbezogenen Daten des Nutzers findet nicht statt.<\/p>\n<p><strong>D. Verwendung von Cookies<\/strong><\/p>\n<p>Unsere Webseite verwendet Cookies. Bei Cookies handelt es sich um Textdateien, die im Internetbrowser bzw. vom Internetbrowser auf dem Computersystem des Nutzers gespeichert werden. Ruft ein Nutzer eine Website auf, so kann ein Cookie auf dem Betriebssystem des Nutzers gespeichert werden. Dieses Cookie enth\u00e4lt eine charakteristische Zeichenfolge, die eine eindeutige Identifizierung des Browsers beim erneuten Aufrufen der Website erm\u00f6glicht.<\/p>\n<p>Wir setzen Cookies ein, um unsere Website nutzerfreundlicher zu gestalten. Einige Elemente unserer Webseite erfordern es technisch, dass der aufrufende Browser auch nach einem Seitenwechsel identifiziert werden kann.<\/p>\n<p>Die Rechtsgrundlage f\u00fcr die Verarbeitung personenbezogener Daten unter Verwendung von Cookies ist Art. 6 Abs. 1 lit. f DSGVO. Der Zweck der Verwendung technisch notwendiger Cookies ist, die Nutzung von Websites f\u00fcr die Nutzer zu vereinfachen. Einige Funktionen unserer Webseite k\u00f6nnen ohne den Einsatz von Cookies nicht angeboten werden. F\u00fcr diese ist es erforderlich, dass der Browser auch nach einem Seitenwechsel wiedererkannt wird. F\u00fcr folgende Anwendungen ben\u00f6tigen wir Cookies:<\/p>\n<p>\u00dcbernahme der Spracheinstellung des Browsers: automatische Auswahl der Startseite und Rechtschreibpr\u00fcfung<br \/>\nMerken von eingegebenen Formulardaten: bei der seiteninternen Suche verwendete Begriffe.<\/p>\n<p>Die durch technisch notwendige Cookies erhobenen Nutzerdaten werden nicht zur Erstellung von Nutzerprofilen verwendet. In diesen Zwecken liegt auch unser berechtigtes Interesse in der Verarbeitung der personenbezogenen Daten nach Art. 6 Abs. 1 lit. f DSGVO.<\/p>\n<p>Cookies werden auf dem Rechner des Nutzers gespeichert und von diesem an unserer Seite \u00fcbermittelt. Daher haben Sie als Nutzer auch die volle Kontrolle \u00fcber die Verwendung von Cookies. Durch eine \u00c4nderung der Einstellungen in Ihrem Internetbrowser k\u00f6nnen Sie die \u00dcbertragung von Cookies deaktivieren oder einschr\u00e4nken. Bereits gespeicherte Cookies k\u00f6nnen jederzeit gel\u00f6scht werden. Dies kann auch automatisiert erfolgen. Werden Cookies f\u00fcr unsere Website deaktiviert, k\u00f6nnen m\u00f6glicherweise nicht mehr alle Funktionen der Website vollumf\u00e4nglich genutzt werden.<\/p>\n<p>Wir verwenden auf unserer Website dar\u00fcber hinaus Cookies, die eine Analyse des Nutzungsverhaltens der Nutzer erm\u00f6glichen. Hierzu lesen Sie bitte unsere Angaben unter C.<\/p>\n<p><strong>E. Daten\u00fcbermittlung<\/strong><\/p>\n<p>Ihre personenbezogenen Daten werden nur in den gesetzlich erforderlichen F\u00e4llen bzw. zur Strafverfolgung aufgrund von Angriffen auf unsere Netzinfrastruktur an staatliche Einrichtungen und Beh\u00f6rden \u00fcbermittelt. Eine Weitergabe zu anderen Zwecken an Dritte findet nicht statt.<\/p>\n<p><strong>F. Recht der betroffenen Personen<br \/>\n<\/strong><br \/>\nAls betroffene Person, deren personenbezogene Daten im Rahmen der oben genannten Dienste erhoben werden, haben Sie grunds\u00e4tzlich folgende Rechte, soweit in Einzelf\u00e4llen keine gesetzlichen Ausnahmen zur Anwendung kommen:<\/p>\n<ul>\n<li>Auskunft (Art. 15 DS-GVO)<\/li>\n<li>Berichtigung (Art. 16 DS-GVO)<\/li>\n<li>L\u00f6schung (Art. 17 Abs. 1 DS-GVO)<\/li>\n<li>Einschr\u00e4nkung der Verarbeitung (Art. 18 DS-GVO)<\/li>\n<li>Daten\u00fcbertragbarkeit (Art. 20 DS-GVO)<\/li>\n<li>Widerspruch gegen die Verarbeitung (Art. 21 DS-GVO)<\/li>\n<li>Widerruf der Einwilligung (Art. 7 Abs. 3 DS-GVO)<\/li>\n<li>Beschwerderecht bei der Aufsichtsbeh\u00f6rde (Art. 77 DS-GVO). Dies ist f\u00fcr das INM das Unabh\u00e4ngiges Datenschutzzentrum Saarland, Fritz-Dobisch-Str. 12, 66111 Saarbr\u00fccken<\/li>\n<\/ul>\n","protected":false},"excerpt":{"rendered":"<p>Das Leibniz-Institut f\u00fcr Neue Materialien gGmbH (INM) nimmt den Schutz Ihrer personenbezogenen Daten sehr ernst. Wir verarbeiten personenbezogene Daten, die beim Besuch unserer Webseiten erhoben werden, unter Beachtung der geltenden datenschutzrechtlichen Bestimmungen. Ihre Daten werden von uns weder ver\u00f6ffentlicht, noch unberechtigt an Dritte weitergegeben. Im Folgenden erl\u00e4utern wir, welche Daten wir w\u00e4hrend Ihres Besuches auf<\/p>\n","protected":false},"author":3,"featured_media":0,"parent":0,"menu_order":0,"comment_status":"closed","ping_status":"closed","template":"index-wo-sidebar.php","meta":{"_acf_changed":false,"footnotes":""},"class_list":["post-4911","page","type-page","status-publish","hentry"],"acf":[],"yoast_head":"<!-- This site is optimized with the Yoast SEO plugin v27.3 - https:\/\/yoast.com\/product\/yoast-seo-wordpress\/ -->\n<title>Politique de confidentialit\u00e9 - ntnm-bib<\/title>\n<meta name=\"robots\" content=\"noindex, nofollow\" \/>\n<meta property=\"og:locale\" content=\"fr_FR\" \/>\n<meta property=\"og:type\" content=\"article\" \/>\n<meta property=\"og:title\" content=\"Politique de confidentialit\u00e9 - ntnm-bib\" \/>\n<meta property=\"og:description\" content=\"Das Leibniz-Institut f\u00fcr Neue Materialien gGmbH (INM) nimmt den Schutz Ihrer personenbezogenen Daten sehr ernst. Wir verarbeiten personenbezogene Daten, die beim Besuch unserer Webseiten erhoben werden, unter Beachtung der geltenden datenschutzrechtlichen Bestimmungen. Ihre Daten werden von uns weder ver\u00f6ffentlicht, noch unberechtigt an Dritte weitergegeben. Im Folgenden erl\u00e4utern wir, welche Daten wir w\u00e4hrend Ihres Besuches auf\" \/>\n<meta property=\"og:url\" content=\"https:\/\/www.ntnm-bib.de\/fr\/politique-de-confidentialite\/\" \/>\n<meta property=\"og:site_name\" content=\"ntnm-bib\" \/>\n<meta name=\"twitter:card\" content=\"summary_large_image\" \/>\n<meta name=\"twitter:label1\" content=\"Dur\u00e9e de lecture estim\u00e9e\" \/>\n\t<meta name=\"twitter:data1\" content=\"8 minutes\" \/>\n<script type=\"application\/ld+json\" class=\"yoast-schema-graph\">{\"@context\":\"https:\\\/\\\/schema.org\",\"@graph\":[{\"@type\":\"WebPage\",\"@id\":\"https:\\\/\\\/www.ntnm-bib.de\\\/fr\\\/politique-de-confidentialite\\\/\",\"url\":\"https:\\\/\\\/www.ntnm-bib.de\\\/fr\\\/politique-de-confidentialite\\\/\",\"name\":\"Politique de confidentialit\u00e9 - ntnm-bib\",\"isPartOf\":{\"@id\":\"https:\\\/\\\/www.ntnm-bib.de\\\/#website\"},\"datePublished\":\"2021-02-15T21:21:03+00:00\",\"breadcrumb\":{\"@id\":\"https:\\\/\\\/www.ntnm-bib.de\\\/fr\\\/politique-de-confidentialite\\\/#breadcrumb\"},\"inLanguage\":\"fr-FR\",\"potentialAction\":[{\"@type\":\"ReadAction\",\"target\":[\"https:\\\/\\\/www.ntnm-bib.de\\\/fr\\\/politique-de-confidentialite\\\/\"]}]},{\"@type\":\"BreadcrumbList\",\"@id\":\"https:\\\/\\\/www.ntnm-bib.de\\\/fr\\\/politique-de-confidentialite\\\/#breadcrumb\",\"itemListElement\":[{\"@type\":\"ListItem\",\"position\":1,\"name\":\"Startseite\",\"item\":\"https:\\\/\\\/www.ntnm-bib.de\\\/fr\\\/\"},{\"@type\":\"ListItem\",\"position\":2,\"name\":\"Politique de confidentialit\u00e9\"}]},{\"@type\":\"WebSite\",\"@id\":\"https:\\\/\\\/www.ntnm-bib.de\\\/#website\",\"url\":\"https:\\\/\\\/www.ntnm-bib.de\\\/\",\"name\":\"ntnm-bib\",\"description\":\"Eine weitere INM - Leibniz Institut for New Materials Websites Website\",\"publisher\":{\"@id\":\"https:\\\/\\\/www.ntnm-bib.de\\\/#organization\"},\"potentialAction\":[{\"@type\":\"SearchAction\",\"target\":{\"@type\":\"EntryPoint\",\"urlTemplate\":\"https:\\\/\\\/www.ntnm-bib.de\\\/?s={search_term_string}\"},\"query-input\":{\"@type\":\"PropertyValueSpecification\",\"valueRequired\":true,\"valueName\":\"search_term_string\"}}],\"inLanguage\":\"fr-FR\"},{\"@type\":\"Organization\",\"@id\":\"https:\\\/\\\/www.ntnm-bib.de\\\/#organization\",\"name\":\"ntnm-bib\",\"url\":\"https:\\\/\\\/www.ntnm-bib.de\\\/\",\"logo\":{\"@type\":\"ImageObject\",\"inLanguage\":\"fr-FR\",\"@id\":\"https:\\\/\\\/www.ntnm-bib.de\\\/#\\\/schema\\\/logo\\\/image\\\/\",\"url\":\"https:\\\/\\\/www.ntnm-bib.de\\\/wp-content\\\/uploads\\\/2025\\\/07\\\/Logo-NTNM-Bibliothek-UdS-Kombination-RGB-scaled.png\",\"contentUrl\":\"https:\\\/\\\/www.ntnm-bib.de\\\/wp-content\\\/uploads\\\/2025\\\/07\\\/Logo-NTNM-Bibliothek-UdS-Kombination-RGB-scaled.png\",\"width\":2560,\"height\":594,\"caption\":\"ntnm-bib\"},\"image\":{\"@id\":\"https:\\\/\\\/www.ntnm-bib.de\\\/#\\\/schema\\\/logo\\\/image\\\/\"}}]}<\/script>\n<!-- \/ Yoast SEO plugin. -->","yoast_head_json":{"title":"Politique de confidentialit\u00e9 - ntnm-bib","robots":{"index":"noindex","follow":"nofollow"},"og_locale":"fr_FR","og_type":"article","og_title":"Politique de confidentialit\u00e9 - ntnm-bib","og_description":"Das Leibniz-Institut f\u00fcr Neue Materialien gGmbH (INM) nimmt den Schutz Ihrer personenbezogenen Daten sehr ernst. Wir verarbeiten personenbezogene Daten, die beim Besuch unserer Webseiten erhoben werden, unter Beachtung der geltenden datenschutzrechtlichen Bestimmungen. Ihre Daten werden von uns weder ver\u00f6ffentlicht, noch unberechtigt an Dritte weitergegeben. Im Folgenden erl\u00e4utern wir, welche Daten wir w\u00e4hrend Ihres Besuches auf","og_url":"https:\/\/www.ntnm-bib.de\/fr\/politique-de-confidentialite\/","og_site_name":"ntnm-bib","twitter_card":"summary_large_image","twitter_misc":{"Dur\u00e9e de lecture estim\u00e9e":"8 minutes"},"schema":{"@context":"https:\/\/schema.org","@graph":[{"@type":"WebPage","@id":"https:\/\/www.ntnm-bib.de\/fr\/politique-de-confidentialite\/","url":"https:\/\/www.ntnm-bib.de\/fr\/politique-de-confidentialite\/","name":"Politique de confidentialit\u00e9 - ntnm-bib","isPartOf":{"@id":"https:\/\/www.ntnm-bib.de\/#website"},"datePublished":"2021-02-15T21:21:03+00:00","breadcrumb":{"@id":"https:\/\/www.ntnm-bib.de\/fr\/politique-de-confidentialite\/#breadcrumb"},"inLanguage":"fr-FR","potentialAction":[{"@type":"ReadAction","target":["https:\/\/www.ntnm-bib.de\/fr\/politique-de-confidentialite\/"]}]},{"@type":"BreadcrumbList","@id":"https:\/\/www.ntnm-bib.de\/fr\/politique-de-confidentialite\/#breadcrumb","itemListElement":[{"@type":"ListItem","position":1,"name":"Startseite","item":"https:\/\/www.ntnm-bib.de\/fr\/"},{"@type":"ListItem","position":2,"name":"Politique de confidentialit\u00e9"}]},{"@type":"WebSite","@id":"https:\/\/www.ntnm-bib.de\/#website","url":"https:\/\/www.ntnm-bib.de\/","name":"ntnm-bib","description":"Eine weitere INM - Leibniz Institut for New Materials Websites Website","publisher":{"@id":"https:\/\/www.ntnm-bib.de\/#organization"},"potentialAction":[{"@type":"SearchAction","target":{"@type":"EntryPoint","urlTemplate":"https:\/\/www.ntnm-bib.de\/?s={search_term_string}"},"query-input":{"@type":"PropertyValueSpecification","valueRequired":true,"valueName":"search_term_string"}}],"inLanguage":"fr-FR"},{"@type":"Organization","@id":"https:\/\/www.ntnm-bib.de\/#organization","name":"ntnm-bib","url":"https:\/\/www.ntnm-bib.de\/","logo":{"@type":"ImageObject","inLanguage":"fr-FR","@id":"https:\/\/www.ntnm-bib.de\/#\/schema\/logo\/image\/","url":"https:\/\/www.ntnm-bib.de\/wp-content\/uploads\/2025\/07\/Logo-NTNM-Bibliothek-UdS-Kombination-RGB-scaled.png","contentUrl":"https:\/\/www.ntnm-bib.de\/wp-content\/uploads\/2025\/07\/Logo-NTNM-Bibliothek-UdS-Kombination-RGB-scaled.png","width":2560,"height":594,"caption":"ntnm-bib"},"image":{"@id":"https:\/\/www.ntnm-bib.de\/#\/schema\/logo\/image\/"}}]}},"_links":{"self":[{"href":"https:\/\/www.ntnm-bib.de\/fr\/wp-json\/wp\/v2\/pages\/4911","targetHints":{"allow":["GET"]}}],"collection":[{"href":"https:\/\/www.ntnm-bib.de\/fr\/wp-json\/wp\/v2\/pages"}],"about":[{"href":"https:\/\/www.ntnm-bib.de\/fr\/wp-json\/wp\/v2\/types\/page"}],"author":[{"embeddable":true,"href":"https:\/\/www.ntnm-bib.de\/fr\/wp-json\/wp\/v2\/users\/3"}],"replies":[{"embeddable":true,"href":"https:\/\/www.ntnm-bib.de\/fr\/wp-json\/wp\/v2\/comments?post=4911"}],"version-history":[{"count":1,"href":"https:\/\/www.ntnm-bib.de\/fr\/wp-json\/wp\/v2\/pages\/4911\/revisions"}],"predecessor-version":[{"id":4912,"href":"https:\/\/www.ntnm-bib.de\/fr\/wp-json\/wp\/v2\/pages\/4911\/revisions\/4912"}],"wp:attachment":[{"href":"https:\/\/www.ntnm-bib.de\/fr\/wp-json\/wp\/v2\/media?parent=4911"}],"curies":[{"name":"wp","href":"https:\/\/api.w.org\/{rel}","templated":true}]}}