{"id":5093,"date":"2021-03-30T16:34:20","date_gmt":"2021-03-30T14:34:20","guid":{"rendered":"https:\/\/www.ntnm-bib.de\/?page_id=5093"},"modified":"2022-06-28T15:04:11","modified_gmt":"2022-06-28T13:04:11","slug":"ouvrages-de-references-pour-le-semestre","status":"publish","type":"page","link":"https:\/\/www.ntnm-bib.de\/fr\/ressources-imprimees\/ouvrages-de-references-pour-le-semestre\/","title":{"rendered":"Ouvrages de r\u00e9f\u00e9rences pour le semestre"},"content":{"rendered":"<div class=\"listing-item press\">\n\t\t<div class=\"sub-title\">\n\t\t\t2025-10-14 11:21:\t<\/div>\n\t\t\t\t<div class=\"title\"><h2><a href=\"https:\/\/www.ntnm-bib.de\/fr\/2025\/10\/14\/ouvrages-de-references-pur-le-semestre-dhiver-2025-2026\/\" target=\"_blank\" class=\"external\">Ouvrages de r\u00e9f\u00e9rences pur le semestre d&rsquo;hiver 2025\/2026<\/a><\/h2><\/div>\n\t\t\t\t<div class=\"content\">Ces ouvrages nous ont \u00e9t\u00e9 recommand\u00e9s pour le semestre d\u2019hiver 2025\/2026:\n<br><a class=\"more-link\" href=\"https:\/\/www.ntnm-bib.de\/fr\/2025\/10\/14\/ouvrages-de-references-pur-le-semestre-dhiver-2025-2026\/\" target=\"_blank\" class=\"external\">Details<\/a><\/div>\n\t\t<\/div><div class=\"listing-item press\">\n\t\t<div class=\"sub-title\">\n\t\t\t2025-04-22 10:52:\t<\/div>\n\t\t\t\t<div class=\"title\"><h2><a href=\"https:\/\/www.ntnm-bib.de\/fr\/2025\/04\/22\/ouvrages-de-references-pour-le-semestre-dete-2025\/\" target=\"_blank\" class=\"external\">Ouvrages de r\u00e9f\u00e9rences pour le semestre d\u2019\u00e9t\u00e9 2025<\/a><\/h2><\/div>\n\t\t\t\t<div class=\"content\">Ci-dessous vous trouverez les diff\u00e9rents ouvrages de r\u00e9f\u00e9rence communiqu\u00e9s par les enseignants pour le semestre d&rsquo;\u00e9t\u00e9 2025 :\n<br><a class=\"more-link\" href=\"https:\/\/www.ntnm-bib.de\/fr\/2025\/04\/22\/ouvrages-de-references-pour-le-semestre-dete-2025\/\" target=\"_blank\" class=\"external\">Details<\/a><\/div>\n\t\t<\/div><div class=\"listing-item press\">\n\t\t<div class=\"sub-title\">\n\t\t\t2024-11-24 21:17:\t<\/div>\n\t\t\t\t<div class=\"title\"><h2><a href=\"https:\/\/www.ntnm-bib.de\/fr\/2024\/11\/24\/litterature-semestrielle-pour-le-semestre-dhiver-2024-2025\/\" target=\"_blank\" class=\"external\">Recommandations de manuels pour le semestre d\u2019hiver 2024\/2025<\/a><\/h2><\/div>\n\t\t\t\t<div class=\"content\">Litt\u00e9rature semestrielle pour le semestre d&rsquo;hiver 2024\/2025\nLa biblioth\u00e8que NTNM constitue la collection de manuels pour les disciplines de la facult\u00e9 NT. Pour le semestre d&rsquo;hiver 2024\/2025, les chaires nous ont fait parvenir les recommandations de litt\u00e9rature suivantes. S&rsquo;il vous manque des manuels pour vos \u00e9tudes ou votre enseignement, \u00e9crivez-nous \u00e0 info@ntnm-bib.de. Nous vous procurerons la litt\u00e9rature souhait\u00e9e : imprim\u00e9e ou \u00e9lectronique. Demandez-nous ! \n<br><a class=\"more-link\" href=\"https:\/\/www.ntnm-bib.de\/fr\/2024\/11\/24\/litterature-semestrielle-pour-le-semestre-dhiver-2024-2025\/\" target=\"_blank\" class=\"external\">Details<\/a><\/div>\n\t\t<\/div><div class=\"listing-item press\">\n\t\t<div class=\"sub-title\">\n\t\t\t2024-04-16 08:38:\t<\/div>\n\t\t\t\t<div class=\"title\"><h2><a href=\"https:\/\/www.ntnm-bib.de\/fr\/2024\/04\/16\/litterature-semestrielle-sose-2024\/\" target=\"_blank\" class=\"external\">Ouvrages de r\u00e9f\u00e9rences pour le semestre d\u2019\u00e9t\u00e9 2024<\/a><\/h2><\/div>\n\t\t\t\t<div class=\"content\">La biblioth\u00e8que NTNM constitue la collection de manuels pour les disciplines de la facult\u00e9 NT. Pour le semestre d&rsquo;\u00e9t\u00e9 2024, les chaires nous ont fait parvenir les recommandations de litt\u00e9rature suivantes.\n<br><a class=\"more-link\" href=\"https:\/\/www.ntnm-bib.de\/fr\/2024\/04\/16\/litterature-semestrielle-sose-2024\/\" target=\"_blank\" class=\"external\">Details<\/a><\/div>\n\t\t<\/div><div class=\"listing-item press\">\n\t\t<div class=\"sub-title\">\n\t\t\t2023-10-24 15:50:\t<\/div>\n\t\t\t\t<div class=\"title\"><h2><a href=\"https:\/\/www.ntnm-bib.de\/fr\/2023\/10\/24\/semesterliteratur-ws-2023-2024\/\" target=\"_blank\" class=\"external\">Recommandations de manuels pour le semestre d&rsquo;hiver 2023\/2024<\/a><\/h2><\/div>\n\t\t\t\t<div class=\"content\">Pour le semestre d&rsquo;hiver 2023\/2024, les chaires nous ont fait parvenir les recommandations de lecture suivantes:\n<br><a class=\"more-link\" href=\"https:\/\/www.ntnm-bib.de\/fr\/2023\/10\/24\/semesterliteratur-ws-2023-2024\/\" target=\"_blank\" class=\"external\">Details<\/a><\/div>\n\t\t<\/div><div class=\"listing-item press\">\n\t\t<div class=\"sub-title\">\n\t\t\t2023-04-30 14:23:\t<\/div>\n\t\t\t\t<div class=\"title\"><h2><a href=\"https:\/\/www.ntnm-bib.de\/fr\/2023\/04\/30\/ouvrages-de-references-pour-le-semestre-dete-2023\/\" target=\"_blank\" class=\"external\">Ouvrages de r\u00e9f\u00e9rences pour le semestre d\u2019\u00e9t\u00e9 2023<\/a><\/h2><\/div>\n\t\t\t\t<div class=\"content\">Ces ouvrages nous ont \u00e9t\u00e9 recommand\u00e9s pour le semestre d\u2019\u00e9t\u00e9 2023:\n<br><a class=\"more-link\" href=\"https:\/\/www.ntnm-bib.de\/fr\/2023\/04\/30\/ouvrages-de-references-pour-le-semestre-dete-2023\/\" target=\"_blank\" class=\"external\">Details<\/a><\/div>\n\t\t<\/div><div class=\"listing-item press\">\n\t\t<div class=\"sub-title\">\n\t\t\t2022-10-18 14:42:\t<\/div>\n\t\t\t\t<div class=\"title\"><h2><a href=\"https:\/\/www.ntnm-bib.de\/fr\/2022\/10\/18\/ouvrages-de-references-pour-le-semestre-dhiver-2022-2023\/\" target=\"_blank\" class=\"external\">Ouvrages de r\u00e9f\u00e9rences pour le semestre d\u2019hiver 2022\/2023<\/a><\/h2><\/div>\n\t\t\t\t<div class=\"content\">Les m\u00e9dias imprim\u00e9s et \u00e9lectroniques suivants nous ont \u00e9t\u00e9 recommand\u00e9s pour le semestre d\u2019hiver 2022\/2023\n<br><a class=\"more-link\" href=\"https:\/\/www.ntnm-bib.de\/fr\/2022\/10\/18\/ouvrages-de-references-pour-le-semestre-dhiver-2022-2023\/\" target=\"_blank\" class=\"external\">Details<\/a><\/div>\n\t\t<\/div><div class=\"listing-item press\">\n\t\t<div class=\"sub-title\">\n\t\t\t2022-05-10 14:57:\t<\/div>\n\t\t\t\t<div class=\"title\"><h2><a href=\"https:\/\/www.ntnm-bib.de\/fr\/2022\/05\/10\/sose-2022-franz\/\" target=\"_blank\" class=\"external\">Ouvrages de r\u00e9f\u00e9rences pour le semestre d\u2019\u00e9t\u00e9 2022<\/a><\/h2><\/div>\n\t\t\t\t<div class=\"content\">Ces ouvrages nous ont \u00e9t\u00e9 recommand\u00e9s pour le semestre d\u2019\u00e9t\u00e9 2022:\n<br><a class=\"more-link\" href=\"https:\/\/www.ntnm-bib.de\/fr\/2022\/05\/10\/sose-2022-franz\/\" target=\"_blank\" class=\"external\">Details<\/a><\/div>\n\t\t<\/div><div class=\"listing-item press\">\n\t\t<div class=\"sub-title\">\n\t\t\t2021-11-03 14:59:\t<\/div>\n\t\t\t\t<div class=\"title\"><h2><a href=\"https:\/\/www.ntnm-bib.de\/fr\/2021\/11\/03\/ws-2021-2022\/\" target=\"_blank\" class=\"external\">Ouvrages de r\u00e9f\u00e9rences pour le semestre d\u2019hiver 2021\/2022<\/a><\/h2><\/div>\n\t\t\t\t<div class=\"content\">Ces ouvrages nous ont \u00e9t\u00e9 recommand\u00e9s pour le semestre d\u2019hiver 2020\/2021:\n<br><a class=\"more-link\" href=\"https:\/\/www.ntnm-bib.de\/fr\/2021\/11\/03\/ws-2021-2022\/\" target=\"_blank\" class=\"external\">Details<\/a><\/div>\n\t\t<\/div><div class=\"listing-item press\">\n\t\t<div class=\"sub-title\">\n\t\t\t2021-03-30 16:36:\t<\/div>\n\t\t\t\t<div class=\"title\"><h2><a href=\"https:\/\/www.ntnm-bib.de\/fr\/2021\/03\/30\/ouvrages-de-references-pour-le-semestre-dete-2021\/\" target=\"_blank\" class=\"external\">Ouvrages de r\u00e9f\u00e9rences pour le semestre d&rsquo;\u00e9t\u00e9 2021<\/a><\/h2><\/div>\n\t\t\t\t<div class=\"content\">Ces ouvrages nous ont \u00e9t\u00e9 recommand\u00e9s pour le semestre d&rsquo;\u00e9t\u00e9 2021: \n<br><a class=\"more-link\" href=\"https:\/\/www.ntnm-bib.de\/fr\/2021\/03\/30\/ouvrages-de-references-pour-le-semestre-dete-2021\/\" target=\"_blank\" class=\"external\">Details<\/a><\/div>\n\t\t<\/div><div class=\"listing-item press\">\n\t\t<div class=\"sub-title\">\n\t\t\t2020-09-30 16:44:\t<\/div>\n\t\t\t\t<div class=\"title\"><h2><a href=\"https:\/\/www.ntnm-bib.de\/fr\/2020\/09\/30\/ouvrages-de-references-pour-le-semestre-dhiver-2020-2021\/\" target=\"_blank\" class=\"external\">Ouvrages de r\u00e9f\u00e9rences pour le semestre d&rsquo;hiver 2020\/2021<\/a><\/h2><\/div>\n\t\t\t\t<div class=\"content\">Ces ouvrages nous ont \u00e9t\u00e9 recommand\u00e9s pour le semestre d&rsquo;hiver 2020\/2021: \n<br><a class=\"more-link\" href=\"https:\/\/www.ntnm-bib.de\/fr\/2020\/09\/30\/ouvrages-de-references-pour-le-semestre-dhiver-2020-2021\/\" target=\"_blank\" class=\"external\">Details<\/a><\/div>\n\t\t<\/div>\n","protected":false},"excerpt":{"rendered":"<div class=\"listing-item press\">\n<div class=\"sub-title\">\n\t\t\t2025-10-14 11:21:\t<\/div>\n<div class=\"title\"><a href=\"https:\/\/www.ntnm-bib.de\/fr\/2025\/10\/14\/ouvrages-de-references-pur-le-semestre-dhiver-2025-2026\/\" target=\"_blank\" class=\"external\">Ouvrages de r\u00e9f\u00e9rences pur le semestre d&rsquo;hiver 2025\/2026<\/a><\/div>\n<div class=\"content\">Ces ouvrages nous ont \u00e9t\u00e9 recommand\u00e9s pour le semestre d\u2019hiver 2025\/2026:<br \/>\n<a class=\"more-link\" href=\"https:\/\/www.ntnm-bib.de\/fr\/2025\/10\/14\/ouvrages-de-references-pur-le-semestre-dhiver-2025-2026\/\" target=\"_blank\" class=\"external\">Details<\/a><\/div>\n<\/p><\/div>\n<div class=\"listing-item press\">\n<div class=\"sub-title\">\n\t\t\t2025-04-22 10:52:\t<\/div>\n<div class=\"title\"><a href=\"https:\/\/www.ntnm-bib.de\/fr\/2025\/04\/22\/ouvrages-de-references-pour-le-semestre-dete-2025\/\" target=\"_blank\" class=\"external\">Ouvrages de r\u00e9f\u00e9rences pour le semestre d\u2019\u00e9t\u00e9 2025<\/a><\/div>\n<div class=\"content\">Ci-dessous vous trouverez les diff\u00e9rents ouvrages de r\u00e9f\u00e9rence communiqu\u00e9s<\/p>\n","protected":false},"author":3,"featured_media":0,"parent":4786,"menu_order":2,"comment_status":"closed","ping_status":"closed","template":"","meta":{"_acf_changed":false,"footnotes":""},"class_list":["post-5093","page","type-page","status-publish","hentry"],"acf":[],"yoast_head":"<!-- This site is optimized with the Yoast SEO plugin v27.3 - https:\/\/yoast.com\/product\/yoast-seo-wordpress\/ -->\n<title>Ouvrages de r\u00e9f\u00e9rences pour le semestre - ntnm-bib<\/title>\n<meta name=\"robots\" content=\"index, follow, max-snippet:-1, max-image-preview:large, max-video-preview:-1\" \/>\n<link rel=\"canonical\" href=\"https:\/\/www.ntnm-bib.de\/fr\/ressources-imprimees\/ouvrages-de-references-pour-le-semestre\/\" \/>\n<meta property=\"og:locale\" content=\"fr_FR\" \/>\n<meta property=\"og:type\" content=\"article\" \/>\n<meta property=\"og:title\" content=\"Ouvrages de r\u00e9f\u00e9rences pour le semestre - ntnm-bib\" \/>\n<meta property=\"og:description\" content=\"2025-10-14 11:21:   Ouvrages de r\u00e9f\u00e9rences pur le semestre d&rsquo;hiver 2025\/2026   Ces ouvrages nous ont \u00e9t\u00e9 recommand\u00e9s pour le semestre d\u2019hiver 2025\/2026: Details     2025-04-22 10:52:   Ouvrages de r\u00e9f\u00e9rences pour le semestre d\u2019\u00e9t\u00e9 2025   Ci-dessous vous trouverez les diff\u00e9rents ouvrages de r\u00e9f\u00e9rence communiqu\u00e9s\" \/>\n<meta property=\"og:url\" content=\"https:\/\/www.ntnm-bib.de\/fr\/ressources-imprimees\/ouvrages-de-references-pour-le-semestre\/\" \/>\n<meta property=\"og:site_name\" content=\"ntnm-bib\" \/>\n<meta property=\"article:modified_time\" content=\"2022-06-28T13:04:11+00:00\" \/>\n<meta name=\"twitter:card\" content=\"summary_large_image\" \/>\n<script type=\"application\/ld+json\" class=\"yoast-schema-graph\">{\"@context\":\"https:\\\/\\\/schema.org\",\"@graph\":[{\"@type\":\"WebPage\",\"@id\":\"https:\\\/\\\/www.ntnm-bib.de\\\/fr\\\/ressources-imprimees\\\/ouvrages-de-references-pour-le-semestre\\\/\",\"url\":\"https:\\\/\\\/www.ntnm-bib.de\\\/fr\\\/ressources-imprimees\\\/ouvrages-de-references-pour-le-semestre\\\/\",\"name\":\"Ouvrages de r\u00e9f\u00e9rences pour le semestre - ntnm-bib\",\"isPartOf\":{\"@id\":\"https:\\\/\\\/www.ntnm-bib.de\\\/#website\"},\"datePublished\":\"2021-03-30T14:34:20+00:00\",\"dateModified\":\"2022-06-28T13:04:11+00:00\",\"breadcrumb\":{\"@id\":\"https:\\\/\\\/www.ntnm-bib.de\\\/fr\\\/ressources-imprimees\\\/ouvrages-de-references-pour-le-semestre\\\/#breadcrumb\"},\"inLanguage\":\"fr-FR\",\"potentialAction\":[{\"@type\":\"ReadAction\",\"target\":[\"https:\\\/\\\/www.ntnm-bib.de\\\/fr\\\/ressources-imprimees\\\/ouvrages-de-references-pour-le-semestre\\\/\"]}]},{\"@type\":\"BreadcrumbList\",\"@id\":\"https:\\\/\\\/www.ntnm-bib.de\\\/fr\\\/ressources-imprimees\\\/ouvrages-de-references-pour-le-semestre\\\/#breadcrumb\",\"itemListElement\":[{\"@type\":\"ListItem\",\"position\":1,\"name\":\"Startseite\",\"item\":\"https:\\\/\\\/www.ntnm-bib.de\\\/fr\\\/\"},{\"@type\":\"ListItem\",\"position\":2,\"name\":\"Ressources imprim\u00e9es\",\"item\":\"https:\\\/\\\/www.ntnm-bib.de\\\/fr\\\/ressources-imprimees\\\/\"},{\"@type\":\"ListItem\",\"position\":3,\"name\":\"Ouvrages de r\u00e9f\u00e9rences pour le semestre\"}]},{\"@type\":\"WebSite\",\"@id\":\"https:\\\/\\\/www.ntnm-bib.de\\\/#website\",\"url\":\"https:\\\/\\\/www.ntnm-bib.de\\\/\",\"name\":\"ntnm-bib\",\"description\":\"Eine weitere INM - Leibniz Institut for New Materials Websites Website\",\"publisher\":{\"@id\":\"https:\\\/\\\/www.ntnm-bib.de\\\/#organization\"},\"potentialAction\":[{\"@type\":\"SearchAction\",\"target\":{\"@type\":\"EntryPoint\",\"urlTemplate\":\"https:\\\/\\\/www.ntnm-bib.de\\\/?s={search_term_string}\"},\"query-input\":{\"@type\":\"PropertyValueSpecification\",\"valueRequired\":true,\"valueName\":\"search_term_string\"}}],\"inLanguage\":\"fr-FR\"},{\"@type\":\"Organization\",\"@id\":\"https:\\\/\\\/www.ntnm-bib.de\\\/#organization\",\"name\":\"ntnm-bib\",\"url\":\"https:\\\/\\\/www.ntnm-bib.de\\\/\",\"logo\":{\"@type\":\"ImageObject\",\"inLanguage\":\"fr-FR\",\"@id\":\"https:\\\/\\\/www.ntnm-bib.de\\\/#\\\/schema\\\/logo\\\/image\\\/\",\"url\":\"https:\\\/\\\/www.ntnm-bib.de\\\/wp-content\\\/uploads\\\/2025\\\/07\\\/Logo-NTNM-Bibliothek-UdS-Kombination-RGB-scaled.png\",\"contentUrl\":\"https:\\\/\\\/www.ntnm-bib.de\\\/wp-content\\\/uploads\\\/2025\\\/07\\\/Logo-NTNM-Bibliothek-UdS-Kombination-RGB-scaled.png\",\"width\":2560,\"height\":594,\"caption\":\"ntnm-bib\"},\"image\":{\"@id\":\"https:\\\/\\\/www.ntnm-bib.de\\\/#\\\/schema\\\/logo\\\/image\\\/\"}}]}<\/script>\n<!-- \/ Yoast SEO plugin. -->","yoast_head_json":{"title":"Ouvrages de r\u00e9f\u00e9rences pour le semestre - ntnm-bib","robots":{"index":"index","follow":"follow","max-snippet":"max-snippet:-1","max-image-preview":"max-image-preview:large","max-video-preview":"max-video-preview:-1"},"canonical":"https:\/\/www.ntnm-bib.de\/fr\/ressources-imprimees\/ouvrages-de-references-pour-le-semestre\/","og_locale":"fr_FR","og_type":"article","og_title":"Ouvrages de r\u00e9f\u00e9rences pour le semestre - ntnm-bib","og_description":"2025-10-14 11:21:   Ouvrages de r\u00e9f\u00e9rences pur le semestre d&rsquo;hiver 2025\/2026   Ces ouvrages nous ont \u00e9t\u00e9 recommand\u00e9s pour le semestre d\u2019hiver 2025\/2026: Details     2025-04-22 10:52:   Ouvrages de r\u00e9f\u00e9rences pour le semestre d\u2019\u00e9t\u00e9 2025   Ci-dessous vous trouverez les diff\u00e9rents ouvrages de r\u00e9f\u00e9rence communiqu\u00e9s","og_url":"https:\/\/www.ntnm-bib.de\/fr\/ressources-imprimees\/ouvrages-de-references-pour-le-semestre\/","og_site_name":"ntnm-bib","article_modified_time":"2022-06-28T13:04:11+00:00","twitter_card":"summary_large_image","schema":{"@context":"https:\/\/schema.org","@graph":[{"@type":"WebPage","@id":"https:\/\/www.ntnm-bib.de\/fr\/ressources-imprimees\/ouvrages-de-references-pour-le-semestre\/","url":"https:\/\/www.ntnm-bib.de\/fr\/ressources-imprimees\/ouvrages-de-references-pour-le-semestre\/","name":"Ouvrages de r\u00e9f\u00e9rences pour le semestre - ntnm-bib","isPartOf":{"@id":"https:\/\/www.ntnm-bib.de\/#website"},"datePublished":"2021-03-30T14:34:20+00:00","dateModified":"2022-06-28T13:04:11+00:00","breadcrumb":{"@id":"https:\/\/www.ntnm-bib.de\/fr\/ressources-imprimees\/ouvrages-de-references-pour-le-semestre\/#breadcrumb"},"inLanguage":"fr-FR","potentialAction":[{"@type":"ReadAction","target":["https:\/\/www.ntnm-bib.de\/fr\/ressources-imprimees\/ouvrages-de-references-pour-le-semestre\/"]}]},{"@type":"BreadcrumbList","@id":"https:\/\/www.ntnm-bib.de\/fr\/ressources-imprimees\/ouvrages-de-references-pour-le-semestre\/#breadcrumb","itemListElement":[{"@type":"ListItem","position":1,"name":"Startseite","item":"https:\/\/www.ntnm-bib.de\/fr\/"},{"@type":"ListItem","position":2,"name":"Ressources imprim\u00e9es","item":"https:\/\/www.ntnm-bib.de\/fr\/ressources-imprimees\/"},{"@type":"ListItem","position":3,"name":"Ouvrages de r\u00e9f\u00e9rences pour le semestre"}]},{"@type":"WebSite","@id":"https:\/\/www.ntnm-bib.de\/#website","url":"https:\/\/www.ntnm-bib.de\/","name":"ntnm-bib","description":"Eine weitere INM - Leibniz Institut for New Materials Websites Website","publisher":{"@id":"https:\/\/www.ntnm-bib.de\/#organization"},"potentialAction":[{"@type":"SearchAction","target":{"@type":"EntryPoint","urlTemplate":"https:\/\/www.ntnm-bib.de\/?s={search_term_string}"},"query-input":{"@type":"PropertyValueSpecification","valueRequired":true,"valueName":"search_term_string"}}],"inLanguage":"fr-FR"},{"@type":"Organization","@id":"https:\/\/www.ntnm-bib.de\/#organization","name":"ntnm-bib","url":"https:\/\/www.ntnm-bib.de\/","logo":{"@type":"ImageObject","inLanguage":"fr-FR","@id":"https:\/\/www.ntnm-bib.de\/#\/schema\/logo\/image\/","url":"https:\/\/www.ntnm-bib.de\/wp-content\/uploads\/2025\/07\/Logo-NTNM-Bibliothek-UdS-Kombination-RGB-scaled.png","contentUrl":"https:\/\/www.ntnm-bib.de\/wp-content\/uploads\/2025\/07\/Logo-NTNM-Bibliothek-UdS-Kombination-RGB-scaled.png","width":2560,"height":594,"caption":"ntnm-bib"},"image":{"@id":"https:\/\/www.ntnm-bib.de\/#\/schema\/logo\/image\/"}}]}},"_links":{"self":[{"href":"https:\/\/www.ntnm-bib.de\/fr\/wp-json\/wp\/v2\/pages\/5093","targetHints":{"allow":["GET"]}}],"collection":[{"href":"https:\/\/www.ntnm-bib.de\/fr\/wp-json\/wp\/v2\/pages"}],"about":[{"href":"https:\/\/www.ntnm-bib.de\/fr\/wp-json\/wp\/v2\/types\/page"}],"author":[{"embeddable":true,"href":"https:\/\/www.ntnm-bib.de\/fr\/wp-json\/wp\/v2\/users\/3"}],"replies":[{"embeddable":true,"href":"https:\/\/www.ntnm-bib.de\/fr\/wp-json\/wp\/v2\/comments?post=5093"}],"version-history":[{"count":2,"href":"https:\/\/www.ntnm-bib.de\/fr\/wp-json\/wp\/v2\/pages\/5093\/revisions"}],"predecessor-version":[{"id":5095,"href":"https:\/\/www.ntnm-bib.de\/fr\/wp-json\/wp\/v2\/pages\/5093\/revisions\/5095"}],"up":[{"embeddable":true,"href":"https:\/\/www.ntnm-bib.de\/fr\/wp-json\/wp\/v2\/pages\/4786"}],"wp:attachment":[{"href":"https:\/\/www.ntnm-bib.de\/fr\/wp-json\/wp\/v2\/media?parent=5093"}],"curies":[{"name":"wp","href":"https:\/\/api.w.org\/{rel}","templated":true}]}}