{"id":6956,"date":"2022-06-28T11:06:07","date_gmt":"2022-06-28T09:06:07","guid":{"rendered":"https:\/\/www.ntnm-bib.de\/?page_id=6956"},"modified":"2022-06-29T16:06:33","modified_gmt":"2022-06-29T14:06:33","slug":"accessibilite","status":"publish","type":"page","link":"https:\/\/www.ntnm-bib.de\/fr\/accessibilite\/","title":{"rendered":"Accessibilit\u00e9 \u00e0 l&rsquo;Internet"},"content":{"rendered":"<p>L\u2019Institut Leibniz de recherche sur les nouveaux mat\u00e9riaux (INM \/ Leibniz-Institut f\u00fcr Neue Materialien) s&rsquo;efforce d&rsquo;adapter son site Web au paragraphe \u00a712 de la Loi sur l&rsquo;\u00e9galit\u00e9 des personnes en situation de handicap (Saarl\u00e4ndisches Behinderten-Gleichstellungsgesetz) concernant le d\u00e9cret relatif \u00e0 la technologie de l&rsquo;information sans barri\u00e8re (Barrierefreie-Informationstechnik-Verordnung (BITV 2.0)). Pri\u00e8re de nous faire part d&rsquo;\u00e9ventuelles lacunes \u00e0 ce sujet par E-mail: <a href=\"http:\/\/presse@leibniz-inm\">presse@leibniz-inm<\/a> <\/p>\n<p>Un bureau de conciliation se trouve au Minist\u00e8re sarrois du travail, des affaires sociales, de la sant\u00e9, de la famille et des femmes (Saarl\u00e4ndisches Ministerium f\u00fcr Soziales, Gesundheit, Frauen und Familie). Pri\u00e8re de s&rsquo;y adresser si vous n&rsquo;obtenez pas de r\u00e9ponse satisfaisante de la part de l&rsquo;Institut sus-mentionn\u00e9. Adresse du bureau de conciliation:<br \/>\nCe communiqu\u00e9 provisoire date du 01.11.2021.   <\/p>\n","protected":false},"excerpt":{"rendered":"<p>L\u2019Institut Leibniz de recherche sur les nouveaux mat\u00e9riaux (INM \/ Leibniz-Institut f\u00fcr Neue Materialien) s&rsquo;efforce d&rsquo;adapter son site Web au paragraphe \u00a712 de la Loi sur l&rsquo;\u00e9galit\u00e9 des personnes en situation de handicap (Saarl\u00e4ndisches Behinderten-Gleichstellungsgesetz) concernant le d\u00e9cret relatif \u00e0 la technologie de l&rsquo;information sans barri\u00e8re (Barrierefreie-Informationstechnik-Verordnung (BITV 2.0)). Pri\u00e8re de nous faire part d&rsquo;\u00e9ventuelles<\/p>\n","protected":false},"author":3,"featured_media":0,"parent":0,"menu_order":0,"comment_status":"closed","ping_status":"closed","template":"index-wo-sidebar.php","meta":{"_acf_changed":false,"footnotes":""},"class_list":["post-6956","page","type-page","status-publish","hentry"],"acf":[],"yoast_head":"<!-- This site is optimized with the Yoast SEO plugin v27.3 - https:\/\/yoast.com\/product\/yoast-seo-wordpress\/ -->\n<title>Accessibilit\u00e9 \u00e0 l&#039;Internet - ntnm-bib<\/title>\n<meta name=\"robots\" content=\"index, follow, max-snippet:-1, max-image-preview:large, max-video-preview:-1\" \/>\n<link rel=\"canonical\" href=\"https:\/\/www.ntnm-bib.de\/fr\/accessibilite\/\" \/>\n<meta property=\"og:locale\" content=\"fr_FR\" \/>\n<meta property=\"og:type\" content=\"article\" \/>\n<meta property=\"og:title\" content=\"Accessibilit\u00e9 \u00e0 l&#039;Internet - ntnm-bib\" \/>\n<meta property=\"og:description\" content=\"L\u2019Institut Leibniz de recherche sur les nouveaux mat\u00e9riaux (INM \/ Leibniz-Institut f\u00fcr Neue Materialien) s&rsquo;efforce d&rsquo;adapter son site Web au paragraphe \u00a712 de la Loi sur l&rsquo;\u00e9galit\u00e9 des personnes en situation de handicap (Saarl\u00e4ndisches Behinderten-Gleichstellungsgesetz) concernant le d\u00e9cret relatif \u00e0 la technologie de l&rsquo;information sans barri\u00e8re (Barrierefreie-Informationstechnik-Verordnung (BITV 2.0)). Pri\u00e8re de nous faire part d&rsquo;\u00e9ventuelles\" \/>\n<meta property=\"og:url\" content=\"https:\/\/www.ntnm-bib.de\/fr\/accessibilite\/\" \/>\n<meta property=\"og:site_name\" content=\"ntnm-bib\" \/>\n<meta property=\"article:modified_time\" content=\"2022-06-29T14:06:33+00:00\" \/>\n<meta name=\"twitter:card\" content=\"summary_large_image\" \/>\n<meta name=\"twitter:label1\" content=\"Dur\u00e9e de lecture estim\u00e9e\" \/>\n\t<meta name=\"twitter:data1\" content=\"1 minute\" \/>\n<script type=\"application\/ld+json\" class=\"yoast-schema-graph\">{\"@context\":\"https:\\\/\\\/schema.org\",\"@graph\":[{\"@type\":\"WebPage\",\"@id\":\"https:\\\/\\\/www.ntnm-bib.de\\\/fr\\\/accessibilite\\\/\",\"url\":\"https:\\\/\\\/www.ntnm-bib.de\\\/fr\\\/accessibilite\\\/\",\"name\":\"Accessibilit\u00e9 \u00e0 l'Internet - ntnm-bib\",\"isPartOf\":{\"@id\":\"https:\\\/\\\/www.ntnm-bib.de\\\/#website\"},\"datePublished\":\"2022-06-28T09:06:07+00:00\",\"dateModified\":\"2022-06-29T14:06:33+00:00\",\"breadcrumb\":{\"@id\":\"https:\\\/\\\/www.ntnm-bib.de\\\/fr\\\/accessibilite\\\/#breadcrumb\"},\"inLanguage\":\"fr-FR\",\"potentialAction\":[{\"@type\":\"ReadAction\",\"target\":[\"https:\\\/\\\/www.ntnm-bib.de\\\/fr\\\/accessibilite\\\/\"]}]},{\"@type\":\"BreadcrumbList\",\"@id\":\"https:\\\/\\\/www.ntnm-bib.de\\\/fr\\\/accessibilite\\\/#breadcrumb\",\"itemListElement\":[{\"@type\":\"ListItem\",\"position\":1,\"name\":\"Startseite\",\"item\":\"https:\\\/\\\/www.ntnm-bib.de\\\/fr\\\/\"},{\"@type\":\"ListItem\",\"position\":2,\"name\":\"Accessibilit\u00e9 \u00e0 l&rsquo;Internet\"}]},{\"@type\":\"WebSite\",\"@id\":\"https:\\\/\\\/www.ntnm-bib.de\\\/#website\",\"url\":\"https:\\\/\\\/www.ntnm-bib.de\\\/\",\"name\":\"ntnm-bib\",\"description\":\"Eine weitere INM - Leibniz Institut for New Materials Websites Website\",\"publisher\":{\"@id\":\"https:\\\/\\\/www.ntnm-bib.de\\\/#organization\"},\"potentialAction\":[{\"@type\":\"SearchAction\",\"target\":{\"@type\":\"EntryPoint\",\"urlTemplate\":\"https:\\\/\\\/www.ntnm-bib.de\\\/?s={search_term_string}\"},\"query-input\":{\"@type\":\"PropertyValueSpecification\",\"valueRequired\":true,\"valueName\":\"search_term_string\"}}],\"inLanguage\":\"fr-FR\"},{\"@type\":\"Organization\",\"@id\":\"https:\\\/\\\/www.ntnm-bib.de\\\/#organization\",\"name\":\"ntnm-bib\",\"url\":\"https:\\\/\\\/www.ntnm-bib.de\\\/\",\"logo\":{\"@type\":\"ImageObject\",\"inLanguage\":\"fr-FR\",\"@id\":\"https:\\\/\\\/www.ntnm-bib.de\\\/#\\\/schema\\\/logo\\\/image\\\/\",\"url\":\"https:\\\/\\\/www.ntnm-bib.de\\\/wp-content\\\/uploads\\\/2025\\\/07\\\/Logo-NTNM-Bibliothek-UdS-Kombination-RGB-scaled.png\",\"contentUrl\":\"https:\\\/\\\/www.ntnm-bib.de\\\/wp-content\\\/uploads\\\/2025\\\/07\\\/Logo-NTNM-Bibliothek-UdS-Kombination-RGB-scaled.png\",\"width\":2560,\"height\":594,\"caption\":\"ntnm-bib\"},\"image\":{\"@id\":\"https:\\\/\\\/www.ntnm-bib.de\\\/#\\\/schema\\\/logo\\\/image\\\/\"}}]}<\/script>\n<!-- \/ Yoast SEO plugin. -->","yoast_head_json":{"title":"Accessibilit\u00e9 \u00e0 l'Internet - ntnm-bib","robots":{"index":"index","follow":"follow","max-snippet":"max-snippet:-1","max-image-preview":"max-image-preview:large","max-video-preview":"max-video-preview:-1"},"canonical":"https:\/\/www.ntnm-bib.de\/fr\/accessibilite\/","og_locale":"fr_FR","og_type":"article","og_title":"Accessibilit\u00e9 \u00e0 l'Internet - ntnm-bib","og_description":"L\u2019Institut Leibniz de recherche sur les nouveaux mat\u00e9riaux (INM \/ Leibniz-Institut f\u00fcr Neue Materialien) s&rsquo;efforce d&rsquo;adapter son site Web au paragraphe \u00a712 de la Loi sur l&rsquo;\u00e9galit\u00e9 des personnes en situation de handicap (Saarl\u00e4ndisches Behinderten-Gleichstellungsgesetz) concernant le d\u00e9cret relatif \u00e0 la technologie de l&rsquo;information sans barri\u00e8re (Barrierefreie-Informationstechnik-Verordnung (BITV 2.0)). Pri\u00e8re de nous faire part d&rsquo;\u00e9ventuelles","og_url":"https:\/\/www.ntnm-bib.de\/fr\/accessibilite\/","og_site_name":"ntnm-bib","article_modified_time":"2022-06-29T14:06:33+00:00","twitter_card":"summary_large_image","twitter_misc":{"Dur\u00e9e de lecture estim\u00e9e":"1 minute"},"schema":{"@context":"https:\/\/schema.org","@graph":[{"@type":"WebPage","@id":"https:\/\/www.ntnm-bib.de\/fr\/accessibilite\/","url":"https:\/\/www.ntnm-bib.de\/fr\/accessibilite\/","name":"Accessibilit\u00e9 \u00e0 l'Internet - ntnm-bib","isPartOf":{"@id":"https:\/\/www.ntnm-bib.de\/#website"},"datePublished":"2022-06-28T09:06:07+00:00","dateModified":"2022-06-29T14:06:33+00:00","breadcrumb":{"@id":"https:\/\/www.ntnm-bib.de\/fr\/accessibilite\/#breadcrumb"},"inLanguage":"fr-FR","potentialAction":[{"@type":"ReadAction","target":["https:\/\/www.ntnm-bib.de\/fr\/accessibilite\/"]}]},{"@type":"BreadcrumbList","@id":"https:\/\/www.ntnm-bib.de\/fr\/accessibilite\/#breadcrumb","itemListElement":[{"@type":"ListItem","position":1,"name":"Startseite","item":"https:\/\/www.ntnm-bib.de\/fr\/"},{"@type":"ListItem","position":2,"name":"Accessibilit\u00e9 \u00e0 l&rsquo;Internet"}]},{"@type":"WebSite","@id":"https:\/\/www.ntnm-bib.de\/#website","url":"https:\/\/www.ntnm-bib.de\/","name":"ntnm-bib","description":"Eine weitere INM - Leibniz Institut for New Materials Websites Website","publisher":{"@id":"https:\/\/www.ntnm-bib.de\/#organization"},"potentialAction":[{"@type":"SearchAction","target":{"@type":"EntryPoint","urlTemplate":"https:\/\/www.ntnm-bib.de\/?s={search_term_string}"},"query-input":{"@type":"PropertyValueSpecification","valueRequired":true,"valueName":"search_term_string"}}],"inLanguage":"fr-FR"},{"@type":"Organization","@id":"https:\/\/www.ntnm-bib.de\/#organization","name":"ntnm-bib","url":"https:\/\/www.ntnm-bib.de\/","logo":{"@type":"ImageObject","inLanguage":"fr-FR","@id":"https:\/\/www.ntnm-bib.de\/#\/schema\/logo\/image\/","url":"https:\/\/www.ntnm-bib.de\/wp-content\/uploads\/2025\/07\/Logo-NTNM-Bibliothek-UdS-Kombination-RGB-scaled.png","contentUrl":"https:\/\/www.ntnm-bib.de\/wp-content\/uploads\/2025\/07\/Logo-NTNM-Bibliothek-UdS-Kombination-RGB-scaled.png","width":2560,"height":594,"caption":"ntnm-bib"},"image":{"@id":"https:\/\/www.ntnm-bib.de\/#\/schema\/logo\/image\/"}}]}},"_links":{"self":[{"href":"https:\/\/www.ntnm-bib.de\/fr\/wp-json\/wp\/v2\/pages\/6956","targetHints":{"allow":["GET"]}}],"collection":[{"href":"https:\/\/www.ntnm-bib.de\/fr\/wp-json\/wp\/v2\/pages"}],"about":[{"href":"https:\/\/www.ntnm-bib.de\/fr\/wp-json\/wp\/v2\/types\/page"}],"author":[{"embeddable":true,"href":"https:\/\/www.ntnm-bib.de\/fr\/wp-json\/wp\/v2\/users\/3"}],"replies":[{"embeddable":true,"href":"https:\/\/www.ntnm-bib.de\/fr\/wp-json\/wp\/v2\/comments?post=6956"}],"version-history":[{"count":3,"href":"https:\/\/www.ntnm-bib.de\/fr\/wp-json\/wp\/v2\/pages\/6956\/revisions"}],"predecessor-version":[{"id":7045,"href":"https:\/\/www.ntnm-bib.de\/fr\/wp-json\/wp\/v2\/pages\/6956\/revisions\/7045"}],"wp:attachment":[{"href":"https:\/\/www.ntnm-bib.de\/fr\/wp-json\/wp\/v2\/media?parent=6956"}],"curies":[{"name":"wp","href":"https:\/\/api.w.org\/{rel}","templated":true}]}}