{"id":810,"date":"2017-06-23T10:02:22","date_gmt":"2017-06-23T08:02:22","guid":{"rendered":"http:\/\/www.ntnm-bib.de\/?page_id=810&#038;lang=fr"},"modified":"2023-06-26T13:41:45","modified_gmt":"2023-06-26T11:41:45","slug":"ntnm-catalogue","status":"publish","type":"page","link":"https:\/\/www.ntnm-bib.de\/fr\/","title":{"rendered":"Recherche des m\u00e9dias"},"content":{"rendered":"<h4>Catalogue de la biblioth\u00e8que NTNM<\/h4>\n<form id=\"searchform\" class=\"form-inline\" action=\"https:\/\/inm.bsz-bw.de\/cgi-bin\/koha\/opac-search.pl\" method=\"get\" name=\"searchform\">\n<div class=\"input-append nolibrarypulldown\"><input id=\"translControl1\" class=\"transl1\" title=\"Suchbegriffe eingeben\" name=\"q\" type=\"text\" \/><span id=\"translControl\"><\/span><button id=\"searchsubmit\" class=\"button\" type=\"submit\">D\u00e9but de la recherche<\/button> <a class=\"button\" href=\"https:\/\/inm.bsz-bw.de\/cgi-bin\/koha\/opac-user.pl\">Compte de lecteur<\/a><\/div>\n<\/form>\n<p>Le catalogue r\u00e9pertorie les ressources imprim\u00e9es et \u00e9lectroniques (monographies et p\u00e9riodiques) de la biblioth\u00e8que.<\/p>\n<h4>Portail de savoir<\/h4>\n<div id=\"edssb \">\n<div id=\"edssbcode\">\n<form id=\"searchform\" class=\"form-inline\" accept-charset=\"UTF-8\" action=\"https:\/\/search.ebscohost.com\/login.aspx\" method=\"get\" target=\"_blank\"><input name=\"direct\" type=\"hidden\" value=\"true\" \/><input name=\"scope\" type=\"hidden\" value=\"site\" \/><input name=\"site\" type=\"hidden\" value=\"eds-live\" \/><input name=\"custid\" type=\"hidden\" value=\"ns004360\" \/><input name=\"groupid\" type=\"hidden\" value=\"main\" \/><input name=\"profile\" type=\"hidden\" value=\"eds\" \/><input name=\"authtype\" type=\"hidden\" value=\"ip,guest\" \/><input name=\"type\" type=\"hidden\" value=\"1\" \/><input name=\"bquery\" type=\"text\" value=\"\" \/><button id=\"searchsubmit\" class=\"button\" type=\"submit\">D\u00e9but de la recherche<\/button><br \/>\n            <\/form>\n<\/p><\/div>\n<\/div>\n<p>Ce portail offre un grand nombre de publications de revues scientifiques et techniques ainsi que des banques de donn\u00e9es avec lien vers le texte int\u00e9gral et\/ou une possibilit\u00e9 de commande<\/p>\n","protected":false},"excerpt":{"rendered":"<p>Catalogue de la biblioth\u00e8que NTNM<\/p>\n<div class=\"input-append nolibrarypulldown\">D\u00e9but de la recherche <a class=\"button\" href=\"https:\/\/inm.bsz-bw.de\/cgi-bin\/koha\/opac-user.pl\">Compte de lecteur<\/a><\/div>\n<p>Le catalogue r\u00e9pertorie les ressources imprim\u00e9es et \u00e9lectroniques (monographies et p\u00e9riodiques) de la biblioth\u00e8que.<\/p>\n<p>Portail de savoir<\/p>\n<div id=\"edssb \">\n<div id=\"edssbcode\">\nD\u00e9but de la recherche<\/p>\n<\/div>\n<\/div>\n<p>Ce portail offre un grand nombre de publications<\/p>\n","protected":false},"author":3,"featured_media":0,"parent":0,"menu_order":0,"comment_status":"closed","ping_status":"closed","template":"","meta":{"_acf_changed":false,"footnotes":""},"class_list":["post-810","page","type-page","status-publish","hentry"],"acf":[],"yoast_head":"<!-- This site is optimized with the Yoast SEO plugin v27.3 - https:\/\/yoast.com\/product\/yoast-seo-wordpress\/ -->\n<title>Recherche des m\u00e9dias - ntnm-bib<\/title>\n<meta name=\"robots\" content=\"index, follow, max-snippet:-1, max-image-preview:large, max-video-preview:-1\" \/>\n<link rel=\"canonical\" href=\"https:\/\/www.ntnm-bib.de\/fr\/\" \/>\n<meta property=\"og:locale\" content=\"fr_FR\" \/>\n<meta property=\"og:type\" content=\"article\" \/>\n<meta property=\"og:title\" content=\"Recherche des m\u00e9dias - ntnm-bib\" \/>\n<meta property=\"og:description\" content=\"Catalogue de la biblioth\u00e8que NTNM D\u00e9but de la recherche Compte de lecteur Le catalogue r\u00e9pertorie les ressources imprim\u00e9es et \u00e9lectroniques (monographies et p\u00e9riodiques) de la biblioth\u00e8que. Portail de savoir  D\u00e9but de la recherche        Ce portail offre un grand nombre de publications\" \/>\n<meta property=\"og:url\" content=\"https:\/\/www.ntnm-bib.de\/fr\/\" \/>\n<meta property=\"og:site_name\" content=\"ntnm-bib\" \/>\n<meta property=\"article:modified_time\" content=\"2023-06-26T11:41:45+00:00\" \/>\n<meta name=\"twitter:card\" content=\"summary_large_image\" \/>\n<meta name=\"twitter:label1\" content=\"Dur\u00e9e de lecture estim\u00e9e\" \/>\n\t<meta name=\"twitter:data1\" content=\"1 minute\" \/>\n<script type=\"application\/ld+json\" class=\"yoast-schema-graph\">{\"@context\":\"https:\\\/\\\/schema.org\",\"@graph\":[{\"@type\":\"WebPage\",\"@id\":\"https:\\\/\\\/www.ntnm-bib.de\\\/fr\\\/\",\"url\":\"https:\\\/\\\/www.ntnm-bib.de\\\/fr\\\/\",\"name\":\"Recherche des m\u00e9dias - ntnm-bib\",\"isPartOf\":{\"@id\":\"https:\\\/\\\/www.ntnm-bib.de\\\/#website\"},\"datePublished\":\"2017-06-23T08:02:22+00:00\",\"dateModified\":\"2023-06-26T11:41:45+00:00\",\"breadcrumb\":{\"@id\":\"https:\\\/\\\/www.ntnm-bib.de\\\/fr\\\/#breadcrumb\"},\"inLanguage\":\"fr-FR\",\"potentialAction\":[{\"@type\":\"ReadAction\",\"target\":[\"https:\\\/\\\/www.ntnm-bib.de\\\/fr\\\/\"]}]},{\"@type\":\"BreadcrumbList\",\"@id\":\"https:\\\/\\\/www.ntnm-bib.de\\\/fr\\\/#breadcrumb\",\"itemListElement\":[{\"@type\":\"ListItem\",\"position\":1,\"name\":\"Startseite\",\"item\":\"https:\\\/\\\/www.ntnm-bib.de\\\/fr\\\/\"},{\"@type\":\"ListItem\",\"position\":2,\"name\":\"Recherche des m\u00e9dias\"}]},{\"@type\":\"WebSite\",\"@id\":\"https:\\\/\\\/www.ntnm-bib.de\\\/#website\",\"url\":\"https:\\\/\\\/www.ntnm-bib.de\\\/\",\"name\":\"ntnm-bib\",\"description\":\"Eine weitere INM - Leibniz Institut for New Materials Websites Website\",\"publisher\":{\"@id\":\"https:\\\/\\\/www.ntnm-bib.de\\\/#organization\"},\"potentialAction\":[{\"@type\":\"SearchAction\",\"target\":{\"@type\":\"EntryPoint\",\"urlTemplate\":\"https:\\\/\\\/www.ntnm-bib.de\\\/?s={search_term_string}\"},\"query-input\":{\"@type\":\"PropertyValueSpecification\",\"valueRequired\":true,\"valueName\":\"search_term_string\"}}],\"inLanguage\":\"fr-FR\"},{\"@type\":\"Organization\",\"@id\":\"https:\\\/\\\/www.ntnm-bib.de\\\/#organization\",\"name\":\"ntnm-bib\",\"url\":\"https:\\\/\\\/www.ntnm-bib.de\\\/\",\"logo\":{\"@type\":\"ImageObject\",\"inLanguage\":\"fr-FR\",\"@id\":\"https:\\\/\\\/www.ntnm-bib.de\\\/#\\\/schema\\\/logo\\\/image\\\/\",\"url\":\"https:\\\/\\\/www.ntnm-bib.de\\\/wp-content\\\/uploads\\\/2025\\\/07\\\/Logo-NTNM-Bibliothek-UdS-Kombination-RGB-scaled.png\",\"contentUrl\":\"https:\\\/\\\/www.ntnm-bib.de\\\/wp-content\\\/uploads\\\/2025\\\/07\\\/Logo-NTNM-Bibliothek-UdS-Kombination-RGB-scaled.png\",\"width\":2560,\"height\":594,\"caption\":\"ntnm-bib\"},\"image\":{\"@id\":\"https:\\\/\\\/www.ntnm-bib.de\\\/#\\\/schema\\\/logo\\\/image\\\/\"}}]}<\/script>\n<!-- \/ Yoast SEO plugin. -->","yoast_head_json":{"title":"Recherche des m\u00e9dias - ntnm-bib","robots":{"index":"index","follow":"follow","max-snippet":"max-snippet:-1","max-image-preview":"max-image-preview:large","max-video-preview":"max-video-preview:-1"},"canonical":"https:\/\/www.ntnm-bib.de\/fr\/","og_locale":"fr_FR","og_type":"article","og_title":"Recherche des m\u00e9dias - ntnm-bib","og_description":"Catalogue de la biblioth\u00e8que NTNM D\u00e9but de la recherche Compte de lecteur Le catalogue r\u00e9pertorie les ressources imprim\u00e9es et \u00e9lectroniques (monographies et p\u00e9riodiques) de la biblioth\u00e8que. Portail de savoir  D\u00e9but de la recherche        Ce portail offre un grand nombre de publications","og_url":"https:\/\/www.ntnm-bib.de\/fr\/","og_site_name":"ntnm-bib","article_modified_time":"2023-06-26T11:41:45+00:00","twitter_card":"summary_large_image","twitter_misc":{"Dur\u00e9e de lecture estim\u00e9e":"1 minute"},"schema":{"@context":"https:\/\/schema.org","@graph":[{"@type":"WebPage","@id":"https:\/\/www.ntnm-bib.de\/fr\/","url":"https:\/\/www.ntnm-bib.de\/fr\/","name":"Recherche des m\u00e9dias - ntnm-bib","isPartOf":{"@id":"https:\/\/www.ntnm-bib.de\/#website"},"datePublished":"2017-06-23T08:02:22+00:00","dateModified":"2023-06-26T11:41:45+00:00","breadcrumb":{"@id":"https:\/\/www.ntnm-bib.de\/fr\/#breadcrumb"},"inLanguage":"fr-FR","potentialAction":[{"@type":"ReadAction","target":["https:\/\/www.ntnm-bib.de\/fr\/"]}]},{"@type":"BreadcrumbList","@id":"https:\/\/www.ntnm-bib.de\/fr\/#breadcrumb","itemListElement":[{"@type":"ListItem","position":1,"name":"Startseite","item":"https:\/\/www.ntnm-bib.de\/fr\/"},{"@type":"ListItem","position":2,"name":"Recherche des m\u00e9dias"}]},{"@type":"WebSite","@id":"https:\/\/www.ntnm-bib.de\/#website","url":"https:\/\/www.ntnm-bib.de\/","name":"ntnm-bib","description":"Eine weitere INM - Leibniz Institut for New Materials Websites Website","publisher":{"@id":"https:\/\/www.ntnm-bib.de\/#organization"},"potentialAction":[{"@type":"SearchAction","target":{"@type":"EntryPoint","urlTemplate":"https:\/\/www.ntnm-bib.de\/?s={search_term_string}"},"query-input":{"@type":"PropertyValueSpecification","valueRequired":true,"valueName":"search_term_string"}}],"inLanguage":"fr-FR"},{"@type":"Organization","@id":"https:\/\/www.ntnm-bib.de\/#organization","name":"ntnm-bib","url":"https:\/\/www.ntnm-bib.de\/","logo":{"@type":"ImageObject","inLanguage":"fr-FR","@id":"https:\/\/www.ntnm-bib.de\/#\/schema\/logo\/image\/","url":"https:\/\/www.ntnm-bib.de\/wp-content\/uploads\/2025\/07\/Logo-NTNM-Bibliothek-UdS-Kombination-RGB-scaled.png","contentUrl":"https:\/\/www.ntnm-bib.de\/wp-content\/uploads\/2025\/07\/Logo-NTNM-Bibliothek-UdS-Kombination-RGB-scaled.png","width":2560,"height":594,"caption":"ntnm-bib"},"image":{"@id":"https:\/\/www.ntnm-bib.de\/#\/schema\/logo\/image\/"}}]}},"_links":{"self":[{"href":"https:\/\/www.ntnm-bib.de\/fr\/wp-json\/wp\/v2\/pages\/810","targetHints":{"allow":["GET"]}}],"collection":[{"href":"https:\/\/www.ntnm-bib.de\/fr\/wp-json\/wp\/v2\/pages"}],"about":[{"href":"https:\/\/www.ntnm-bib.de\/fr\/wp-json\/wp\/v2\/types\/page"}],"author":[{"embeddable":true,"href":"https:\/\/www.ntnm-bib.de\/fr\/wp-json\/wp\/v2\/users\/3"}],"replies":[{"embeddable":true,"href":"https:\/\/www.ntnm-bib.de\/fr\/wp-json\/wp\/v2\/comments?post=810"}],"version-history":[{"count":25,"href":"https:\/\/www.ntnm-bib.de\/fr\/wp-json\/wp\/v2\/pages\/810\/revisions"}],"predecessor-version":[{"id":7056,"href":"https:\/\/www.ntnm-bib.de\/fr\/wp-json\/wp\/v2\/pages\/810\/revisions\/7056"}],"wp:attachment":[{"href":"https:\/\/www.ntnm-bib.de\/fr\/wp-json\/wp\/v2\/media?parent=810"}],"curies":[{"name":"wp","href":"https:\/\/api.w.org\/{rel}","templated":true}]}}