{"id":922,"date":"2017-06-23T15:23:10","date_gmt":"2017-06-23T13:23:10","guid":{"rendered":"http:\/\/www.ntnm-bib.de\/?page_id=922&#038;lang=fr"},"modified":"2024-01-31T09:23:58","modified_gmt":"2024-01-31T08:23:58","slug":"impressum","status":"publish","type":"page","link":"https:\/\/www.ntnm-bib.de\/fr\/impressum\/","title":{"rendered":"Mentions l\u00e9gales"},"content":{"rendered":"<p>F\u00fcr diese Webseite verantwortlich im Sinne von \u00a75 TMG ist:<\/p>\n<p><strong>INM &#8211; Leibniz-Institut f\u00fcr Neue Materialien gGmbH<br \/>\n<\/strong>Campus D2 2<br \/>\nD-66123 Saarbr\u00fccken<\/p>\n<p><strong>Vertretungsberechtigte Gesch\u00e4ftsf\u00fchrer:<br \/>\n<\/strong>Wissenschaftliche Gesch\u00e4ftsf\u00fchrerin: Prof. Dr. Ar\u00e1nzazu del Campo B\u00e9cares (Vorsitz) und Prof. Dr. Wilfried Weber<br \/>\nKaufm\u00e4nnischer Gesch\u00e4ftsf\u00fchrer: Michael Marx<br \/>\nTelefon: +49 (0)681 9300-0<br \/>\nTelefax: +49 (0)681 9300-223<br \/>\n<a href=\"http:\/\/www.leibniz-inm.de\">www.leibniz-inm.de<br \/>\n<\/a><a href=\"mailto:contact@leibniz-inm.de\">contact@leibniz-inm.de<\/a><\/p>\n<p>Gesellschafter: Universit\u00e4t des Saarlandes (51%) \/ Saarland (49%)<br \/>\nKuratoriumsvorsitzende: StS\u00b4in Elena Yorkova-Ramanauskas (Ministerium f\u00fcr Wirtschaft, Innovation, Digitales und Energie)<br \/>\nRegistergericht: Amtsgericht Saarbr\u00fccken<br \/>\nRegisternummer: HRB 8525<br \/>\nUmsatzsteueridentifikationsnummer gem\u00e4\u00df \u00a7 27 a Umsatzsteuergesetz: DE 138167776<br \/>\nStammkapital: 100.000,&#8211; \u20ac<br \/>\nInhaltlich Verantwortliche: Prof. Dr. Ar\u00e1nzazu del Campo B\u00e9cares, Prof. Dr. Wilfried Weber<\/p>\n<p><strong>Redaktion:<\/strong><br \/>\nElke Bubel<br \/>\nINM &#8211; Leibniz-Institut f\u00fcr Neue Materialien gGmbH<br \/>\nCampus D2 2<br \/>\nD-66123 Saarbr\u00fccken<br \/>\n<a href=\"mailto:elke.bubel@leibniz-inm.de\">elke.bubel@leibniz-inm.de<\/a><\/p>\n<p><strong>La traduction fr<\/strong><br \/>\nBrigitte Lestrade-Hartig<br \/>\nNTNM-Bibliothek<br \/>\nCampus C6 2<br \/>\nD-66123 Saarbr\u00fccken<br \/>\n<a href=\"mailto:lestrade@ntnm-bib.de\">lestrade@ntnm-bib.de<\/a><\/p>\n<p><strong>La traduction eng<\/strong><br \/>\nShilpa Wendland<br \/>\nNTNM-Bibliothek<br \/>\nCampus C6 2<br \/>\nD-66123 Saarbr\u00fccken<br \/>\n<a href=\"mailto:wendland@ntnm-bib.de\">wendland@ntnm-bib.de<\/a><\/p>\n<p><strong>Programmierung:<\/strong><br \/>\n<a href=\"https:\/\/fbo.de\/\" target=\"_blank\" rel=\"noopener\">FBO GmbH &#8211; Marketing und Digitales Business<br \/>\n<\/a><\/p>\n<p><strong>Grafik:<\/strong><br \/>\nSophie Hauck, Studentin der HbK Saarbr\u00fccken, <a href=\"mailto:s.hauck@hbk-saar.de\">s.hauck@hbk-saar.de<\/a><\/p>\n<p><strong>Photographie:<\/strong><br \/>\nCopyright Uwe Bellh\u00e4user, das bilderwerk<br \/>\n<a href=\"http:\/\/www.uwe-bellh\u00e4user.com\/\" target=\"_blank\" rel=\"noopener\">http:\/\/www.uwe-bellh\u00e4user.com<\/a><br \/>\nE-mail: <a href=\"mailto:mail@uwe-bellhaeuser.com\" target=\"_blank\" rel=\"noopener\">mail@uwe-bellhaeuser.com<\/a><\/p>\n<p><strong>Copyright \u00a9 2026 INM gGmbH. Alle Rechte vorbehalten.<\/strong><\/p>\n<p>Alle Photos und Illustrationen dieser Internetseiten unterliegen dem Urheberrecht \/ Copyright. Es ist nicht gestattet, sie ohne R\u00fccksprache weiterzuverwerten. Dies gilt ausdr\u00fccklich auch f\u00fcr die elektronische Weiterverwendung, auch in ge\u00e4nderter Form.<\/p>\n","protected":false},"excerpt":{"rendered":"<p>F\u00fcr diese Webseite verantwortlich im Sinne von \u00a75 TMG ist:<\/p>\n<p>INM &#8211; Leibniz-Institut f\u00fcr Neue Materialien gGmbH<br \/>\nCampus D2 2<br \/>\nD-66123 Saarbr\u00fccken<\/p>\n<p>Vertretungsberechtigte Gesch\u00e4ftsf\u00fchrer:<br \/>\nWissenschaftliche Gesch\u00e4ftsf\u00fchrerin: Prof. Dr. Ar\u00e1nzazu del Campo B\u00e9cares (Vorsitz) und Prof. Dr. Wilfried Weber<br \/>\nKaufm\u00e4nnischer Gesch\u00e4ftsf\u00fchrer: Michael Marx<br \/>\nTelefon: +49 (0)681 9300-0<br \/>\nTelefax: +49 (0)681 9300-223<br \/>\n<a href=\"http:\/\/www.leibniz-inm.de\">www.leibniz-inm.de<br \/>\n<\/a><a href=\"mailto:contact@leibniz-inm.de\">contact@leibniz-inm.de<\/a><\/p>\n<p>Gesellschafter: Universit\u00e4t des Saarlandes (51%) \/ Saarland (49%)<br \/>\nKuratoriumsvorsitzende: StS\u00b4in Elena Yorkova-Ramanauskas (Ministerium<\/p>\n","protected":false},"author":3,"featured_media":0,"parent":0,"menu_order":0,"comment_status":"closed","ping_status":"closed","template":"index-wo-sidebar.php","meta":{"_acf_changed":false,"footnotes":""},"class_list":["post-922","page","type-page","status-publish","hentry"],"acf":[],"yoast_head":"<!-- This site is optimized with the Yoast SEO plugin v27.3 - https:\/\/yoast.com\/product\/yoast-seo-wordpress\/ -->\n<title>Mentions l\u00e9gales - ntnm-bib<\/title>\n<meta name=\"robots\" content=\"noindex, nofollow\" \/>\n<meta property=\"og:locale\" content=\"fr_FR\" \/>\n<meta property=\"og:type\" content=\"article\" \/>\n<meta property=\"og:title\" content=\"Mentions l\u00e9gales - ntnm-bib\" \/>\n<meta property=\"og:description\" content=\"F\u00fcr diese Webseite verantwortlich im Sinne von \u00a75 TMG ist: INM &#8211; Leibniz-Institut f\u00fcr Neue Materialien gGmbH Campus D2 2 D-66123 Saarbr\u00fccken Vertretungsberechtigte Gesch\u00e4ftsf\u00fchrer: Wissenschaftliche Gesch\u00e4ftsf\u00fchrerin: Prof. Dr. Ar\u00e1nzazu del Campo B\u00e9cares (Vorsitz) und Prof. Dr. Wilfried Weber Kaufm\u00e4nnischer Gesch\u00e4ftsf\u00fchrer: Michael Marx Telefon: +49 (0)681 9300-0 Telefax: +49 (0)681 9300-223 www.leibniz-inm.de contact@leibniz-inm.de Gesellschafter: Universit\u00e4t des Saarlandes (51%) \/ Saarland (49%) Kuratoriumsvorsitzende: StS\u00b4in Elena Yorkova-Ramanauskas (Ministerium\" \/>\n<meta property=\"og:url\" content=\"https:\/\/www.ntnm-bib.de\/fr\/impressum\/\" \/>\n<meta property=\"og:site_name\" content=\"ntnm-bib\" \/>\n<meta property=\"article:modified_time\" content=\"2024-01-31T08:23:58+00:00\" \/>\n<meta name=\"twitter:card\" content=\"summary_large_image\" \/>\n<meta name=\"twitter:label1\" content=\"Dur\u00e9e de lecture estim\u00e9e\" \/>\n\t<meta name=\"twitter:data1\" content=\"2 minutes\" \/>\n<script type=\"application\/ld+json\" class=\"yoast-schema-graph\">{\"@context\":\"https:\\\/\\\/schema.org\",\"@graph\":[{\"@type\":\"WebPage\",\"@id\":\"https:\\\/\\\/www.ntnm-bib.de\\\/fr\\\/impressum\\\/\",\"url\":\"https:\\\/\\\/www.ntnm-bib.de\\\/fr\\\/impressum\\\/\",\"name\":\"Mentions l\u00e9gales - ntnm-bib\",\"isPartOf\":{\"@id\":\"https:\\\/\\\/www.ntnm-bib.de\\\/#website\"},\"datePublished\":\"2017-06-23T13:23:10+00:00\",\"dateModified\":\"2024-01-31T08:23:58+00:00\",\"breadcrumb\":{\"@id\":\"https:\\\/\\\/www.ntnm-bib.de\\\/fr\\\/impressum\\\/#breadcrumb\"},\"inLanguage\":\"fr-FR\",\"potentialAction\":[{\"@type\":\"ReadAction\",\"target\":[\"https:\\\/\\\/www.ntnm-bib.de\\\/fr\\\/impressum\\\/\"]}]},{\"@type\":\"BreadcrumbList\",\"@id\":\"https:\\\/\\\/www.ntnm-bib.de\\\/fr\\\/impressum\\\/#breadcrumb\",\"itemListElement\":[{\"@type\":\"ListItem\",\"position\":1,\"name\":\"Startseite\",\"item\":\"https:\\\/\\\/www.ntnm-bib.de\\\/fr\\\/\"},{\"@type\":\"ListItem\",\"position\":2,\"name\":\"Mentions l\u00e9gales\"}]},{\"@type\":\"WebSite\",\"@id\":\"https:\\\/\\\/www.ntnm-bib.de\\\/#website\",\"url\":\"https:\\\/\\\/www.ntnm-bib.de\\\/\",\"name\":\"ntnm-bib\",\"description\":\"Eine weitere INM - Leibniz Institut for New Materials Websites Website\",\"publisher\":{\"@id\":\"https:\\\/\\\/www.ntnm-bib.de\\\/#organization\"},\"potentialAction\":[{\"@type\":\"SearchAction\",\"target\":{\"@type\":\"EntryPoint\",\"urlTemplate\":\"https:\\\/\\\/www.ntnm-bib.de\\\/?s={search_term_string}\"},\"query-input\":{\"@type\":\"PropertyValueSpecification\",\"valueRequired\":true,\"valueName\":\"search_term_string\"}}],\"inLanguage\":\"fr-FR\"},{\"@type\":\"Organization\",\"@id\":\"https:\\\/\\\/www.ntnm-bib.de\\\/#organization\",\"name\":\"ntnm-bib\",\"url\":\"https:\\\/\\\/www.ntnm-bib.de\\\/\",\"logo\":{\"@type\":\"ImageObject\",\"inLanguage\":\"fr-FR\",\"@id\":\"https:\\\/\\\/www.ntnm-bib.de\\\/#\\\/schema\\\/logo\\\/image\\\/\",\"url\":\"https:\\\/\\\/www.ntnm-bib.de\\\/wp-content\\\/uploads\\\/2025\\\/07\\\/Logo-NTNM-Bibliothek-UdS-Kombination-RGB-scaled.png\",\"contentUrl\":\"https:\\\/\\\/www.ntnm-bib.de\\\/wp-content\\\/uploads\\\/2025\\\/07\\\/Logo-NTNM-Bibliothek-UdS-Kombination-RGB-scaled.png\",\"width\":2560,\"height\":594,\"caption\":\"ntnm-bib\"},\"image\":{\"@id\":\"https:\\\/\\\/www.ntnm-bib.de\\\/#\\\/schema\\\/logo\\\/image\\\/\"}}]}<\/script>\n<!-- \/ Yoast SEO plugin. -->","yoast_head_json":{"title":"Mentions l\u00e9gales - ntnm-bib","robots":{"index":"noindex","follow":"nofollow"},"og_locale":"fr_FR","og_type":"article","og_title":"Mentions l\u00e9gales - ntnm-bib","og_description":"F\u00fcr diese Webseite verantwortlich im Sinne von \u00a75 TMG ist: INM &#8211; Leibniz-Institut f\u00fcr Neue Materialien gGmbH Campus D2 2 D-66123 Saarbr\u00fccken Vertretungsberechtigte Gesch\u00e4ftsf\u00fchrer: Wissenschaftliche Gesch\u00e4ftsf\u00fchrerin: Prof. Dr. Ar\u00e1nzazu del Campo B\u00e9cares (Vorsitz) und Prof. Dr. Wilfried Weber Kaufm\u00e4nnischer Gesch\u00e4ftsf\u00fchrer: Michael Marx Telefon: +49 (0)681 9300-0 Telefax: +49 (0)681 9300-223 www.leibniz-inm.de contact@leibniz-inm.de Gesellschafter: Universit\u00e4t des Saarlandes (51%) \/ Saarland (49%) Kuratoriumsvorsitzende: StS\u00b4in Elena Yorkova-Ramanauskas (Ministerium","og_url":"https:\/\/www.ntnm-bib.de\/fr\/impressum\/","og_site_name":"ntnm-bib","article_modified_time":"2024-01-31T08:23:58+00:00","twitter_card":"summary_large_image","twitter_misc":{"Dur\u00e9e de lecture estim\u00e9e":"2 minutes"},"schema":{"@context":"https:\/\/schema.org","@graph":[{"@type":"WebPage","@id":"https:\/\/www.ntnm-bib.de\/fr\/impressum\/","url":"https:\/\/www.ntnm-bib.de\/fr\/impressum\/","name":"Mentions l\u00e9gales - ntnm-bib","isPartOf":{"@id":"https:\/\/www.ntnm-bib.de\/#website"},"datePublished":"2017-06-23T13:23:10+00:00","dateModified":"2024-01-31T08:23:58+00:00","breadcrumb":{"@id":"https:\/\/www.ntnm-bib.de\/fr\/impressum\/#breadcrumb"},"inLanguage":"fr-FR","potentialAction":[{"@type":"ReadAction","target":["https:\/\/www.ntnm-bib.de\/fr\/impressum\/"]}]},{"@type":"BreadcrumbList","@id":"https:\/\/www.ntnm-bib.de\/fr\/impressum\/#breadcrumb","itemListElement":[{"@type":"ListItem","position":1,"name":"Startseite","item":"https:\/\/www.ntnm-bib.de\/fr\/"},{"@type":"ListItem","position":2,"name":"Mentions l\u00e9gales"}]},{"@type":"WebSite","@id":"https:\/\/www.ntnm-bib.de\/#website","url":"https:\/\/www.ntnm-bib.de\/","name":"ntnm-bib","description":"Eine weitere INM - Leibniz Institut for New Materials Websites Website","publisher":{"@id":"https:\/\/www.ntnm-bib.de\/#organization"},"potentialAction":[{"@type":"SearchAction","target":{"@type":"EntryPoint","urlTemplate":"https:\/\/www.ntnm-bib.de\/?s={search_term_string}"},"query-input":{"@type":"PropertyValueSpecification","valueRequired":true,"valueName":"search_term_string"}}],"inLanguage":"fr-FR"},{"@type":"Organization","@id":"https:\/\/www.ntnm-bib.de\/#organization","name":"ntnm-bib","url":"https:\/\/www.ntnm-bib.de\/","logo":{"@type":"ImageObject","inLanguage":"fr-FR","@id":"https:\/\/www.ntnm-bib.de\/#\/schema\/logo\/image\/","url":"https:\/\/www.ntnm-bib.de\/wp-content\/uploads\/2025\/07\/Logo-NTNM-Bibliothek-UdS-Kombination-RGB-scaled.png","contentUrl":"https:\/\/www.ntnm-bib.de\/wp-content\/uploads\/2025\/07\/Logo-NTNM-Bibliothek-UdS-Kombination-RGB-scaled.png","width":2560,"height":594,"caption":"ntnm-bib"},"image":{"@id":"https:\/\/www.ntnm-bib.de\/#\/schema\/logo\/image\/"}}]}},"_links":{"self":[{"href":"https:\/\/www.ntnm-bib.de\/fr\/wp-json\/wp\/v2\/pages\/922","targetHints":{"allow":["GET"]}}],"collection":[{"href":"https:\/\/www.ntnm-bib.de\/fr\/wp-json\/wp\/v2\/pages"}],"about":[{"href":"https:\/\/www.ntnm-bib.de\/fr\/wp-json\/wp\/v2\/types\/page"}],"author":[{"embeddable":true,"href":"https:\/\/www.ntnm-bib.de\/fr\/wp-json\/wp\/v2\/users\/3"}],"replies":[{"embeddable":true,"href":"https:\/\/www.ntnm-bib.de\/fr\/wp-json\/wp\/v2\/comments?post=922"}],"version-history":[{"count":17,"href":"https:\/\/www.ntnm-bib.de\/fr\/wp-json\/wp\/v2\/pages\/922\/revisions"}],"predecessor-version":[{"id":8738,"href":"https:\/\/www.ntnm-bib.de\/fr\/wp-json\/wp\/v2\/pages\/922\/revisions\/8738"}],"wp:attachment":[{"href":"https:\/\/www.ntnm-bib.de\/fr\/wp-json\/wp\/v2\/media?parent=922"}],"curies":[{"name":"wp","href":"https:\/\/api.w.org\/{rel}","templated":true}]}}