{"id":9986,"date":"2025-08-29T11:45:21","date_gmt":"2025-08-29T09:45:21","guid":{"rendered":"https:\/\/www.ntnm-bib.de\/?page_id=9986"},"modified":"2025-08-29T11:45:59","modified_gmt":"2025-08-29T09:45:59","slug":"espace-familial-a-la-bibliotheque-ntnm","status":"publish","type":"page","link":"https:\/\/www.ntnm-bib.de\/fr\/renseignements-services\/espace-familial-a-la-bibliotheque-ntnm\/","title":{"rendered":"Espace familial \u00e0 la biblioth\u00e8que NTNM"},"content":{"rendered":"<p><img loading=\"lazy\" decoding=\"async\" class=\" wp-image-9258 alignleft\" src=\"https:\/\/www.ntnm-bib.de\/wp-content\/uploads\/2024\/10\/EKB5.jpg\" alt=\"\" width=\"185\" height=\"139\" srcset=\"https:\/\/www.ntnm-bib.de\/wp-content\/uploads\/2024\/10\/EKB5.jpg 640w, https:\/\/www.ntnm-bib.de\/wp-content\/uploads\/2024\/10\/EKB5-300x225.jpg 300w\" sizes=\"auto, (max-width: 185px) 100vw, 185px\" \/>L&rsquo;espace familial de la biblioth\u00e8que NTNM est l&rsquo;une des cinq salles r\u00e9serv\u00e9es aux familles sur le Campus de l&rsquo;Universit\u00e9 de la Sarre. La salle est ouverte \u00e0 tous les \u00e9tudiants et membres de l&rsquo;Universit\u00e9 accompagn\u00e9s de leurs enfants. Elle se trouve au 1er \u00e9tage de la biblioth\u00e8que NTNM (Campus C6 2, salle 1.02), \u00e0 proximit\u00e9 imm\u00e9diate de l&rsquo;ascenseur. Au sous-sol de la biblioth\u00e8que (U.16), une table \u00e0 langer est \u00e9galement \u00e0 votre disposition pour les b\u00e9b\u00e9s. Si vous avez besoin de faire garder votre enfant pour une courte dur\u00e9e, nous vous aiderons volontiers \u00e0 trouver une solution via le service de baby-sitting en ligne de l&rsquo;Universit\u00e9 de la  Sarre. L&rsquo;utilisation de l&rsquo;espace familial est soumise \u00e0 l&rsquo;acceptation du r\u00e8glement d&rsquo;utilisation des espaces familiaux de l&rsquo;Universit\u00e9 de la Sarre.<\/p>\n<h4>Plus d&rsquo;informations<\/h4>\n<ul>\n<li>R\u00e8glement g\u00e9n\u00e9ral d&rsquo;utilisation des espaces familiaux de l&rsquo;Universit\u00e9 de la Sarre<\/li>\n<li>R\u00e8glement d&rsquo;utilisation de l&rsquo;espace familial de la biblioth\u00e8que NTNM<\/li>\n<li>Service de baby-sitting de l&rsquo;Universit\u00e9 de la Sarre<\/li>\n<li>Demande de remboursement dans le cadre du projet \u00ab Garde de courte dur\u00e9e \u00bb<\/li>\n<li>Service pour l&rsquo;\u00e9galit\u00e9 des chances et la gestion de la diversit\u00e9 de l&rsquo;Universit\u00e9 de la Sarre \/ Bureau des familles<\/li>\n<\/ul>\n<h4>Responsable:<\/h4>\n<p><strong>Larisa Cvejic<\/strong><br \/>\n0681\/302-2467<br \/>\n<a href=\"mailto:cvejic@ntnm-bib.de\">cvejic@ntnm-bib.de<\/a><\/p>\n<p><img loading=\"lazy\" decoding=\"async\" class=\" wp-image-7199 alignright\" src=\"https:\/\/www.ntnm-bib.de\/wp-content\/uploads\/2022\/08\/cropped-L4F_trans-1.png\" alt=\"\" width=\"90\" height=\"90\" \/><\/p>\n<p><img loading=\"lazy\" decoding=\"async\" class=\"alignright width=\" src=\"https:\/\/www.ntnm-bib.de\/wp-content\/uploads\/2022\/08\/SDG-icon-DE-04.jpg\" alt=\"\" width=\"90\" height=\"90\" \/><br \/>\nLe personnel de la biblioth\u00e8que NTNM s&rsquo;engage \u00e0 respecter les objectifs de d\u00e9veloppement durable de l&rsquo;Agenda 2030 ainsi que les pr\u00e9ceptes de Libraries for Future.<\/p>\n","protected":false},"excerpt":{"rendered":"<p>L&rsquo;espace familial de la biblioth\u00e8que NTNM est l&rsquo;une des cinq salles r\u00e9serv\u00e9es aux familles sur le Campus de l&rsquo;Universit\u00e9 de la Sarre. La salle est ouverte \u00e0 tous les \u00e9tudiants et membres de l&rsquo;Universit\u00e9 accompagn\u00e9s de leurs enfants. Elle se trouve au 1er \u00e9tage de la biblioth\u00e8que NTNM (Campus C6 2, salle 1.02), \u00e0 proximit\u00e9<\/p>\n","protected":false},"author":3,"featured_media":0,"parent":829,"menu_order":5,"comment_status":"closed","ping_status":"closed","template":"","meta":{"_acf_changed":false,"footnotes":""},"class_list":["post-9986","page","type-page","status-publish","hentry"],"acf":[],"yoast_head":"<!-- This site is optimized with the Yoast SEO plugin v27.3 - https:\/\/yoast.com\/product\/yoast-seo-wordpress\/ -->\n<title>Espace familial \u00e0 la biblioth\u00e8que NTNM - ntnm-bib<\/title>\n<meta name=\"robots\" content=\"index, follow, max-snippet:-1, max-image-preview:large, max-video-preview:-1\" \/>\n<link rel=\"canonical\" href=\"https:\/\/www.ntnm-bib.de\/fr\/renseignements-services\/espace-familial-a-la-bibliotheque-ntnm\/\" \/>\n<meta property=\"og:locale\" content=\"fr_FR\" \/>\n<meta property=\"og:type\" content=\"article\" \/>\n<meta property=\"og:title\" content=\"Espace familial \u00e0 la biblioth\u00e8que NTNM - ntnm-bib\" \/>\n<meta property=\"og:description\" content=\"L&rsquo;espace familial de la biblioth\u00e8que NTNM est l&rsquo;une des cinq salles r\u00e9serv\u00e9es aux familles sur le Campus de l&rsquo;Universit\u00e9 de la Sarre. La salle est ouverte \u00e0 tous les \u00e9tudiants et membres de l&rsquo;Universit\u00e9 accompagn\u00e9s de leurs enfants. Elle se trouve au 1er \u00e9tage de la biblioth\u00e8que NTNM (Campus C6 2, salle 1.02), \u00e0 proximit\u00e9\" \/>\n<meta property=\"og:url\" content=\"https:\/\/www.ntnm-bib.de\/fr\/renseignements-services\/espace-familial-a-la-bibliotheque-ntnm\/\" \/>\n<meta property=\"og:site_name\" content=\"ntnm-bib\" \/>\n<meta property=\"article:modified_time\" content=\"2025-08-29T09:45:59+00:00\" \/>\n<meta property=\"og:image\" content=\"https:\/\/www.ntnm-bib.de\/wp-content\/uploads\/2024\/10\/EKB5.jpg\" \/>\n\t<meta property=\"og:image:width\" content=\"640\" \/>\n\t<meta property=\"og:image:height\" content=\"480\" \/>\n\t<meta property=\"og:image:type\" content=\"image\/jpeg\" \/>\n<meta name=\"twitter:card\" content=\"summary_large_image\" \/>\n<meta name=\"twitter:label1\" content=\"Dur\u00e9e de lecture estim\u00e9e\" \/>\n\t<meta name=\"twitter:data1\" content=\"2 minutes\" \/>\n<script type=\"application\/ld+json\" class=\"yoast-schema-graph\">{\"@context\":\"https:\\\/\\\/schema.org\",\"@graph\":[{\"@type\":\"WebPage\",\"@id\":\"https:\\\/\\\/www.ntnm-bib.de\\\/fr\\\/renseignements-services\\\/espace-familial-a-la-bibliotheque-ntnm\\\/\",\"url\":\"https:\\\/\\\/www.ntnm-bib.de\\\/fr\\\/renseignements-services\\\/espace-familial-a-la-bibliotheque-ntnm\\\/\",\"name\":\"Espace familial \u00e0 la biblioth\u00e8que NTNM - ntnm-bib\",\"isPartOf\":{\"@id\":\"https:\\\/\\\/www.ntnm-bib.de\\\/#website\"},\"primaryImageOfPage\":{\"@id\":\"https:\\\/\\\/www.ntnm-bib.de\\\/fr\\\/renseignements-services\\\/espace-familial-a-la-bibliotheque-ntnm\\\/#primaryimage\"},\"image\":{\"@id\":\"https:\\\/\\\/www.ntnm-bib.de\\\/fr\\\/renseignements-services\\\/espace-familial-a-la-bibliotheque-ntnm\\\/#primaryimage\"},\"thumbnailUrl\":\"https:\\\/\\\/www.ntnm-bib.de\\\/wp-content\\\/uploads\\\/2024\\\/10\\\/EKB5.jpg\",\"datePublished\":\"2025-08-29T09:45:21+00:00\",\"dateModified\":\"2025-08-29T09:45:59+00:00\",\"breadcrumb\":{\"@id\":\"https:\\\/\\\/www.ntnm-bib.de\\\/fr\\\/renseignements-services\\\/espace-familial-a-la-bibliotheque-ntnm\\\/#breadcrumb\"},\"inLanguage\":\"fr-FR\",\"potentialAction\":[{\"@type\":\"ReadAction\",\"target\":[\"https:\\\/\\\/www.ntnm-bib.de\\\/fr\\\/renseignements-services\\\/espace-familial-a-la-bibliotheque-ntnm\\\/\"]}]},{\"@type\":\"ImageObject\",\"inLanguage\":\"fr-FR\",\"@id\":\"https:\\\/\\\/www.ntnm-bib.de\\\/fr\\\/renseignements-services\\\/espace-familial-a-la-bibliotheque-ntnm\\\/#primaryimage\",\"url\":\"https:\\\/\\\/www.ntnm-bib.de\\\/wp-content\\\/uploads\\\/2024\\\/10\\\/EKB5.jpg\",\"contentUrl\":\"https:\\\/\\\/www.ntnm-bib.de\\\/wp-content\\\/uploads\\\/2024\\\/10\\\/EKB5.jpg\"},{\"@type\":\"BreadcrumbList\",\"@id\":\"https:\\\/\\\/www.ntnm-bib.de\\\/fr\\\/renseignements-services\\\/espace-familial-a-la-bibliotheque-ntnm\\\/#breadcrumb\",\"itemListElement\":[{\"@type\":\"ListItem\",\"position\":1,\"name\":\"Startseite\",\"item\":\"https:\\\/\\\/www.ntnm-bib.de\\\/fr\\\/\"},{\"@type\":\"ListItem\",\"position\":2,\"name\":\"Information &#038; Services\",\"item\":\"https:\\\/\\\/www.ntnm-bib.de\\\/fr\\\/renseignements-services\\\/\"},{\"@type\":\"ListItem\",\"position\":3,\"name\":\"Espace familial \u00e0 la biblioth\u00e8que NTNM\"}]},{\"@type\":\"WebSite\",\"@id\":\"https:\\\/\\\/www.ntnm-bib.de\\\/#website\",\"url\":\"https:\\\/\\\/www.ntnm-bib.de\\\/\",\"name\":\"ntnm-bib\",\"description\":\"Eine weitere INM - Leibniz Institut for New Materials Websites Website\",\"publisher\":{\"@id\":\"https:\\\/\\\/www.ntnm-bib.de\\\/#organization\"},\"potentialAction\":[{\"@type\":\"SearchAction\",\"target\":{\"@type\":\"EntryPoint\",\"urlTemplate\":\"https:\\\/\\\/www.ntnm-bib.de\\\/?s={search_term_string}\"},\"query-input\":{\"@type\":\"PropertyValueSpecification\",\"valueRequired\":true,\"valueName\":\"search_term_string\"}}],\"inLanguage\":\"fr-FR\"},{\"@type\":\"Organization\",\"@id\":\"https:\\\/\\\/www.ntnm-bib.de\\\/#organization\",\"name\":\"ntnm-bib\",\"url\":\"https:\\\/\\\/www.ntnm-bib.de\\\/\",\"logo\":{\"@type\":\"ImageObject\",\"inLanguage\":\"fr-FR\",\"@id\":\"https:\\\/\\\/www.ntnm-bib.de\\\/#\\\/schema\\\/logo\\\/image\\\/\",\"url\":\"https:\\\/\\\/www.ntnm-bib.de\\\/wp-content\\\/uploads\\\/2025\\\/07\\\/Logo-NTNM-Bibliothek-UdS-Kombination-RGB-scaled.png\",\"contentUrl\":\"https:\\\/\\\/www.ntnm-bib.de\\\/wp-content\\\/uploads\\\/2025\\\/07\\\/Logo-NTNM-Bibliothek-UdS-Kombination-RGB-scaled.png\",\"width\":2560,\"height\":594,\"caption\":\"ntnm-bib\"},\"image\":{\"@id\":\"https:\\\/\\\/www.ntnm-bib.de\\\/#\\\/schema\\\/logo\\\/image\\\/\"}}]}<\/script>\n<!-- \/ Yoast SEO plugin. -->","yoast_head_json":{"title":"Espace familial \u00e0 la biblioth\u00e8que NTNM - ntnm-bib","robots":{"index":"index","follow":"follow","max-snippet":"max-snippet:-1","max-image-preview":"max-image-preview:large","max-video-preview":"max-video-preview:-1"},"canonical":"https:\/\/www.ntnm-bib.de\/fr\/renseignements-services\/espace-familial-a-la-bibliotheque-ntnm\/","og_locale":"fr_FR","og_type":"article","og_title":"Espace familial \u00e0 la biblioth\u00e8que NTNM - ntnm-bib","og_description":"L&rsquo;espace familial de la biblioth\u00e8que NTNM est l&rsquo;une des cinq salles r\u00e9serv\u00e9es aux familles sur le Campus de l&rsquo;Universit\u00e9 de la Sarre. La salle est ouverte \u00e0 tous les \u00e9tudiants et membres de l&rsquo;Universit\u00e9 accompagn\u00e9s de leurs enfants. Elle se trouve au 1er \u00e9tage de la biblioth\u00e8que NTNM (Campus C6 2, salle 1.02), \u00e0 proximit\u00e9","og_url":"https:\/\/www.ntnm-bib.de\/fr\/renseignements-services\/espace-familial-a-la-bibliotheque-ntnm\/","og_site_name":"ntnm-bib","article_modified_time":"2025-08-29T09:45:59+00:00","og_image":[{"width":640,"height":480,"url":"https:\/\/www.ntnm-bib.de\/wp-content\/uploads\/2024\/10\/EKB5.jpg","type":"image\/jpeg"}],"twitter_card":"summary_large_image","twitter_misc":{"Dur\u00e9e de lecture estim\u00e9e":"2 minutes"},"schema":{"@context":"https:\/\/schema.org","@graph":[{"@type":"WebPage","@id":"https:\/\/www.ntnm-bib.de\/fr\/renseignements-services\/espace-familial-a-la-bibliotheque-ntnm\/","url":"https:\/\/www.ntnm-bib.de\/fr\/renseignements-services\/espace-familial-a-la-bibliotheque-ntnm\/","name":"Espace familial \u00e0 la biblioth\u00e8que NTNM - ntnm-bib","isPartOf":{"@id":"https:\/\/www.ntnm-bib.de\/#website"},"primaryImageOfPage":{"@id":"https:\/\/www.ntnm-bib.de\/fr\/renseignements-services\/espace-familial-a-la-bibliotheque-ntnm\/#primaryimage"},"image":{"@id":"https:\/\/www.ntnm-bib.de\/fr\/renseignements-services\/espace-familial-a-la-bibliotheque-ntnm\/#primaryimage"},"thumbnailUrl":"https:\/\/www.ntnm-bib.de\/wp-content\/uploads\/2024\/10\/EKB5.jpg","datePublished":"2025-08-29T09:45:21+00:00","dateModified":"2025-08-29T09:45:59+00:00","breadcrumb":{"@id":"https:\/\/www.ntnm-bib.de\/fr\/renseignements-services\/espace-familial-a-la-bibliotheque-ntnm\/#breadcrumb"},"inLanguage":"fr-FR","potentialAction":[{"@type":"ReadAction","target":["https:\/\/www.ntnm-bib.de\/fr\/renseignements-services\/espace-familial-a-la-bibliotheque-ntnm\/"]}]},{"@type":"ImageObject","inLanguage":"fr-FR","@id":"https:\/\/www.ntnm-bib.de\/fr\/renseignements-services\/espace-familial-a-la-bibliotheque-ntnm\/#primaryimage","url":"https:\/\/www.ntnm-bib.de\/wp-content\/uploads\/2024\/10\/EKB5.jpg","contentUrl":"https:\/\/www.ntnm-bib.de\/wp-content\/uploads\/2024\/10\/EKB5.jpg"},{"@type":"BreadcrumbList","@id":"https:\/\/www.ntnm-bib.de\/fr\/renseignements-services\/espace-familial-a-la-bibliotheque-ntnm\/#breadcrumb","itemListElement":[{"@type":"ListItem","position":1,"name":"Startseite","item":"https:\/\/www.ntnm-bib.de\/fr\/"},{"@type":"ListItem","position":2,"name":"Information &#038; Services","item":"https:\/\/www.ntnm-bib.de\/fr\/renseignements-services\/"},{"@type":"ListItem","position":3,"name":"Espace familial \u00e0 la biblioth\u00e8que NTNM"}]},{"@type":"WebSite","@id":"https:\/\/www.ntnm-bib.de\/#website","url":"https:\/\/www.ntnm-bib.de\/","name":"ntnm-bib","description":"Eine weitere INM - Leibniz Institut for New Materials Websites Website","publisher":{"@id":"https:\/\/www.ntnm-bib.de\/#organization"},"potentialAction":[{"@type":"SearchAction","target":{"@type":"EntryPoint","urlTemplate":"https:\/\/www.ntnm-bib.de\/?s={search_term_string}"},"query-input":{"@type":"PropertyValueSpecification","valueRequired":true,"valueName":"search_term_string"}}],"inLanguage":"fr-FR"},{"@type":"Organization","@id":"https:\/\/www.ntnm-bib.de\/#organization","name":"ntnm-bib","url":"https:\/\/www.ntnm-bib.de\/","logo":{"@type":"ImageObject","inLanguage":"fr-FR","@id":"https:\/\/www.ntnm-bib.de\/#\/schema\/logo\/image\/","url":"https:\/\/www.ntnm-bib.de\/wp-content\/uploads\/2025\/07\/Logo-NTNM-Bibliothek-UdS-Kombination-RGB-scaled.png","contentUrl":"https:\/\/www.ntnm-bib.de\/wp-content\/uploads\/2025\/07\/Logo-NTNM-Bibliothek-UdS-Kombination-RGB-scaled.png","width":2560,"height":594,"caption":"ntnm-bib"},"image":{"@id":"https:\/\/www.ntnm-bib.de\/#\/schema\/logo\/image\/"}}]}},"_links":{"self":[{"href":"https:\/\/www.ntnm-bib.de\/fr\/wp-json\/wp\/v2\/pages\/9986","targetHints":{"allow":["GET"]}}],"collection":[{"href":"https:\/\/www.ntnm-bib.de\/fr\/wp-json\/wp\/v2\/pages"}],"about":[{"href":"https:\/\/www.ntnm-bib.de\/fr\/wp-json\/wp\/v2\/types\/page"}],"author":[{"embeddable":true,"href":"https:\/\/www.ntnm-bib.de\/fr\/wp-json\/wp\/v2\/users\/3"}],"replies":[{"embeddable":true,"href":"https:\/\/www.ntnm-bib.de\/fr\/wp-json\/wp\/v2\/comments?post=9986"}],"version-history":[{"count":5,"href":"https:\/\/www.ntnm-bib.de\/fr\/wp-json\/wp\/v2\/pages\/9986\/revisions"}],"predecessor-version":[{"id":9991,"href":"https:\/\/www.ntnm-bib.de\/fr\/wp-json\/wp\/v2\/pages\/9986\/revisions\/9991"}],"up":[{"embeddable":true,"href":"https:\/\/www.ntnm-bib.de\/fr\/wp-json\/wp\/v2\/pages\/829"}],"wp:attachment":[{"href":"https:\/\/www.ntnm-bib.de\/fr\/wp-json\/wp\/v2\/media?parent=9986"}],"curies":[{"name":"wp","href":"https:\/\/api.w.org\/{rel}","templated":true}]}}